{"id":95962,"date":"2025-04-19T18:53:55","date_gmt":"2025-04-19T18:53:55","guid":{"rendered":"https:\/\/ruumistruumi.ee\/?post_type=product&#038;p=95962"},"modified":"2025-08-21T08:18:33","modified_gmt":"2025-08-21T08:18:33","slug":"lemmiklooma-reisipudel-dogness-d02","status":"publish","type":"product","link":"https:\/\/blankpage.ee\/_ruumist-ruumi\/pood\/lemmiklooma-reisipudel-dogness-d02\/","title":{"rendered":"Lemmiklooma veepudel Dogness D02, 400 ml, sinine"},"content":{"rendered":"<h3>Lemmiklooma veepudel Dogness D02 (sinine)<\/h3>\n<p>Lemmiklooma veepudel Dogness D02 sobib ideaalselt neile, kes soovivad pakkuda oma koerale v\u00f5i kassile alati v\u00e4rsket joogivett nii jalutusk\u00e4ikudel, matkadel kui ka reisidel. Mugav lekkekindel disain v\u00f5imaldab pudelit lihtsalt kaasa v\u00f5tta \u2013 see mahub h\u00e4sti nii kotti kui ka seljakotti.<\/p>\n<p>Veepudel on valmistatud vastupidavast ABS- ja PET-materjalist, mis on ohutu sinu lemmikule. 400 ml mahutavus tagab piisava veevaru ka pikemate v\u00e4ljas\u00f5itude ajal. \u00dclaosas paiknev ergonoomiline joogin\u00f5u muudab vee pakkumise lihtsaks ning veevool on reguleeritav lukustusmehhanismiga, et ennetada vee lekkimist.<\/p>\n<p>\n    <img decoding=\"async\" border=\"0\" src=\"https:\/\/blankpage.ee\/_ruumist-ruumi\/wp-content\/uploads\/2025\/04\/2-551.webp\" alt=\"Lemmiklooma veepudel Dogness D02, sinine, joogin\u00f5uga\"\/>\n<\/p>\n<div class=\"table-wrapper\">\n<table>\n<tbody>\n<tr>\n<th>Tootja<\/th>\n<td>Dogness<\/td>\n<\/tr>\n<tr>\n<th>Mudel<\/th>\n<td>D02<\/td>\n<\/tr>\n<tr>\n<th>Maht<\/th>\n<td>400 ml<\/td>\n<\/tr>\n<tr>\n<th>L\u00e4bim\u00f5\u00f5t<\/th>\n<td>67 mm<\/td>\n<\/tr>\n<tr>\n<th>Pikkus<\/th>\n<td>265 mm<\/td>\n<\/tr>\n<tr>\n<th>Materjal<\/th>\n<td>ABS\/PET<\/td>\n<\/tr>\n<tr>\n<th>V\u00e4rvus<\/th>\n<td>Sinine<\/td>\n<\/tr>\n<\/tbody>\n<\/table>\n<\/div>\n","protected":false},"excerpt":{"rendered":"<p>Lemmiklooma veepudel Dogness D02 (sinine) Lemmiklooma veepudel Dogness D02 sobib ideaalselt neile, kes soovivad pakkuda oma koerale v\u00f5i kassile alati v\u00e4rsket joogivett nii jalutusk\u00e4ikudel, matkadel kui ka reisidel. Mugav lekkekindel disain v\u00f5imaldab pudelit lihtsalt kaasa v\u00f5tta \u2013 see mahub h\u00e4sti nii kotti kui ka seljakotti. Veepudel on valmistatud vastupidavast ABS- ja PET-materjalist, mis on ohutu [&hellip;]<\/p>\n","protected":false},"featured_media":174582,"comment_status":"open","ping_status":"open","template":"","meta":[],"product_brand":[3116],"product_cat":[1262],"product_tag":[],"class_list":{"0":"post-95962","1":"product","2":"type-product","3":"status-publish","4":"has-post-thumbnail","6":"product_brand-dogness","7":"product_cat-lemmiklooma-transport-ja-jalutusrihmad","8":"product_shipping_class-innpro","10":"first","11":"instock","12":"sale","13":"taxable","14":"shipping-taxable","15":"purchasable","16":"product-type-simple"},"_links":{"self":[{"href":"https:\/\/blankpage.ee\/_ruumist-ruumi\/wp-json\/wp\/v2\/product\/95962","targetHints":{"allow":["GET"]}}],"collection":[{"href":"https:\/\/blankpage.ee\/_ruumist-ruumi\/wp-json\/wp\/v2\/product"}],"about":[{"href":"https:\/\/blankpage.ee\/_ruumist-ruumi\/wp-json\/wp\/v2\/types\/product"}],"replies":[{"embeddable":true,"href":"https:\/\/blankpage.ee\/_ruumist-ruumi\/wp-json\/wp\/v2\/comments?post=95962"}],"wp:featuredmedia":[{"embeddable":true,"href":"https:\/\/blankpage.ee\/_ruumist-ruumi\/wp-json\/wp\/v2\/media\/174582"}],"wp:attachment":[{"href":"https:\/\/blankpage.ee\/_ruumist-ruumi\/wp-json\/wp\/v2\/media?parent=95962"}],"wp:term":[{"taxonomy":"product_brand","embeddable":true,"href":"https:\/\/blankpage.ee\/_ruumist-ruumi\/wp-json\/wp\/v2\/product_brand?post=95962"},{"taxonomy":"product_cat","embeddable":true,"href":"https:\/\/blankpage.ee\/_ruumist-ruumi\/wp-json\/wp\/v2\/product_cat?post=95962"},{"taxonomy":"product_tag","embeddable":true,"href":"https:\/\/blankpage.ee\/_ruumist-ruumi\/wp-json\/wp\/v2\/product_tag?post=95962"}],"curies":[{"name":"wp","href":"https:\/\/api.w.org\/{rel}","templated":true}]}}