{"id":95966,"date":"2025-04-19T18:57:06","date_gmt":"2025-04-19T18:57:06","guid":{"rendered":"https:\/\/ruumistruumi.ee\/?post_type=product&#038;p=95966"},"modified":"2025-08-21T08:18:33","modified_gmt":"2025-08-21T08:18:33","slug":"helkiv-kaelarihm-dogness-suurus-xs-must-20-30-5-cm","status":"publish","type":"product","link":"https:\/\/blankpage.ee\/_ruumist-ruumi\/pood\/helkiv-kaelarihm-dogness-suurus-xs-must-20-30-5-cm\/","title":{"rendered":"Helkuriga koerarihm Dogness XS must (nailon, alumiinium)"},"content":{"rendered":"<h3>Helkuriga koerarihm Dogness XS must (nailon, alumiinium)<\/h3>\n<p>Dogness XS helkuriga koerarihm aitab muuta sinu lemmiklooma jalutusk\u00e4igud turvalisemaks ka h\u00e4maras v\u00f5i pimedal ajal. Peegeldav riba parandab n\u00e4htavust, v\u00f5imaldades koera paremini m\u00e4rgata nii autojuhtidel kui ka teistel m\u00f6\u00f6dujatel.<\/p>\n<p>Koerarihm on valmistatud vastupidavast nailonist ning pehmest Nappa-nahast, mis tagab mugavuse ja nahas\u00f5bralikkuse. Tugev alumiiniumisulamist pannal v\u00f5imaldab kiiret ja kindlat kinnitamist. Rihma pikkust on v\u00f5imalik h\u00f5lpsasti reguleerida, et see sobituks ideaalselt sinu koera kaela \u00fcmber.<\/p>\n<p><img decoding=\"async\" border=\"0\" src=\"https:\/\/blankpage.ee\/_ruumist-ruumi\/wp-content\/uploads\/2025\/04\/1-558.webp\" alt=\"Helkuriga koerarihm Dogness XS must, reguleeritava pikkusega ja vastupidav alumiiniumist kinnis\" \/><\/p>\n<div class=\"table-wrapper\">\n<table>\n<tbody>\n<tr>\n<th>Tootja<\/th>\n<td>Dogness<\/td>\n<\/tr>\n<tr>\n<th>Tootekood<\/th>\n<td>Reflective XS BLACK<\/td>\n<\/tr>\n<tr>\n<th>Materjal<\/th>\n<td>nailon, Nappa-nahk<\/td>\n<\/tr>\n<tr>\n<th>Pandla materjal<\/th>\n<td>alumiiniumisulam<\/td>\n<\/tr>\n<tr>\n<th>Suurus<\/th>\n<td>XS<\/td>\n<\/tr>\n<tr>\n<th>V\u00e4rv<\/th>\n<td>must<\/td>\n<\/tr>\n<\/tbody>\n<\/table>\n<\/div>\n<p>Praktiline helkuriga koerarihm tagab turvalisuse ja mugavuse igap\u00e4evastel lemmiklooma jalutusk\u00e4ikudel.<\/p>\n","protected":false},"excerpt":{"rendered":"<p>Helkuriga koerarihm Dogness XS must (nailon, alumiinium) Dogness XS helkuriga koerarihm aitab muuta sinu lemmiklooma jalutusk\u00e4igud turvalisemaks ka h\u00e4maras v\u00f5i pimedal ajal. Peegeldav riba parandab n\u00e4htavust, v\u00f5imaldades koera paremini m\u00e4rgata nii autojuhtidel kui ka teistel m\u00f6\u00f6dujatel. Koerarihm on valmistatud vastupidavast nailonist ning pehmest Nappa-nahast, mis tagab mugavuse ja nahas\u00f5bralikkuse. Tugev alumiiniumisulamist pannal v\u00f5imaldab kiiret ja [&hellip;]<\/p>\n","protected":false},"featured_media":174594,"comment_status":"open","ping_status":"open","template":"","meta":[],"product_brand":[3116],"product_cat":[1262],"product_tag":[],"class_list":{"0":"post-95966","1":"product","2":"type-product","3":"status-publish","4":"has-post-thumbnail","6":"product_brand-dogness","7":"product_cat-lemmiklooma-transport-ja-jalutusrihmad","8":"product_shipping_class-innpro","10":"first","11":"instock","12":"sale","13":"taxable","14":"shipping-taxable","15":"purchasable","16":"product-type-simple"},"_links":{"self":[{"href":"https:\/\/blankpage.ee\/_ruumist-ruumi\/wp-json\/wp\/v2\/product\/95966","targetHints":{"allow":["GET"]}}],"collection":[{"href":"https:\/\/blankpage.ee\/_ruumist-ruumi\/wp-json\/wp\/v2\/product"}],"about":[{"href":"https:\/\/blankpage.ee\/_ruumist-ruumi\/wp-json\/wp\/v2\/types\/product"}],"replies":[{"embeddable":true,"href":"https:\/\/blankpage.ee\/_ruumist-ruumi\/wp-json\/wp\/v2\/comments?post=95966"}],"wp:featuredmedia":[{"embeddable":true,"href":"https:\/\/blankpage.ee\/_ruumist-ruumi\/wp-json\/wp\/v2\/media\/174594"}],"wp:attachment":[{"href":"https:\/\/blankpage.ee\/_ruumist-ruumi\/wp-json\/wp\/v2\/media?parent=95966"}],"wp:term":[{"taxonomy":"product_brand","embeddable":true,"href":"https:\/\/blankpage.ee\/_ruumist-ruumi\/wp-json\/wp\/v2\/product_brand?post=95966"},{"taxonomy":"product_cat","embeddable":true,"href":"https:\/\/blankpage.ee\/_ruumist-ruumi\/wp-json\/wp\/v2\/product_cat?post=95966"},{"taxonomy":"product_tag","embeddable":true,"href":"https:\/\/blankpage.ee\/_ruumist-ruumi\/wp-json\/wp\/v2\/product_tag?post=95966"}],"curies":[{"name":"wp","href":"https:\/\/api.w.org\/{rel}","templated":true}]}}