{"id":95968,"date":"2025-04-19T18:57:06","date_gmt":"2025-04-19T18:57:06","guid":{"rendered":"https:\/\/ruumistruumi.ee\/?post_type=product&#038;p=95968"},"modified":"2025-08-21T08:18:33","modified_gmt":"2025-08-21T08:18:33","slug":"helkuriga-kaelarihm-dogness-suurus-s-must-25-5-38-cm","status":"publish","type":"product","link":"https:\/\/blankpage.ee\/_ruumist-ruumi\/pood\/helkuriga-kaelarihm-dogness-suurus-s-must-25-5-38-cm\/","title":{"rendered":"Helkur koera kaelarihm Dogness S, must, nailon, alumiiniumlukk"},"content":{"rendered":"<h3>Helkur koera kaelarihm Dogness S musta v\u00e4rvi<\/h3>\n<p>Helkur koera kaelarihm Dogness S sobib v\u00e4ikestele koertele, tagades mugavuse ja suurendades n\u00e4htavust nii h\u00e4maras kui pimedal ajal. Musta v\u00e4rvi reguleeritav kaelarihm on varustatud kvaliteetsete helkurdetailidega, mis muudavad sinu lemmiku liikluses paremini n\u00e4htavaks.<\/p>\n<p>Kaelarihm on valmistatud vastupidavast nailonist ja Nappa nahast, mis on pehmed, nahas\u00f5bralikud ja kestavad h\u00e4sti igap\u00e4evases kasutuses. Kindel alumiiniumisulamist kinnitus tagab, et helkur koera kaelarihm p\u00fcsib alati turvaliselt kaela \u00fcmber. Rihma pikkust saad h\u00f5lpsasti reguleerida vastavalt oma lemmiku vajadustele.<\/p>\n<p>T\u00e4nu oma tugevatele materjalidele ja reguleeritavale suurusele on see helkuriga koera kaelarihm suurep\u00e4rane valik v\u00e4ikest kasvu koeraomanikule, kes soovib kombinatsiooni turvalisusest, vastupidavusest ning mugavusest.<\/p>\n<p><img decoding=\"async\" border=\"0\" src=\"https:\/\/blankpage.ee\/_ruumist-ruumi\/wp-content\/uploads\/2025\/04\/1-559.webp\" alt=\"helkur koera kaelarihm Dogness S must reguleeritav\"\/><\/p>\n<div class=\"table-wrapper\">\n<table>\n<tbody>\n<tr>\n<th>Tootja<\/th>\n<td>Dogness<\/td>\n<\/tr>\n<tr>\n<th>Tootekood<\/th>\n<td>Reflective S BLACK<\/td>\n<\/tr>\n<tr>\n<th>Kaelarihma materjal<\/th>\n<td>nailon, Nappa nahk<\/td>\n<\/tr>\n<tr>\n<th>Kinnituse materjal<\/th>\n<td>alumiiniumisulamist<\/td>\n<\/tr>\n<tr>\n<th>Suurus<\/th>\n<td>S<\/td>\n<\/tr>\n<tr>\n<th>V\u00e4rv<\/th>\n<td>must<\/td>\n<\/tr>\n<\/tbody>\n<\/table>\n<\/div>\n","protected":false},"excerpt":{"rendered":"<p>Helkur koera kaelarihm Dogness S musta v\u00e4rvi Helkur koera kaelarihm Dogness S sobib v\u00e4ikestele koertele, tagades mugavuse ja suurendades n\u00e4htavust nii h\u00e4maras kui pimedal ajal. Musta v\u00e4rvi reguleeritav kaelarihm on varustatud kvaliteetsete helkurdetailidega, mis muudavad sinu lemmiku liikluses paremini n\u00e4htavaks. Kaelarihm on valmistatud vastupidavast nailonist ja Nappa nahast, mis on pehmed, nahas\u00f5bralikud ja kestavad h\u00e4sti [&hellip;]<\/p>\n","protected":false},"featured_media":174596,"comment_status":"open","ping_status":"open","template":"","meta":[],"product_brand":[3116],"product_cat":[1262],"product_tag":[],"class_list":{"0":"post-95968","1":"product","2":"type-product","3":"status-publish","4":"has-post-thumbnail","6":"product_brand-dogness","7":"product_cat-lemmiklooma-transport-ja-jalutusrihmad","8":"product_shipping_class-innpro","10":"first","11":"instock","12":"sale","13":"taxable","14":"shipping-taxable","15":"purchasable","16":"product-type-simple"},"_links":{"self":[{"href":"https:\/\/blankpage.ee\/_ruumist-ruumi\/wp-json\/wp\/v2\/product\/95968","targetHints":{"allow":["GET"]}}],"collection":[{"href":"https:\/\/blankpage.ee\/_ruumist-ruumi\/wp-json\/wp\/v2\/product"}],"about":[{"href":"https:\/\/blankpage.ee\/_ruumist-ruumi\/wp-json\/wp\/v2\/types\/product"}],"replies":[{"embeddable":true,"href":"https:\/\/blankpage.ee\/_ruumist-ruumi\/wp-json\/wp\/v2\/comments?post=95968"}],"wp:featuredmedia":[{"embeddable":true,"href":"https:\/\/blankpage.ee\/_ruumist-ruumi\/wp-json\/wp\/v2\/media\/174596"}],"wp:attachment":[{"href":"https:\/\/blankpage.ee\/_ruumist-ruumi\/wp-json\/wp\/v2\/media?parent=95968"}],"wp:term":[{"taxonomy":"product_brand","embeddable":true,"href":"https:\/\/blankpage.ee\/_ruumist-ruumi\/wp-json\/wp\/v2\/product_brand?post=95968"},{"taxonomy":"product_cat","embeddable":true,"href":"https:\/\/blankpage.ee\/_ruumist-ruumi\/wp-json\/wp\/v2\/product_cat?post=95968"},{"taxonomy":"product_tag","embeddable":true,"href":"https:\/\/blankpage.ee\/_ruumist-ruumi\/wp-json\/wp\/v2\/product_tag?post=95968"}],"curies":[{"name":"wp","href":"https:\/\/api.w.org\/{rel}","templated":true}]}}