{"id":96071,"date":"2025-04-19T19:36:43","date_gmt":"2025-04-19T19:36:43","guid":{"rendered":"https:\/\/ruumistruumi.ee\/?post_type=product&#038;p=96071"},"modified":"2025-08-21T08:18:29","modified_gmt":"2025-08-21T08:18:29","slug":"nasa-koerakaelarihm-qr-koodiga-nailonist-waudog-m-28-40-cm","status":"publish","type":"product","link":"https:\/\/blankpage.ee\/_ruumist-ruumi\/pood\/nasa-koerakaelarihm-qr-koodiga-nailonist-waudog-m-28-40-cm\/","title":{"rendered":"NASA koerakaelarihm QR-koodiga, nailonist, Waudog M (28\u201340 cm)"},"content":{"rendered":"<h3>NASA koerakaelarihm \u2013 nailonist QR-koodiga Waudog koerarihm, suurus M<\/h3>\n<p>NASA koerakaelarihm on mugav ja vastupidav valik igap\u00e4evasteks jalutusk\u00e4ikudeks, tuues sinu lemmiku v\u00e4limusse p\u00f5nevat kosmoseteemalist stiili. Nailonmaterjalist valmistatud kaelarihm on kulumiskindel ning sobib h\u00e4sti aktiivseks kasutamiseks. NASA logoga muster paistab silma nii linna- kui ka loodusradadel.<\/p>\n<p>Keskmisele koerale sobiva M-suuruse kaelarihma \u00fcmberm\u00f5\u00f5tu saad seadistada vahemikus 28\u201340 cm ning rihma laius on 20 mm. Tugevast plastikust valmistatud lukusti muudab kaelarihma kinnitamise ja \u00e4rav\u00f5tmise kiireks ja lihtsaks.<\/p>\n<p>Eriliseks teeb NASA koerakaelarihma k\u00fclge kinnitatud QR-aadressisilt. Selle skaneerimisel on v\u00f5imalik saada kohe k\u00e4tte omaniku kontaktandmed ning uuendada vajadusel ka lemmiku terviseinfot. Kui koer peaks kaduma, saab leidja QR-koodi abil v\u00f5tta \u00fchendust omanikuga, kellele saadetakse \u00fchtlasi teavitus koos lemmiku asukohaga. Kaasasolev kood on n\u00e4idis ja sildi saab aktiveerida veebilehel <a href=\"https:\/\/animal-id.net\/\" target=\"_blank\">animal-id.net<\/a>.<\/p>\n<p><img decoding=\"async\" border=\"0\" src=\"https:\/\/blankpage.ee\/_ruumist-ruumi\/wp-content\/uploads\/2025\/04\/3-557.webp\" alt=\"NASA koerakaelarihm kosmoseteemalise mustriga\" \/><\/p>\n<div class=\"table-wrapper\">\n<h3>Tehnilised andmed \u2013 NASA kaelarihm koerale<\/h3>\n<table>\n<tbody>\n<tr>\n<th>Tootja<\/th>\n<td>Waudog<\/td>\n<\/tr>\n<tr>\n<th>Tootekood<\/th>\n<td>4749<\/td>\n<\/tr>\n<tr>\n<th>Materjal<\/th>\n<td>nailon<\/td>\n<\/tr>\n<tr>\n<th>Suurus<\/th>\n<td>M<\/td>\n<\/tr>\n<tr>\n<th>Laius<\/th>\n<td>20 mm<\/td>\n<\/tr>\n<tr>\n<th>Kaela \u00fcmberm\u00f5\u00f5t (min)<\/th>\n<td>28 cm<\/td>\n<\/tr>\n<tr>\n<th>Kaela \u00fcmberm\u00f5\u00f5t (max)<\/th>\n<td>40 cm<\/td>\n<\/tr>\n<\/tbody>\n<\/table>\n<\/div>\n","protected":false},"excerpt":{"rendered":"<p>NASA koerakaelarihm \u2013 nailonist QR-koodiga Waudog koerarihm, suurus M NASA koerakaelarihm on mugav ja vastupidav valik igap\u00e4evasteks jalutusk\u00e4ikudeks, tuues sinu lemmiku v\u00e4limusse p\u00f5nevat kosmoseteemalist stiili. Nailonmaterjalist valmistatud kaelarihm on kulumiskindel ning sobib h\u00e4sti aktiivseks kasutamiseks. NASA logoga muster paistab silma nii linna- kui ka loodusradadel. Keskmisele koerale sobiva M-suuruse kaelarihma \u00fcmberm\u00f5\u00f5tu saad seadistada vahemikus 28\u201340 [&hellip;]<\/p>\n","protected":false},"featured_media":174834,"comment_status":"open","ping_status":"open","template":"","meta":[],"product_brand":[3117],"product_cat":[1262],"product_tag":[],"class_list":{"0":"post-96071","1":"product","2":"type-product","3":"status-publish","4":"has-post-thumbnail","6":"product_brand-waudog","7":"product_cat-lemmiklooma-transport-ja-jalutusrihmad","8":"product_shipping_class-innpro","10":"first","11":"instock","12":"sale","13":"taxable","14":"shipping-taxable","15":"purchasable","16":"product-type-simple"},"_links":{"self":[{"href":"https:\/\/blankpage.ee\/_ruumist-ruumi\/wp-json\/wp\/v2\/product\/96071","targetHints":{"allow":["GET"]}}],"collection":[{"href":"https:\/\/blankpage.ee\/_ruumist-ruumi\/wp-json\/wp\/v2\/product"}],"about":[{"href":"https:\/\/blankpage.ee\/_ruumist-ruumi\/wp-json\/wp\/v2\/types\/product"}],"replies":[{"embeddable":true,"href":"https:\/\/blankpage.ee\/_ruumist-ruumi\/wp-json\/wp\/v2\/comments?post=96071"}],"wp:featuredmedia":[{"embeddable":true,"href":"https:\/\/blankpage.ee\/_ruumist-ruumi\/wp-json\/wp\/v2\/media\/174834"}],"wp:attachment":[{"href":"https:\/\/blankpage.ee\/_ruumist-ruumi\/wp-json\/wp\/v2\/media?parent=96071"}],"wp:term":[{"taxonomy":"product_brand","embeddable":true,"href":"https:\/\/blankpage.ee\/_ruumist-ruumi\/wp-json\/wp\/v2\/product_brand?post=96071"},{"taxonomy":"product_cat","embeddable":true,"href":"https:\/\/blankpage.ee\/_ruumist-ruumi\/wp-json\/wp\/v2\/product_cat?post=96071"},{"taxonomy":"product_tag","embeddable":true,"href":"https:\/\/blankpage.ee\/_ruumist-ruumi\/wp-json\/wp\/v2\/product_tag?post=96071"}],"curies":[{"name":"wp","href":"https:\/\/api.w.org\/{rel}","templated":true}]}}