{"id":9612,"date":"2024-10-01T16:58:08","date_gmt":"2024-10-01T16:58:08","guid":{"rendered":"https:\/\/ruumistruumi.ee\/pood\/pruun-kohvilaud-avola-av1920-1-manni-puidust\/"},"modified":"2025-06-17T08:58:30","modified_gmt":"2025-06-17T08:58:30","slug":"helepruun-kohvilaud-avola-av1920-1-mannipuidust","status":"publish","type":"product","link":"https:\/\/blankpage.ee\/_ruumist-ruumi\/pood\/helepruun-kohvilaud-avola-av1920-1-mannipuidust\/","title":{"rendered":"Helepruun kohvilaud Avola AV1920-1, m\u00e4nnipuidust"},"content":{"rendered":"<p>Avola AV1920-1 kohvilaud elutuppa. See klassikalises rustikaalses stiilis puidust pink lisab teie elutuppa soojust ja isikup\u00e4ra. Tammepuidu toon ja ristk\u00fclikukujulised jalad loovad ajatu v\u00e4limuse, samas kui massiivne lauaplaat, millel on plankmuster, toob esile puidu loomuliku ilu. N\u00e4htav puidustruktuur ja kulutatud viimistlus annavad sellele lauale ainulaadse iseloomu.<\/p>\n<p>Avola kollektsiooni kuuluv kohvilaud on valmistatud m\u00e4nnipuidust, mis tagab vastupidavuse ja pikaealisuse. Selle m\u00f5\u00f5tmed on 127 cm lai, 71 cm s\u00fcgav ja 47 cm k\u00f5rge, pakkudes piisavalt ruumi teie igap\u00e4evaste esemete hoidmiseks. Laua alus on m\u00f5\u00f5tmetega 104,5 x 56 cm ning jalgade vaheline kaugus on 82 cm, mis tagab stabiilsuse ja praktilisuse.<\/p>\n<p>Omadused:<br \/>\n<strong>Materjal:<\/strong> M\u00e4nnipuit<br \/>\n<strong>V\u00e4rv:<\/strong> Tamm<br \/>\n<strong>M\u00f5\u00f5tmed:<\/strong> Laius 127 cm, s\u00fcgavus 71 cm, k\u00f5rgus 47 cm<br \/>\n<strong>T\u00e4iendavad detailid:<\/strong> Shabby chic stiilis kulutatud viimistlus ja n\u00e4htav puidustruktuur<br \/>\n<strong>Kokkupanek:<\/strong> Osaliselt kokku pandud, s\u00e4\u00e4stab aega ja vaeva.<\/p>\n<p>&nbsp;<\/p>\n","protected":false},"excerpt":{"rendered":"<p>Avola AV1920-1 kohvilaud elutuppa. See klassikalises rustikaalses stiilis puidust pink lisab teie elutuppa soojust ja isikup\u00e4ra. Tammepuidu toon ja ristk\u00fclikukujulised jalad loovad ajatu v\u00e4limuse, samas kui massiivne lauaplaat, millel on plankmuster, toob esile puidu loomuliku ilu. N\u00e4htav puidustruktuur ja kulutatud viimistlus annavad sellele lauale ainulaadse iseloomu. Avola kollektsiooni kuuluv kohvilaud on valmistatud m\u00e4nnipuidust, mis tagab [&hellip;]<\/p>\n","protected":false},"featured_media":9613,"comment_status":"open","ping_status":"closed","template":"","meta":[],"product_brand":[],"product_cat":[118],"product_tag":[],"class_list":{"0":"post-9612","1":"product","2":"type-product","3":"status-publish","4":"has-post-thumbnail","6":"product_cat-diivanilauad","7":"product_shipping_class-livin-hill","8":"pa_kollektsioon-avola","9":"pa_materjal-mandpuit","10":"pa_varv-helepruun","12":"first","13":"instock","14":"sale","15":"taxable","16":"shipping-taxable","17":"purchasable","18":"product-type-simple"},"_links":{"self":[{"href":"https:\/\/blankpage.ee\/_ruumist-ruumi\/wp-json\/wp\/v2\/product\/9612","targetHints":{"allow":["GET"]}}],"collection":[{"href":"https:\/\/blankpage.ee\/_ruumist-ruumi\/wp-json\/wp\/v2\/product"}],"about":[{"href":"https:\/\/blankpage.ee\/_ruumist-ruumi\/wp-json\/wp\/v2\/types\/product"}],"replies":[{"embeddable":true,"href":"https:\/\/blankpage.ee\/_ruumist-ruumi\/wp-json\/wp\/v2\/comments?post=9612"}],"wp:featuredmedia":[{"embeddable":true,"href":"https:\/\/blankpage.ee\/_ruumist-ruumi\/wp-json\/wp\/v2\/media\/9613"}],"wp:attachment":[{"href":"https:\/\/blankpage.ee\/_ruumist-ruumi\/wp-json\/wp\/v2\/media?parent=9612"}],"wp:term":[{"taxonomy":"product_brand","embeddable":true,"href":"https:\/\/blankpage.ee\/_ruumist-ruumi\/wp-json\/wp\/v2\/product_brand?post=9612"},{"taxonomy":"product_cat","embeddable":true,"href":"https:\/\/blankpage.ee\/_ruumist-ruumi\/wp-json\/wp\/v2\/product_cat?post=9612"},{"taxonomy":"product_tag","embeddable":true,"href":"https:\/\/blankpage.ee\/_ruumist-ruumi\/wp-json\/wp\/v2\/product_tag?post=9612"}],"curies":[{"name":"wp","href":"https:\/\/api.w.org\/{rel}","templated":true}]}}