{"id":96142,"date":"2025-04-19T21:33:40","date_gmt":"2025-04-19T21:33:40","guid":{"rendered":"https:\/\/ruumistruumi.ee\/?post_type=product&#038;p=96142"},"modified":"2025-08-21T08:18:24","modified_gmt":"2025-08-21T08:18:24","slug":"waudog-nailonist-apelsinimustriga-koerarihm-122-cm","status":"publish","type":"product","link":"https:\/\/blankpage.ee\/_ruumist-ruumi\/pood\/waudog-nailonist-apelsinimustriga-koerarihm-122-cm\/","title":{"rendered":"Waudog nailonist apelsinimustriga koerarihm 122 cm"},"content":{"rendered":"<h3>Apelsinimustriga koerarihm Waudog \u2013 vastupidav nailonist jalutusrihm 122 cm<\/h3>\n<p>Apelsinimustriga koerarihm on mugav ja vastupidav jalutusrihm igap\u00e4evaseks kasutamiseks. Rihm on valmistatud kvaliteetsest nailonist, millele lisab pilkup\u00fc\u00fcdvat v\u00e4limust r\u00f5\u00f5mus apelsinimuster. Nailonmaterjal tagab toote pika kasutusea ja hea kulumiskindluse, olles samal ajal kerge ja pehme \u2013 seega sobib see h\u00e4sti igas vanuses ning suuruses koerale. Jalutusrihma ergonoomiline k\u00e4epide muudab ka pikemad jalutusk\u00e4igud mugavaks, pakkudes kindlat ja turvalist haaret.<\/p>\n<p>\n<img decoding=\"async\" src=\"https:\/\/blankpage.ee\/_ruumist-ruumi\/wp-content\/uploads\/2025\/04\/3-601.webp\" alt=\"Apelsinimustriga koerarihm nailonist, tugev metallist kinnitus, 122 cm\"\/>\n<\/p>\n<div class=\"table-wrapper\">\n<h3>Tehnilised andmed apelsinimustriga koerarihma kohta<\/h3>\n<table>\n<tbody>\n<tr>\n<th>Tootja<\/th>\n<td>Waudog<\/td>\n<\/tr>\n<tr>\n<th>Tootekood<\/th>\n<td>341-4054<\/td>\n<\/tr>\n<tr>\n<th>Disain<\/th>\n<td>Apelsinid<\/td>\n<\/tr>\n<tr>\n<th>Pikkus<\/th>\n<td>122 cm<\/td>\n<\/tr>\n<tr>\n<th>Materjal<\/th>\n<td>Nailon<\/td>\n<\/tr>\n<\/tbody>\n<\/table>\n<\/div>\n<p>Kui soovite oma koerale vastupidavat ja efektse v\u00e4limusega aksessuaari, siis Waudog apelsinimustriga koerarihm on ideaalne valik. Kvaliteetne nailonmaterjal ja tugev metallist kinnitus muudavad selle rihma usaldusv\u00e4\u00e4rseks nii v\u00e4ikestele kui suurematele koertele. Stiilne disain \u00fchendab mugavuse ja turvalisuse igaks jalutusk\u00e4iguks.<\/p>\n","protected":false},"excerpt":{"rendered":"<p>Apelsinimustriga koerarihm Waudog \u2013 vastupidav nailonist jalutusrihm 122 cm Apelsinimustriga koerarihm on mugav ja vastupidav jalutusrihm igap\u00e4evaseks kasutamiseks. Rihm on valmistatud kvaliteetsest nailonist, millele lisab pilkup\u00fc\u00fcdvat v\u00e4limust r\u00f5\u00f5mus apelsinimuster. Nailonmaterjal tagab toote pika kasutusea ja hea kulumiskindluse, olles samal ajal kerge ja pehme \u2013 seega sobib see h\u00e4sti igas vanuses ning suuruses koerale. Jalutusrihma ergonoomiline [&hellip;]<\/p>\n","protected":false},"featured_media":175286,"comment_status":"open","ping_status":"open","template":"","meta":[],"product_brand":[3117],"product_cat":[1262],"product_tag":[],"class_list":{"0":"post-96142","1":"product","2":"type-product","3":"status-publish","4":"has-post-thumbnail","6":"product_brand-waudog","7":"product_cat-lemmiklooma-transport-ja-jalutusrihmad","8":"product_shipping_class-innpro","10":"first","11":"instock","12":"sale","13":"taxable","14":"shipping-taxable","15":"purchasable","16":"product-type-simple"},"_links":{"self":[{"href":"https:\/\/blankpage.ee\/_ruumist-ruumi\/wp-json\/wp\/v2\/product\/96142","targetHints":{"allow":["GET"]}}],"collection":[{"href":"https:\/\/blankpage.ee\/_ruumist-ruumi\/wp-json\/wp\/v2\/product"}],"about":[{"href":"https:\/\/blankpage.ee\/_ruumist-ruumi\/wp-json\/wp\/v2\/types\/product"}],"replies":[{"embeddable":true,"href":"https:\/\/blankpage.ee\/_ruumist-ruumi\/wp-json\/wp\/v2\/comments?post=96142"}],"wp:featuredmedia":[{"embeddable":true,"href":"https:\/\/blankpage.ee\/_ruumist-ruumi\/wp-json\/wp\/v2\/media\/175286"}],"wp:attachment":[{"href":"https:\/\/blankpage.ee\/_ruumist-ruumi\/wp-json\/wp\/v2\/media?parent=96142"}],"wp:term":[{"taxonomy":"product_brand","embeddable":true,"href":"https:\/\/blankpage.ee\/_ruumist-ruumi\/wp-json\/wp\/v2\/product_brand?post=96142"},{"taxonomy":"product_cat","embeddable":true,"href":"https:\/\/blankpage.ee\/_ruumist-ruumi\/wp-json\/wp\/v2\/product_cat?post=96142"},{"taxonomy":"product_tag","embeddable":true,"href":"https:\/\/blankpage.ee\/_ruumist-ruumi\/wp-json\/wp\/v2\/product_tag?post=96142"}],"curies":[{"name":"wp","href":"https:\/\/api.w.org\/{rel}","templated":true}]}}