{"id":96185,"date":"2025-04-19T21:41:42","date_gmt":"2025-04-19T21:41:42","guid":{"rendered":"https:\/\/ruumistruumi.ee\/?post_type=product&#038;p=96185"},"modified":"2025-08-21T08:18:23","modified_gmt":"2025-08-21T08:18:23","slug":"sinine-nailonist-koerarihm-waudog-122-cm-l-titaanist-karabiiniga","status":"publish","type":"product","link":"https:\/\/blankpage.ee\/_ruumist-ruumi\/pood\/sinine-nailonist-koerarihm-waudog-122-cm-l-titaanist-karabiiniga\/","title":{"rendered":"Sinine nailonist koerarihm WAUDOG, 122 cm (L, titaanist karabiiniga)"},"content":{"rendered":"<h3>Sinine koerarihm WAUDOG, nailonist ja titaanist karabiiniga, 122 cm<\/h3>\n<p>Sinine koerarihm on ideaalne valik igale koeraomanikule, kes hindab vastupidavust ja mugavust. WAUDOG sinine koerarihm \u00fchendab stiilse disaini ning t\u00f6\u00f6kindluse: tugev nailonmaterjal ja 122 cm pikkus tagavad hea kontrolli ja sobivad eriti suurematele koerat\u00f5ugudele. 25 mm laiune rihm p\u00fcsib kindlalt kinnises ja on k\u00e4es mugav. Taaskasutatud rPET materjal teeb selle rihma keskkonnas\u00f5bralikuks ja titaanist karabiin lisab vastupidavust ka igap\u00e4evasel aktiivsel kasutusel.<\/p>\n<p>\n<img decoding=\"async\" border=\"0\" src=\"https:\/\/blankpage.ee\/_ruumist-ruumi\/wp-content\/uploads\/2025\/04\/1-658.webp\" alt=\"Sinine koerarihm WAUDOG titaanist karabiiniga jalutamiseks\"\/>\n<\/p>\n<div class=\"table-wrapper\">\n<table>\n<tbody>\n<tr>\n<th>Tootja<\/th>\n<td>WAUDOG<\/td>\n<\/tr>\n<tr>\n<th>Materjal<\/th>\n<td>rPET (taaskasutatud pol\u00fcester)<\/td>\n<\/tr>\n<tr>\n<th>V\u00e4rvus<\/th>\n<td>Sinine<\/td>\n<\/tr>\n<tr>\n<th>Pikkus<\/th>\n<td>122 cm<\/td>\n<\/tr>\n<tr>\n<th>Laius<\/th>\n<td>25 mm<\/td>\n<\/tr>\n<tr>\n<th>Suurus<\/th>\n<td>L<\/td>\n<\/tr>\n<tr>\n<th>Sobivus<\/th>\n<td>Sobib suurtele koerat\u00f5ugudele<\/td>\n<\/tr>\n<\/tbody>\n<\/table>\n<\/div>\n","protected":false},"excerpt":{"rendered":"<p>Sinine koerarihm WAUDOG, nailonist ja titaanist karabiiniga, 122 cm Sinine koerarihm on ideaalne valik igale koeraomanikule, kes hindab vastupidavust ja mugavust. WAUDOG sinine koerarihm \u00fchendab stiilse disaini ning t\u00f6\u00f6kindluse: tugev nailonmaterjal ja 122 cm pikkus tagavad hea kontrolli ja sobivad eriti suurematele koerat\u00f5ugudele. 25 mm laiune rihm p\u00fcsib kindlalt kinnises ja on k\u00e4es mugav. Taaskasutatud [&hellip;]<\/p>\n","protected":false},"featured_media":175338,"comment_status":"open","ping_status":"open","template":"","meta":[],"product_brand":[3117],"product_cat":[1262],"product_tag":[],"class_list":{"0":"post-96185","1":"product","2":"type-product","3":"status-publish","4":"has-post-thumbnail","6":"product_brand-waudog","7":"product_cat-lemmiklooma-transport-ja-jalutusrihmad","8":"product_shipping_class-innpro","10":"first","11":"instock","12":"sale","13":"taxable","14":"shipping-taxable","15":"purchasable","16":"product-type-simple"},"_links":{"self":[{"href":"https:\/\/blankpage.ee\/_ruumist-ruumi\/wp-json\/wp\/v2\/product\/96185","targetHints":{"allow":["GET"]}}],"collection":[{"href":"https:\/\/blankpage.ee\/_ruumist-ruumi\/wp-json\/wp\/v2\/product"}],"about":[{"href":"https:\/\/blankpage.ee\/_ruumist-ruumi\/wp-json\/wp\/v2\/types\/product"}],"replies":[{"embeddable":true,"href":"https:\/\/blankpage.ee\/_ruumist-ruumi\/wp-json\/wp\/v2\/comments?post=96185"}],"wp:featuredmedia":[{"embeddable":true,"href":"https:\/\/blankpage.ee\/_ruumist-ruumi\/wp-json\/wp\/v2\/media\/175338"}],"wp:attachment":[{"href":"https:\/\/blankpage.ee\/_ruumist-ruumi\/wp-json\/wp\/v2\/media?parent=96185"}],"wp:term":[{"taxonomy":"product_brand","embeddable":true,"href":"https:\/\/blankpage.ee\/_ruumist-ruumi\/wp-json\/wp\/v2\/product_brand?post=96185"},{"taxonomy":"product_cat","embeddable":true,"href":"https:\/\/blankpage.ee\/_ruumist-ruumi\/wp-json\/wp\/v2\/product_cat?post=96185"},{"taxonomy":"product_tag","embeddable":true,"href":"https:\/\/blankpage.ee\/_ruumist-ruumi\/wp-json\/wp\/v2\/product_tag?post=96185"}],"curies":[{"name":"wp","href":"https:\/\/api.w.org\/{rel}","templated":true}]}}