{"id":9619,"date":"2024-11-01T16:58:44","date_gmt":"2024-11-01T16:58:44","guid":{"rendered":"https:\/\/ruumistruumi.ee\/pood\/beez-konsoollaud-avola-av1978-4-akatsiapuidust-ja-vineerist\/"},"modified":"2025-06-17T08:58:31","modified_gmt":"2025-06-17T08:58:31","slug":"beez-konsoollaud-avola-av1978-4-akaatsiapuidust","status":"publish","type":"product","link":"https:\/\/blankpage.ee\/_ruumist-ruumi\/pood\/beez-konsoollaud-avola-av1978-4-akaatsiapuidust\/","title":{"rendered":"Bee\u017e konsoollaud Avola AV1978-4, akaatsiapuidust"},"content":{"rendered":"<p>Avola AV1978-4 konsoollaud esikusse. See elegantne Hampton-stiilis konsoollaud \u00fchendab endas klassikalise disaini ja praktilisuse, olles ideaalne t\u00e4iendus igasse esikusse. Kreemjas toon koos helepruuni pleegitatud lauaplaadiga loob sooja ja kutsuva atmosf\u00e4\u00e4ri. Harjatud pinnaviimistlus lisab lauale ajatut v\u00f5lu.<\/p>\n<p>Konsoollaud on valmistatud vastupidavast akaatsiapuidust ja vineerist, pakkudes pikaajalist vastupidavust. Laual on funktsionaalsed sahtlid sirgete metallist k\u00e4epidemetega, mis pakuvad piisavalt hoiuruumi v\u00e4iksematele esemetele. Lisaks on laual \u00fcks riiul, mis on ideaalne koht dekoratiivesemete v\u00f5i praktiliste tarvikute hoidmiseks. Laua keerukad, p\u00f6\u00f6ratud jalad lisavad sellele klassikalist elegantsi.<\/p>\n<p>Omadused:<br \/>\n<strong>Materjal:<\/strong> Akaatsiapuit ja vineer.<br \/>\n<strong>V\u00e4rv:<\/strong> Kreemjas toon ja helepruun lauaplaat.<br \/>\n<strong>M\u00f5\u00f5tmed:<\/strong> Laius 178 cm, s\u00fcgavus 35,5 cm, k\u00f5rgus 81,5 cm.<br \/>\n<strong>T\u00e4iendavad detailid:<\/strong> Antiikviimistlus, sahtlite m\u00f5\u00f5tmed: k\u00fclgmine sahtel &#8211; 36 x 21,5 x 7 cm; keskmine sahtel &#8211; 70 x 21,5 x 7 cm; riiul &#8211; 169,5 x 26,5 x 52 cm.<br \/>\n<strong>Kokkupanek:<\/strong> Osaliselt kokku pandud, s\u00e4\u00e4stab aega ja vaeva.<\/p>\n<p>&nbsp;<\/p>\n","protected":false},"excerpt":{"rendered":"<p>Avola AV1978-4 konsoollaud esikusse. See elegantne Hampton-stiilis konsoollaud \u00fchendab endas klassikalise disaini ja praktilisuse, olles ideaalne t\u00e4iendus igasse esikusse. Kreemjas toon koos helepruuni pleegitatud lauaplaadiga loob sooja ja kutsuva atmosf\u00e4\u00e4ri. Harjatud pinnaviimistlus lisab lauale ajatut v\u00f5lu. Konsoollaud on valmistatud vastupidavast akaatsiapuidust ja vineerist, pakkudes pikaajalist vastupidavust. Laual on funktsionaalsed sahtlid sirgete metallist k\u00e4epidemetega, mis pakuvad [&hellip;]<\/p>\n","protected":false},"featured_media":9620,"comment_status":"open","ping_status":"closed","template":"","meta":[],"product_brand":[],"product_cat":[83],"product_tag":[],"class_list":{"0":"post-9619","1":"product","2":"type-product","3":"status-publish","4":"has-post-thumbnail","6":"product_cat-konsoollauad","7":"product_shipping_class-livin-hill","8":"pa_kaepidemed-metall","9":"pa_kollektsioon-avola","10":"pa_materjal-akaatsiapuit","11":"pa_riiulite-arv-99","12":"pa_sahtlite-arv-95","13":"pa_varv-beez","15":"first","16":"instock","17":"sale","18":"taxable","19":"shipping-taxable","20":"purchasable","21":"product-type-simple"},"_links":{"self":[{"href":"https:\/\/blankpage.ee\/_ruumist-ruumi\/wp-json\/wp\/v2\/product\/9619","targetHints":{"allow":["GET"]}}],"collection":[{"href":"https:\/\/blankpage.ee\/_ruumist-ruumi\/wp-json\/wp\/v2\/product"}],"about":[{"href":"https:\/\/blankpage.ee\/_ruumist-ruumi\/wp-json\/wp\/v2\/types\/product"}],"replies":[{"embeddable":true,"href":"https:\/\/blankpage.ee\/_ruumist-ruumi\/wp-json\/wp\/v2\/comments?post=9619"}],"wp:featuredmedia":[{"embeddable":true,"href":"https:\/\/blankpage.ee\/_ruumist-ruumi\/wp-json\/wp\/v2\/media\/9620"}],"wp:attachment":[{"href":"https:\/\/blankpage.ee\/_ruumist-ruumi\/wp-json\/wp\/v2\/media?parent=9619"}],"wp:term":[{"taxonomy":"product_brand","embeddable":true,"href":"https:\/\/blankpage.ee\/_ruumist-ruumi\/wp-json\/wp\/v2\/product_brand?post=9619"},{"taxonomy":"product_cat","embeddable":true,"href":"https:\/\/blankpage.ee\/_ruumist-ruumi\/wp-json\/wp\/v2\/product_cat?post=9619"},{"taxonomy":"product_tag","embeddable":true,"href":"https:\/\/blankpage.ee\/_ruumist-ruumi\/wp-json\/wp\/v2\/product_tag?post=9619"}],"curies":[{"name":"wp","href":"https:\/\/api.w.org\/{rel}","templated":true}]}}