{"id":96197,"date":"2025-04-19T21:43:17","date_gmt":"2025-04-19T21:43:17","guid":{"rendered":"https:\/\/ruumistruumi.ee\/?post_type=product&#038;p=96197"},"modified":"2025-08-21T08:18:23","modified_gmt":"2025-08-21T08:18:23","slug":"nailonist-koerarihm-waudog-oranzi-gradiendiga-122-cm-20-mm-rpet-m","status":"publish","type":"product","link":"https:\/\/blankpage.ee\/_ruumist-ruumi\/pood\/nailonist-koerarihm-waudog-oranzi-gradiendiga-122-cm-20-mm-rpet-m\/","title":{"rendered":"Nailonist koerarihm WAUDOG oran\u017ei gradiendiga, 122 cm (20 mm, rPET, M)"},"content":{"rendered":"<h3>Nailonist koerarihm WAUDOG oran\u017ei gradiendiga, 20 mm lai ja 122 cm pikk<\/h3>\n<p>Nailonist koerarihm WAUDOG on usaldusv\u00e4\u00e4rne valik neile, kes hindavad vastupidavust ning kaasaegset disaini. 20 mm laiune jalutusrihm pakub mugavat haaret ja 122 cm pikkus sobib ideaalselt keskmise suurusega koera igap\u00e4evaseks jalutamiseks. Koerarihm on valmistatud tugevast rPET-materjalist ning kestva titaankattega karabiiniga, mis tagab pika kasutusea ka sagedasel kasutamisel.<\/p>\n<p><img decoding=\"async\" border=\"0\" src=\"https:\/\/blankpage.ee\/_ruumist-ruumi\/wp-content\/uploads\/2025\/04\/2-635.webp\" alt=\"Nailonist koerarihm oran\u017ei gradiendiga ja titaankattega karabiiniga\"\/><\/p>\n<div class=\"table-wrapper\">\n<table>\n<tbody>\n<tr>\n<th>Tootja<\/th>\n<td>WAUDOG<\/td>\n<\/tr>\n<tr>\n<th>Materjal<\/th>\n<td>rPET (taaskasutatud pol\u00fcester)<\/td>\n<\/tr>\n<tr>\n<th>V\u00e4rv<\/th>\n<td>Oran\u017e gradiendiga<\/td>\n<\/tr>\n<tr>\n<th>Pikkus<\/th>\n<td>122 cm<\/td>\n<\/tr>\n<tr>\n<th>Laius<\/th>\n<td>20 mm<\/td>\n<\/tr>\n<tr>\n<th>Suurus<\/th>\n<td>M<\/td>\n<\/tr>\n<tr>\n<th>Sobib koerat\u00f5ugudele<\/th>\n<td>Keskmised koerad<\/td>\n<\/tr>\n<\/tbody>\n<\/table>\n<\/div>\n<p>See nailonist koerarihm \u00fchendab mugavuse, stiili ja vastupidavuse, olles usaldusv\u00e4\u00e4rne valik igaks jalutusk\u00e4iguks sinu lemmikuga.<\/p>\n","protected":false},"excerpt":{"rendered":"<p>Nailonist koerarihm WAUDOG oran\u017ei gradiendiga, 20 mm lai ja 122 cm pikk Nailonist koerarihm WAUDOG on usaldusv\u00e4\u00e4rne valik neile, kes hindavad vastupidavust ning kaasaegset disaini. 20 mm laiune jalutusrihm pakub mugavat haaret ja 122 cm pikkus sobib ideaalselt keskmise suurusega koera igap\u00e4evaseks jalutamiseks. Koerarihm on valmistatud tugevast rPET-materjalist ning kestva titaankattega karabiiniga, mis tagab pika [&hellip;]<\/p>\n","protected":false},"featured_media":175350,"comment_status":"open","ping_status":"open","template":"","meta":[],"product_brand":[3117],"product_cat":[1262],"product_tag":[],"class_list":{"0":"post-96197","1":"product","2":"type-product","3":"status-publish","4":"has-post-thumbnail","6":"product_brand-waudog","7":"product_cat-lemmiklooma-transport-ja-jalutusrihmad","8":"product_shipping_class-innpro","10":"first","11":"instock","12":"sale","13":"taxable","14":"shipping-taxable","15":"purchasable","16":"product-type-simple"},"_links":{"self":[{"href":"https:\/\/blankpage.ee\/_ruumist-ruumi\/wp-json\/wp\/v2\/product\/96197","targetHints":{"allow":["GET"]}}],"collection":[{"href":"https:\/\/blankpage.ee\/_ruumist-ruumi\/wp-json\/wp\/v2\/product"}],"about":[{"href":"https:\/\/blankpage.ee\/_ruumist-ruumi\/wp-json\/wp\/v2\/types\/product"}],"replies":[{"embeddable":true,"href":"https:\/\/blankpage.ee\/_ruumist-ruumi\/wp-json\/wp\/v2\/comments?post=96197"}],"wp:featuredmedia":[{"embeddable":true,"href":"https:\/\/blankpage.ee\/_ruumist-ruumi\/wp-json\/wp\/v2\/media\/175350"}],"wp:attachment":[{"href":"https:\/\/blankpage.ee\/_ruumist-ruumi\/wp-json\/wp\/v2\/media?parent=96197"}],"wp:term":[{"taxonomy":"product_brand","embeddable":true,"href":"https:\/\/blankpage.ee\/_ruumist-ruumi\/wp-json\/wp\/v2\/product_brand?post=96197"},{"taxonomy":"product_cat","embeddable":true,"href":"https:\/\/blankpage.ee\/_ruumist-ruumi\/wp-json\/wp\/v2\/product_cat?post=96197"},{"taxonomy":"product_tag","embeddable":true,"href":"https:\/\/blankpage.ee\/_ruumist-ruumi\/wp-json\/wp\/v2\/product_tag?post=96197"}],"curies":[{"name":"wp","href":"https:\/\/api.w.org\/{rel}","templated":true}]}}