{"id":96203,"date":"2025-04-19T21:44:05","date_gmt":"2025-04-19T21:44:05","guid":{"rendered":"https:\/\/ruumistruumi.ee\/?post_type=product&#038;p=96203"},"modified":"2025-08-21T08:18:23","modified_gmt":"2025-08-21T08:18:23","slug":"sinine-koera-jalutusrihm-waudog-rpet-122-cm-x-15-mm","status":"publish","type":"product","link":"https:\/\/blankpage.ee\/_ruumist-ruumi\/pood\/sinine-koera-jalutusrihm-waudog-rpet-122-cm-x-15-mm\/","title":{"rendered":"Sinine koera jalutusrihm WAUDOG rPET, 122 cm \u00d7 15 mm"},"content":{"rendered":"<h3>Sinine koera jalutusrihm WAUDOG rPET v\u00e4ikestele koertele<\/h3>\n<p>Sinine koera jalutusrihm sobib ideaalselt v\u00e4ikest kasvu koertele. See on valmistatud vastupidavast rPET-materjalist, mis tagab rihmale kulumiskindluse ning pika kasutusea. Titaankattega karabiin lisab lisakindlust ka intensiivsematel jalutusk\u00e4ikudel.<\/p>\n<p>15 mm laiune ja 122 cm pikkune koera jalutusrihm istub mugavalt k\u00e4es ja pakub koerale piisavalt liikumisruumi, kuid hoiab lemmiku turvaliselt kontrolli all nii linnas kui looduses. Modernse gradatsiooniga sinine toon ja kvaliteetsed materjalid teevad sellest jalutusrihmast usaldusv\u00e4\u00e4rse ja stiilse tarvikuni igale v\u00e4ikest kasvu koerale \u2013 sobiv n\u00e4iteks taksidele, v\u00e4ikestele spanjelitele v\u00f5i bichon fris\u00e9e&#8217;le.<\/p>\n<p><img decoding=\"async\" src=\"https:\/\/blankpage.ee\/_ruumist-ruumi\/wp-content\/uploads\/2025\/04\/1-660.webp\" alt=\"Sinine koera jalutusrihm WAUDOG rPET materjalist v\u00e4ikestele koertele, titaankattega karabiin\"\/><\/p>\n<div class=\"table-wrapper\">\n<table>\n<tbody>\n<tr>\n<th>Tootja<\/th>\n<td>WAUDOG<\/td>\n<\/tr>\n<tr>\n<th>Materjal<\/th>\n<td>rPET<\/td>\n<\/tr>\n<tr>\n<th>V\u00e4rv<\/th>\n<td>Sinine (gradatsiooniga)<\/td>\n<\/tr>\n<tr>\n<th>Pikkus<\/th>\n<td>122 cm<\/td>\n<\/tr>\n<tr>\n<th>Laius<\/th>\n<td>15 mm<\/td>\n<\/tr>\n<tr>\n<th>Suurus<\/th>\n<td>S<\/td>\n<\/tr>\n<tr>\n<th>Sobivus<\/th>\n<td>V\u00e4ikest kasvu koertele<\/td>\n<\/tr>\n<\/tbody>\n<\/table>\n<\/div>\n","protected":false},"excerpt":{"rendered":"<p>Sinine koera jalutusrihm WAUDOG rPET v\u00e4ikestele koertele Sinine koera jalutusrihm sobib ideaalselt v\u00e4ikest kasvu koertele. See on valmistatud vastupidavast rPET-materjalist, mis tagab rihmale kulumiskindluse ning pika kasutusea. Titaankattega karabiin lisab lisakindlust ka intensiivsematel jalutusk\u00e4ikudel. 15 mm laiune ja 122 cm pikkune koera jalutusrihm istub mugavalt k\u00e4es ja pakub koerale piisavalt liikumisruumi, kuid hoiab lemmiku turvaliselt [&hellip;]<\/p>\n","protected":false},"featured_media":175356,"comment_status":"open","ping_status":"open","template":"","meta":[],"product_brand":[3117],"product_cat":[1262],"product_tag":[],"class_list":{"0":"post-96203","1":"product","2":"type-product","3":"status-publish","4":"has-post-thumbnail","6":"product_brand-waudog","7":"product_cat-lemmiklooma-transport-ja-jalutusrihmad","8":"product_shipping_class-innpro","10":"first","11":"instock","12":"sale","13":"taxable","14":"shipping-taxable","15":"purchasable","16":"product-type-simple"},"_links":{"self":[{"href":"https:\/\/blankpage.ee\/_ruumist-ruumi\/wp-json\/wp\/v2\/product\/96203","targetHints":{"allow":["GET"]}}],"collection":[{"href":"https:\/\/blankpage.ee\/_ruumist-ruumi\/wp-json\/wp\/v2\/product"}],"about":[{"href":"https:\/\/blankpage.ee\/_ruumist-ruumi\/wp-json\/wp\/v2\/types\/product"}],"replies":[{"embeddable":true,"href":"https:\/\/blankpage.ee\/_ruumist-ruumi\/wp-json\/wp\/v2\/comments?post=96203"}],"wp:featuredmedia":[{"embeddable":true,"href":"https:\/\/blankpage.ee\/_ruumist-ruumi\/wp-json\/wp\/v2\/media\/175356"}],"wp:attachment":[{"href":"https:\/\/blankpage.ee\/_ruumist-ruumi\/wp-json\/wp\/v2\/media?parent=96203"}],"wp:term":[{"taxonomy":"product_brand","embeddable":true,"href":"https:\/\/blankpage.ee\/_ruumist-ruumi\/wp-json\/wp\/v2\/product_brand?post=96203"},{"taxonomy":"product_cat","embeddable":true,"href":"https:\/\/blankpage.ee\/_ruumist-ruumi\/wp-json\/wp\/v2\/product_cat?post=96203"},{"taxonomy":"product_tag","embeddable":true,"href":"https:\/\/blankpage.ee\/_ruumist-ruumi\/wp-json\/wp\/v2\/product_tag?post=96203"}],"curies":[{"name":"wp","href":"https:\/\/api.w.org\/{rel}","templated":true}]}}