{"id":96209,"date":"2025-04-19T21:44:52","date_gmt":"2025-04-19T21:44:52","guid":{"rendered":"https:\/\/ruumistruumi.ee\/?post_type=product&#038;p=96209"},"modified":"2025-08-21T08:18:23","modified_gmt":"2025-08-21T08:18:23","slug":"lilla-gradiendiga-koerarihm-waudog-nailon-15-mm-x-122-cm","status":"publish","type":"product","link":"https:\/\/blankpage.ee\/_ruumist-ruumi\/pood\/lilla-gradiendiga-koerarihm-waudog-nailon-15-mm-x-122-cm\/","title":{"rendered":"Lilla gradiendiga koerarihm WAUDOG, nailon, 15 mm \u00d7 122 cm"},"content":{"rendered":"<h3>Lilla koerarihm WAUDOG \u2013 gradiendiga nailonist, vastupidav ja mugav<\/h3>\n<p>Lilla koerarihm WAUDOG on valmistatud vastupidavast nailonist, pakkudes samal ajal mugavust ja silmapaistvat v\u00e4limust. 15 mm lai rihm sobib h\u00e4sti v\u00e4ikest t\u00f5ugu koertele, pakkudes kindlat haaret ning 122 cm pikkus v\u00f5imaldab hoida koera mugavalt kontrolli all, andes samal ajal ruumi vaba liikumise jaoks.<\/p>\n<p>Koerarihm on toodetud taaskasutatud plastikust (rPET), mis teeb selle keskkonnas\u00f5bralikuks ja eriti vastupidavaks ka igap\u00e4evasel kasutamisel. Titaankattega metallist karabiin lisab suuremat kulumiskindlust ja pikkendab rihma eluiga. Gradiendiga lilla toon muudab rihma modernseks ning sobib h\u00e4sti igap\u00e4evaseks jalutamiseks.<\/p>\n<p>\n<img decoding=\"async\" border=\"0\" src=\"https:\/\/blankpage.ee\/_ruumist-ruumi\/wp-content\/uploads\/2025\/04\/2-638.webp\" alt=\"Gradiendiga lilla koerarihm WAUDOG metallist titaankattega karabiiniga\"\/>\n<\/p>\n<h3>Tehnilised andmed \u2013 lilla koerarihm v\u00e4ikestele koertele<\/h3>\n<table>\n<tbody>\n<tr>\n<th>Tootja<\/th>\n<td>WAUDOG<\/td>\n<\/tr>\n<tr>\n<th>Materjal<\/th>\n<td>rPET (taaskasutatud plastik)<\/td>\n<\/tr>\n<tr>\n<th>V\u00e4rv<\/th>\n<td>Lilla gradiendiga<\/td>\n<\/tr>\n<tr>\n<th>Pikkus<\/th>\n<td>122 cm<\/td>\n<\/tr>\n<tr>\n<th>Laius<\/th>\n<td>15 mm<\/td>\n<\/tr>\n<tr>\n<th>Suurus<\/th>\n<td>S (v\u00e4ikestele koertele)<\/td>\n<\/tr>\n<tr>\n<th>Sobivus<\/th>\n<td>V\u00e4ikest t\u00f5ugu koerad<\/td>\n<\/tr>\n<\/tbody>\n<\/table>\n","protected":false},"excerpt":{"rendered":"<p>Lilla koerarihm WAUDOG \u2013 gradiendiga nailonist, vastupidav ja mugav Lilla koerarihm WAUDOG on valmistatud vastupidavast nailonist, pakkudes samal ajal mugavust ja silmapaistvat v\u00e4limust. 15 mm lai rihm sobib h\u00e4sti v\u00e4ikest t\u00f5ugu koertele, pakkudes kindlat haaret ning 122 cm pikkus v\u00f5imaldab hoida koera mugavalt kontrolli all, andes samal ajal ruumi vaba liikumise jaoks. Koerarihm on toodetud [&hellip;]<\/p>\n","protected":false},"featured_media":175362,"comment_status":"open","ping_status":"open","template":"","meta":[],"product_brand":[3117],"product_cat":[1262],"product_tag":[],"class_list":{"0":"post-96209","1":"product","2":"type-product","3":"status-publish","4":"has-post-thumbnail","6":"product_brand-waudog","7":"product_cat-lemmiklooma-transport-ja-jalutusrihmad","8":"product_shipping_class-innpro","10":"first","11":"instock","12":"sale","13":"taxable","14":"shipping-taxable","15":"purchasable","16":"product-type-simple"},"_links":{"self":[{"href":"https:\/\/blankpage.ee\/_ruumist-ruumi\/wp-json\/wp\/v2\/product\/96209","targetHints":{"allow":["GET"]}}],"collection":[{"href":"https:\/\/blankpage.ee\/_ruumist-ruumi\/wp-json\/wp\/v2\/product"}],"about":[{"href":"https:\/\/blankpage.ee\/_ruumist-ruumi\/wp-json\/wp\/v2\/types\/product"}],"replies":[{"embeddable":true,"href":"https:\/\/blankpage.ee\/_ruumist-ruumi\/wp-json\/wp\/v2\/comments?post=96209"}],"wp:featuredmedia":[{"embeddable":true,"href":"https:\/\/blankpage.ee\/_ruumist-ruumi\/wp-json\/wp\/v2\/media\/175362"}],"wp:attachment":[{"href":"https:\/\/blankpage.ee\/_ruumist-ruumi\/wp-json\/wp\/v2\/media?parent=96209"}],"wp:term":[{"taxonomy":"product_brand","embeddable":true,"href":"https:\/\/blankpage.ee\/_ruumist-ruumi\/wp-json\/wp\/v2\/product_brand?post=96209"},{"taxonomy":"product_cat","embeddable":true,"href":"https:\/\/blankpage.ee\/_ruumist-ruumi\/wp-json\/wp\/v2\/product_cat?post=96209"},{"taxonomy":"product_tag","embeddable":true,"href":"https:\/\/blankpage.ee\/_ruumist-ruumi\/wp-json\/wp\/v2\/product_tag?post=96209"}],"curies":[{"name":"wp","href":"https:\/\/api.w.org\/{rel}","templated":true}]}}