{"id":96227,"date":"2025-04-19T21:47:36","date_gmt":"2025-04-19T21:47:36","guid":{"rendered":"https:\/\/ruumistruumi.ee\/?post_type=product&#038;p=96227"},"modified":"2025-08-21T08:18:22","modified_gmt":"2025-08-21T08:18:22","slug":"qr-koodiga-koerarihm-waudog-l-sinine-33-49-cm-nailonist","status":"publish","type":"product","link":"https:\/\/blankpage.ee\/_ruumist-ruumi\/pood\/qr-koodiga-koerarihm-waudog-l-sinine-33-49-cm-nailonist\/","title":{"rendered":"QR koodiga koerarihm WAUDOG L, sinine (33\u201349 cm), nailonist"},"content":{"rendered":"<h3>QR koodiga koerarihm WAUDOG, nailon, L, sinine<\/h3>\n<p>QR koodiga koerarihm WAUDOG on ideaalne valik suurema kasvuga koertele. Sinisest vastupidavast ja pehmest taaskasutatud rPET nailonist valmistatud kaelarihm talub sinu igap\u00e4evaseid jalutusk\u00e4ike ning intensiivsemat kasutust. Reguleeritav pikkus (33\u201349 cm) v\u00f5imaldab sobitada kaelarihma mugavalt erinevatele kaela\u00fcmberm\u00f5\u00f5tudele, tagades alati kindla ja turvalise istuvuse.<\/p>\n<h3>Turvalisus t\u00e4nu QR-koodile ja isikup\u00e4rane l\u00e4henemine<\/h3>\n<p>Selle koerarihma suurim eelis on integreeritud QR-kood, mille skaneerimisel saab ligi omaniku kontaktandmetele. Kui neljajalgne s\u00f5ber peaks kaduma, lihtsustab QR-kood igas olukorras kiire kontakti loomist. See annab sulle meelerahu ja suurendab lemmiku leidmise v\u00f5imalust.<\/p>\n<p>\n<img decoding=\"async\" alt=\"Sinine QR koodiga koerarihm WAUDOG nailonist, suurtele koertele\" src=\"https:\/\/blankpage.ee\/_ruumist-ruumi\/wp-content\/uploads\/2025\/04\/1-664.webp\"\/>\n<\/p>\n<table>\n<tr>\n<th>Tootja<\/th>\n<td>WAUDOG<\/td>\n<\/tr>\n<tr>\n<th>Materjal<\/th>\n<td>rPET nailon<\/td>\n<\/tr>\n<tr>\n<th>V\u00e4rv<\/th>\n<td>Sinine<\/td>\n<\/tr>\n<tr>\n<th>Suurus<\/th>\n<td>L<\/td>\n<\/tr>\n<tr>\n<th>Laius<\/th>\n<td>25 mm<\/td>\n<\/tr>\n<tr>\n<th>Minimaalne kaela\u00fcmberm\u00f5\u00f5t<\/th>\n<td>33 cm<\/td>\n<\/tr>\n<tr>\n<th>Maksimaalne kaela\u00fcmberm\u00f5\u00f5t<\/th>\n<td>49 cm<\/td>\n<\/tr>\n<tr>\n<th>Sobib t\u00f5ugudele<\/th>\n<td>Suured koerad<\/td>\n<\/tr>\n<\/table>\n<p>Kui otsid vastupidavat, praktilist ja ohutut lahendust, siis QR koodiga koerarihm WAUDOG on usaldusv\u00e4\u00e4rne valik ja aitab vajaduse korral lemmiku alati koju tagasi viia.<\/p>\n","protected":false},"excerpt":{"rendered":"<p>QR koodiga koerarihm WAUDOG, nailon, L, sinine QR koodiga koerarihm WAUDOG on ideaalne valik suurema kasvuga koertele. Sinisest vastupidavast ja pehmest taaskasutatud rPET nailonist valmistatud kaelarihm talub sinu igap\u00e4evaseid jalutusk\u00e4ike ning intensiivsemat kasutust. Reguleeritav pikkus (33\u201349 cm) v\u00f5imaldab sobitada kaelarihma mugavalt erinevatele kaela\u00fcmberm\u00f5\u00f5tudele, tagades alati kindla ja turvalise istuvuse. Turvalisus t\u00e4nu QR-koodile ja isikup\u00e4rane l\u00e4henemine [&hellip;]<\/p>\n","protected":false},"featured_media":175385,"comment_status":"open","ping_status":"open","template":"","meta":[],"product_brand":[3117],"product_cat":[1262],"product_tag":[],"class_list":{"0":"post-96227","1":"product","2":"type-product","3":"status-publish","4":"has-post-thumbnail","6":"product_brand-waudog","7":"product_cat-lemmiklooma-transport-ja-jalutusrihmad","8":"product_shipping_class-innpro","10":"first","11":"instock","12":"sale","13":"taxable","14":"shipping-taxable","15":"purchasable","16":"product-type-simple"},"_links":{"self":[{"href":"https:\/\/blankpage.ee\/_ruumist-ruumi\/wp-json\/wp\/v2\/product\/96227","targetHints":{"allow":["GET"]}}],"collection":[{"href":"https:\/\/blankpage.ee\/_ruumist-ruumi\/wp-json\/wp\/v2\/product"}],"about":[{"href":"https:\/\/blankpage.ee\/_ruumist-ruumi\/wp-json\/wp\/v2\/types\/product"}],"replies":[{"embeddable":true,"href":"https:\/\/blankpage.ee\/_ruumist-ruumi\/wp-json\/wp\/v2\/comments?post=96227"}],"wp:featuredmedia":[{"embeddable":true,"href":"https:\/\/blankpage.ee\/_ruumist-ruumi\/wp-json\/wp\/v2\/media\/175385"}],"wp:attachment":[{"href":"https:\/\/blankpage.ee\/_ruumist-ruumi\/wp-json\/wp\/v2\/media?parent=96227"}],"wp:term":[{"taxonomy":"product_brand","embeddable":true,"href":"https:\/\/blankpage.ee\/_ruumist-ruumi\/wp-json\/wp\/v2\/product_brand?post=96227"},{"taxonomy":"product_cat","embeddable":true,"href":"https:\/\/blankpage.ee\/_ruumist-ruumi\/wp-json\/wp\/v2\/product_cat?post=96227"},{"taxonomy":"product_tag","embeddable":true,"href":"https:\/\/blankpage.ee\/_ruumist-ruumi\/wp-json\/wp\/v2\/product_tag?post=96227"}],"curies":[{"name":"wp","href":"https:\/\/api.w.org\/{rel}","templated":true}]}}