{"id":96232,"date":"2025-04-19T21:47:36","date_gmt":"2025-04-19T21:47:36","guid":{"rendered":"https:\/\/ruumistruumi.ee\/?post_type=product&#038;p=96232"},"modified":"2025-08-21T08:18:22","modified_gmt":"2025-08-21T08:18:22","slug":"qr-koodiga-oranz-nailonist-koerarihm-waudog-l-33-49-cm","status":"publish","type":"product","link":"https:\/\/blankpage.ee\/_ruumist-ruumi\/pood\/qr-koodiga-oranz-nailonist-koerarihm-waudog-l-33-49-cm\/","title":{"rendered":"QR-koodiga oran\u017e nailonist koerarihm WAUDOG L (33\u201349 cm)"},"content":{"rendered":"<h3>QR koodiga koerarihm oran\u017eist nailonist WAUDOG L (33\u201349 cm)<\/h3>\n<p>QR koodiga koerarihm on usaldusv\u00e4\u00e4rne valik suurtele koertele. Tugevast ja vastupidavast taaskasutatud rPET nailonmaterjalist valmistatud rihm talub h\u00e4sti igap\u00e4evast kasutust ning tagab koerale mugava kandmise. Reguleeritav pikkus 33\u201349 cm v\u00f5imaldab rihma h\u00f5lpsasti sobitada sinu koera kaelaga.<\/p>\n<p>\n<img decoding=\"async\" src=\"https:\/\/blankpage.ee\/_ruumist-ruumi\/wp-content\/uploads\/2025\/04\/2-641.webp\" alt=\"QR koodiga koerarihm oran\u017e, suurusele L, koerale\"\/>\n<\/p>\n<h3>QR koodiga tuvastus \u2013 lisaturvalisus igale koeraomanikule<\/h3>\n<p>Selle koerarihma olulisim omadus on sisseehitatud QR-kood, mille abil leiab koera kadumisel kiiresti \u00fcles tema omaniku kontaktandmed. See nutikas lahendus aitab lemmiku kadumisel kiirelt ja lihtsalt omaniku juurde tagasi viia.<\/p>\n<p>\n<img decoding=\"async\" src=\"https:\/\/blankpage.ee\/_ruumist-ruumi\/wp-content\/uploads\/2025\/04\/1-665.webp\" alt=\"Nailonist oran\u017e koerarihm QR koodiga ja metallist kinnitusega\"\/>\n<\/p>\n<h3>Tehnilised andmed \u2013 vastupidav nailonist kaelarihm suurtele koertele<\/h3>\n<table>\n<tbody>\n<tr>\n<th>Tootja<\/th>\n<td>WAUDOG<\/td>\n<\/tr>\n<tr>\n<th>Materjal<\/th>\n<td>taaskasutatud rPET nailon<\/td>\n<\/tr>\n<tr>\n<th>V\u00e4rv<\/th>\n<td>oran\u017e\/gradient<\/td>\n<\/tr>\n<tr>\n<th>Suurus<\/th>\n<td>L<\/td>\n<\/tr>\n<tr>\n<th>Laius<\/th>\n<td>25 mm<\/td>\n<\/tr>\n<tr>\n<th>Kaela\u00fcmberm\u00f5\u00f5t<\/th>\n<td>33\u201349 cm<\/td>\n<\/tr>\n<tr>\n<th>Sobib t\u00f5ugudele<\/th>\n<td>suured koerad<\/td>\n<\/tr>\n<\/tbody>\n<\/table>\n","protected":false},"excerpt":{"rendered":"<p>QR koodiga koerarihm oran\u017eist nailonist WAUDOG L (33\u201349 cm) QR koodiga koerarihm on usaldusv\u00e4\u00e4rne valik suurtele koertele. Tugevast ja vastupidavast taaskasutatud rPET nailonmaterjalist valmistatud rihm talub h\u00e4sti igap\u00e4evast kasutust ning tagab koerale mugava kandmise. Reguleeritav pikkus 33\u201349 cm v\u00f5imaldab rihma h\u00f5lpsasti sobitada sinu koera kaelaga. QR koodiga tuvastus \u2013 lisaturvalisus igale koeraomanikule Selle koerarihma olulisim [&hellip;]<\/p>\n","protected":false},"featured_media":175391,"comment_status":"open","ping_status":"open","template":"","meta":[],"product_brand":[3117],"product_cat":[1262],"product_tag":[],"class_list":{"0":"post-96232","1":"product","2":"type-product","3":"status-publish","4":"has-post-thumbnail","6":"product_brand-waudog","7":"product_cat-lemmiklooma-transport-ja-jalutusrihmad","8":"product_shipping_class-innpro","10":"first","11":"instock","12":"sale","13":"taxable","14":"shipping-taxable","15":"purchasable","16":"product-type-simple"},"_links":{"self":[{"href":"https:\/\/blankpage.ee\/_ruumist-ruumi\/wp-json\/wp\/v2\/product\/96232","targetHints":{"allow":["GET"]}}],"collection":[{"href":"https:\/\/blankpage.ee\/_ruumist-ruumi\/wp-json\/wp\/v2\/product"}],"about":[{"href":"https:\/\/blankpage.ee\/_ruumist-ruumi\/wp-json\/wp\/v2\/types\/product"}],"replies":[{"embeddable":true,"href":"https:\/\/blankpage.ee\/_ruumist-ruumi\/wp-json\/wp\/v2\/comments?post=96232"}],"wp:featuredmedia":[{"embeddable":true,"href":"https:\/\/blankpage.ee\/_ruumist-ruumi\/wp-json\/wp\/v2\/media\/175391"}],"wp:attachment":[{"href":"https:\/\/blankpage.ee\/_ruumist-ruumi\/wp-json\/wp\/v2\/media?parent=96232"}],"wp:term":[{"taxonomy":"product_brand","embeddable":true,"href":"https:\/\/blankpage.ee\/_ruumist-ruumi\/wp-json\/wp\/v2\/product_brand?post=96232"},{"taxonomy":"product_cat","embeddable":true,"href":"https:\/\/blankpage.ee\/_ruumist-ruumi\/wp-json\/wp\/v2\/product_cat?post=96232"},{"taxonomy":"product_tag","embeddable":true,"href":"https:\/\/blankpage.ee\/_ruumist-ruumi\/wp-json\/wp\/v2\/product_tag?post=96232"}],"curies":[{"name":"wp","href":"https:\/\/api.w.org\/{rel}","templated":true}]}}