{"id":96266,"date":"2025-04-19T21:52:58","date_gmt":"2025-04-19T21:52:58","guid":{"rendered":"https:\/\/ruumistruumi.ee\/?post_type=product&#038;p=96266"},"modified":"2025-08-21T08:18:22","modified_gmt":"2025-08-21T08:18:22","slug":"nasa-mustriga-reguleeritav-nailonist-koera-jalutusrihm-waudog-20-mm-pikkus-152-183-cm","status":"publish","type":"product","link":"https:\/\/blankpage.ee\/_ruumist-ruumi\/pood\/nasa-mustriga-reguleeritav-nailonist-koera-jalutusrihm-waudog-20-mm-pikkus-152-183-cm\/","title":{"rendered":"NASA mustriga reguleeritav nailonist koera jalutusrihm Waudog, 20 mm, pikkus 152\u2013183 cm"},"content":{"rendered":"<h3>NASA koera jalutusrihm Waudog nailonist \u2013 20 mm lai ja 152\u2013183 cm pikk<\/h3>\n<p>NASA koera jalutusrihm on mugav ja vastupidav valik igale koeraomanikule, kes hindab kvaliteeti ning oman\u00e4olist kosmilist stiili. Jalutusrihm on valmistatud tugevast ja vastupidavast nailonist, mis tagab vastupidavuse ning mugava kasutamise nii l\u00fchematel kui ka pikematel jalutusk\u00e4ikudel. 20 mm laiusega rihm p\u00fcsib h\u00e4sti k\u00e4es ja sobib nii v\u00e4iksematele kui ka keskmise suurusega koertele.<\/p>\n<p>Jalutusrihma pikkust saab h\u00f5lpsalt reguleerida vahemikus 152\u2013183 cm, et sobituda t\u00e4pselt sinu koera vajadustega ja erinevate olukordadega. Tugevad metallkinnitused annavad kindluse, et rihm peab vastu ka aktiivsemate jalutusk\u00e4ikude puhul. Eriti erilise v\u00e4limuse annab mustrile prinditud NASA logo koos astronaudi, planeetide ja t\u00e4htede motiividega, mis muudab iga jalutusk\u00e4igu silmapaistvaks.<\/p>\n<p>Kujunduse kirkad v\u00e4rvid p\u00fcsivad ka igap\u00e4evase kasutuse korral ja ei tuhmu aja jooksul. See NASA koera jalutusrihm sobib suurep\u00e4raselt neile, kes soovivad oma lemmiklooma jalutades r\u00f5hutada unikaalset stiili ja tuua argip\u00e4eva veidi avakosmosest inspireeritud meeleolu.<\/p>\n<p><img decoding=\"async\" border=\"0\" src=\"https:\/\/blankpage.ee\/_ruumist-ruumi\/wp-content\/uploads\/2025\/04\/1-673.webp\" alt=\"NASA koera jalutusrihm musta nailonrihma ning NASA logoga, astronaudi, planeetide ja t\u00e4htedega muster\" \/><\/p>\n<div class=\"table-wrapper\">\n<table>\n<tbody>\n<tr>\n<th>Tootja<\/th>\n<td>Waudog<\/td>\n<\/tr>\n<tr>\n<th>Materjal<\/th>\n<td>Nailon<\/td>\n<\/tr>\n<tr>\n<th>Laius<\/th>\n<td>20 mm<\/td>\n<\/tr>\n<tr>\n<th>Pikkus<\/th>\n<td>152\u2013183 cm<\/td>\n<\/tr>\n<\/tbody>\n<\/table>\n<\/div>\n","protected":false},"excerpt":{"rendered":"<p>NASA koera jalutusrihm Waudog nailonist \u2013 20 mm lai ja 152\u2013183 cm pikk NASA koera jalutusrihm on mugav ja vastupidav valik igale koeraomanikule, kes hindab kvaliteeti ning oman\u00e4olist kosmilist stiili. Jalutusrihm on valmistatud tugevast ja vastupidavast nailonist, mis tagab vastupidavuse ning mugava kasutamise nii l\u00fchematel kui ka pikematel jalutusk\u00e4ikudel. 20 mm laiusega rihm p\u00fcsib h\u00e4sti [&hellip;]<\/p>\n","protected":false},"featured_media":175429,"comment_status":"open","ping_status":"open","template":"","meta":[],"product_brand":[3117],"product_cat":[1262],"product_tag":[],"class_list":{"0":"post-96266","1":"product","2":"type-product","3":"status-publish","4":"has-post-thumbnail","6":"product_brand-waudog","7":"product_cat-lemmiklooma-transport-ja-jalutusrihmad","8":"product_shipping_class-innpro","10":"first","11":"instock","12":"sale","13":"taxable","14":"shipping-taxable","15":"purchasable","16":"product-type-simple"},"_links":{"self":[{"href":"https:\/\/blankpage.ee\/_ruumist-ruumi\/wp-json\/wp\/v2\/product\/96266","targetHints":{"allow":["GET"]}}],"collection":[{"href":"https:\/\/blankpage.ee\/_ruumist-ruumi\/wp-json\/wp\/v2\/product"}],"about":[{"href":"https:\/\/blankpage.ee\/_ruumist-ruumi\/wp-json\/wp\/v2\/types\/product"}],"replies":[{"embeddable":true,"href":"https:\/\/blankpage.ee\/_ruumist-ruumi\/wp-json\/wp\/v2\/comments?post=96266"}],"wp:featuredmedia":[{"embeddable":true,"href":"https:\/\/blankpage.ee\/_ruumist-ruumi\/wp-json\/wp\/v2\/media\/175429"}],"wp:attachment":[{"href":"https:\/\/blankpage.ee\/_ruumist-ruumi\/wp-json\/wp\/v2\/media?parent=96266"}],"wp:term":[{"taxonomy":"product_brand","embeddable":true,"href":"https:\/\/blankpage.ee\/_ruumist-ruumi\/wp-json\/wp\/v2\/product_brand?post=96266"},{"taxonomy":"product_cat","embeddable":true,"href":"https:\/\/blankpage.ee\/_ruumist-ruumi\/wp-json\/wp\/v2\/product_cat?post=96266"},{"taxonomy":"product_tag","embeddable":true,"href":"https:\/\/blankpage.ee\/_ruumist-ruumi\/wp-json\/wp\/v2\/product_tag?post=96266"}],"curies":[{"name":"wp","href":"https:\/\/api.w.org\/{rel}","templated":true}]}}