{"id":96292,"date":"2025-04-19T21:58:28","date_gmt":"2025-04-19T21:58:28","guid":{"rendered":"https:\/\/ruumistruumi.ee\/?post_type=product&#038;p=96292"},"modified":"2025-08-21T08:18:21","modified_gmt":"2025-08-21T08:18:21","slug":"koerakaelarihm-qr-koodiga-waudog-nasa21-nailonist-m-20-mm","status":"publish","type":"product","link":"https:\/\/blankpage.ee\/_ruumist-ruumi\/pood\/koerakaelarihm-qr-koodiga-waudog-nasa21-nailonist-m-20-mm\/","title":{"rendered":"Koerakaelarihm QR koodiga Waudog NASA21, nailonist, M (20 mm)"},"content":{"rendered":"<h3>Koerakaelarihm QR koodiga Waudog NASA21 nailonist, M-suurus<\/h3>\n<p>Koerakaelarihm QR koodiga Waudog NASA21 on vastupidav, mugav ja turvaline lahendus keskmist kasvu koertele. Rihm on valmistatud tugevast nailonist ning selle laius on 20 mm. M-suurus sobib koertele, kelle kaela\u00fcmberm\u00f5\u00f5t j\u00e4\u00e4b vahemikku 28\u201340 cm, v\u00f5imaldades rihma olenemata koera vajadustest lihtsalt reguleerida. Kaelarihma pinnal on silmatorkav galaktikamuster, mis annab sellele moodsa ja futuristliku v\u00e4limuse.<\/p>\n<p>\n<img decoding=\"async\" src=\"https:\/\/blankpage.ee\/_ruumist-ruumi\/wp-content\/uploads\/2025\/04\/2-649.webp\" alt=\"koerakaelarihm QR koodiga galaktikamustriga, Waudog NASA21\"\/>\n<\/p>\n<h3>Nutikas lahendus: QR koodiga koerakaelarihm<\/h3>\n<p>Koerakaelarihma QR koodiga suur eelis on spetsiaalne QR-koodiga medaljon, mis v\u00f5imaldab luua lemmikule detailse digitaalse profiili koos omaniku kontaktandmete, meditsiiniliste m\u00e4rkmete ja muu olulise teabega. Juhul kui koer peaks kaduma, saab leidja QR-koodi kiiresti skannida ja omanikuga otse \u00fchendust v\u00f5tta. Omanikule saadetakse samaaegselt ka e-kiri koos GPS-asukohaga, mis lihtsustab lemmiku leidmist oluliselt.<\/p>\n<p>\n<img decoding=\"async\" src=\"https:\/\/blankpage.ee\/_ruumist-ruumi\/wp-content\/uploads\/2025\/04\/1-680.webp\" alt=\"QR-koodiga medaljon ja turvaline lukustusmehhanism Waudog NASA21 koerakaelarihm\"\/>\n<\/p>\n<div class=\"table-wrapper\">\n<table>\n<tbody>\n<tr>\n<th>Br\u00e4nd<\/th>\n<td>Waudog<\/td>\n<\/tr>\n<tr>\n<th>Materjal<\/th>\n<td>Nailon<\/td>\n<\/tr>\n<tr>\n<th>Laius<\/th>\n<td>20 mm<\/td>\n<\/tr>\n<tr>\n<th>Minimaalne kaela\u00fcmberm\u00f5\u00f5t<\/th>\n<td>28 cm<\/td>\n<\/tr>\n<tr>\n<th>Maksimaalne kaela\u00fcmberm\u00f5\u00f5t<\/th>\n<td>40 cm<\/td>\n<\/tr>\n<tr>\n<th>Suurus<\/th>\n<td>M<\/td>\n<\/tr>\n<tr>\n<th>Sobivus<\/th>\n<td>Keskmist kasvu koertele<\/td>\n<\/tr>\n<\/tbody>\n<\/table>\n<\/div>\n","protected":false},"excerpt":{"rendered":"<p>Koerakaelarihm QR koodiga Waudog NASA21 nailonist, M-suurus Koerakaelarihm QR koodiga Waudog NASA21 on vastupidav, mugav ja turvaline lahendus keskmist kasvu koertele. Rihm on valmistatud tugevast nailonist ning selle laius on 20 mm. M-suurus sobib koertele, kelle kaela\u00fcmberm\u00f5\u00f5t j\u00e4\u00e4b vahemikku 28\u201340 cm, v\u00f5imaldades rihma olenemata koera vajadustest lihtsalt reguleerida. Kaelarihma pinnal on silmatorkav galaktikamuster, mis annab [&hellip;]<\/p>\n","protected":false},"featured_media":175461,"comment_status":"open","ping_status":"open","template":"","meta":[],"product_brand":[3117],"product_cat":[1262],"product_tag":[],"class_list":{"0":"post-96292","1":"product","2":"type-product","3":"status-publish","4":"has-post-thumbnail","6":"product_brand-waudog","7":"product_cat-lemmiklooma-transport-ja-jalutusrihmad","8":"product_shipping_class-innpro","10":"first","11":"instock","12":"sale","13":"taxable","14":"shipping-taxable","15":"purchasable","16":"product-type-simple"},"_links":{"self":[{"href":"https:\/\/blankpage.ee\/_ruumist-ruumi\/wp-json\/wp\/v2\/product\/96292","targetHints":{"allow":["GET"]}}],"collection":[{"href":"https:\/\/blankpage.ee\/_ruumist-ruumi\/wp-json\/wp\/v2\/product"}],"about":[{"href":"https:\/\/blankpage.ee\/_ruumist-ruumi\/wp-json\/wp\/v2\/types\/product"}],"replies":[{"embeddable":true,"href":"https:\/\/blankpage.ee\/_ruumist-ruumi\/wp-json\/wp\/v2\/comments?post=96292"}],"wp:featuredmedia":[{"embeddable":true,"href":"https:\/\/blankpage.ee\/_ruumist-ruumi\/wp-json\/wp\/v2\/media\/175461"}],"wp:attachment":[{"href":"https:\/\/blankpage.ee\/_ruumist-ruumi\/wp-json\/wp\/v2\/media?parent=96292"}],"wp:term":[{"taxonomy":"product_brand","embeddable":true,"href":"https:\/\/blankpage.ee\/_ruumist-ruumi\/wp-json\/wp\/v2\/product_brand?post=96292"},{"taxonomy":"product_cat","embeddable":true,"href":"https:\/\/blankpage.ee\/_ruumist-ruumi\/wp-json\/wp\/v2\/product_cat?post=96292"},{"taxonomy":"product_tag","embeddable":true,"href":"https:\/\/blankpage.ee\/_ruumist-ruumi\/wp-json\/wp\/v2\/product_tag?post=96292"}],"curies":[{"name":"wp","href":"https:\/\/api.w.org\/{rel}","templated":true}]}}