{"id":96362,"date":"2025-04-19T22:22:06","date_gmt":"2025-04-19T22:22:06","guid":{"rendered":"https:\/\/ruumistruumi.ee\/?post_type=product&#038;p=96362"},"modified":"2025-08-21T08:18:19","modified_gmt":"2025-08-21T08:18:19","slug":"qr-koerakaelarihm-waudog-oranz-reguleeritav-15-mm-25-35-cm","status":"publish","type":"product","link":"https:\/\/blankpage.ee\/_ruumist-ruumi\/pood\/qr-koerakaelarihm-waudog-oranz-reguleeritav-15-mm-25-35-cm\/","title":{"rendered":"QR koerakaelarihm WAUDOG oran\u017e, reguleeritav 15 mm (25\u201335 cm)"},"content":{"rendered":"<h3>QR koerakaelarihm WAUDOG, oran\u017e, reguleeritav 15 mm (25\u201335 cm)<\/h3>\n<p>QR koerakaelarihm on loodud aktiivsele koeraomanikule, kes hindab vastupidavust ja praktilisust. Kerge, kuid vastupidav rPET-materjal tagab mugava ja turvalise kandmise iga p\u00e4ev. Rihma laius on 15 mm ning pikkust saab h\u00f5lpsalt reguleerida vahemikus 25\u201335 cm, mis sobib ideaalselt v\u00e4ikestele ja keskmise suurusega koertele.<\/p>\n<p>Olulise lisana on kaelarihmal integreeritud QR-koodi ripats. QR-koodi skaneerimisel saavad leidjad kiiresti kontakti koera omaniku ja olulise infoga \u2013 nii on lemmiku leidmine palju lihtsam, kui ta peaks \u00e4ra eksima. Nii saad s\u00fcdamerahu, et su koer on ka v\u00e4ljas olles alati turvaline.<\/p>\n<p>\n    <img decoding=\"async\" border=\"0\" src=\"https:\/\/blankpage.ee\/_ruumist-ruumi\/wp-content\/uploads\/2025\/04\/2-643.webp\" alt=\"QR koerakaelarihm WAUDOG oran\u017e, reguleeritav rihm ja QR-koodiga ripats\" \/>\n<\/p>\n<h3>Olulisemad omadused ja tehnilised andmed<\/h3>\n<table>\n<tbody>\n<tr>\n<th>Tootja<\/th>\n<td>Waudog<\/td>\n<\/tr>\n<tr>\n<th>Materjal<\/th>\n<td>rPET<\/td>\n<\/tr>\n<tr>\n<th>V\u00e4rv<\/th>\n<td>Oran\u017e<\/td>\n<\/tr>\n<tr>\n<th>Laius<\/th>\n<td>15 mm<\/td>\n<\/tr>\n<tr>\n<th>Kaela \u00fcmberm\u00f5\u00f5t<\/th>\n<td>25\u201335 cm (reguleeritav)<\/td>\n<\/tr>\n<\/tbody>\n<\/table>\n<p>QR koerakaelarihm muudab sinu igap\u00e4evased jalutusk\u00e4igud turvalisemaks ja rahulikumaks \u2013 nutikas lahendus igale hoolivale koeraomanikule.<\/p>\n<p>\n    <img decoding=\"async\" border=\"0\" src=\"https:\/\/blankpage.ee\/_ruumist-ruumi\/wp-content\/uploads\/2025\/04\/3-623.webp\" alt=\"QR koerakaelarihma WAUDOG QR-koodi lahenduse toimimine\" \/><\/p>\n","protected":false},"excerpt":{"rendered":"<p>QR koerakaelarihm WAUDOG, oran\u017e, reguleeritav 15 mm (25\u201335 cm) QR koerakaelarihm on loodud aktiivsele koeraomanikule, kes hindab vastupidavust ja praktilisust. Kerge, kuid vastupidav rPET-materjal tagab mugava ja turvalise kandmise iga p\u00e4ev. Rihma laius on 15 mm ning pikkust saab h\u00f5lpsalt reguleerida vahemikus 25\u201335 cm, mis sobib ideaalselt v\u00e4ikestele ja keskmise suurusega koertele. Olulise lisana on [&hellip;]<\/p>\n","protected":false},"featured_media":175600,"comment_status":"open","ping_status":"open","template":"","meta":[],"product_brand":[3117],"product_cat":[1262],"product_tag":[],"class_list":{"0":"post-96362","1":"product","2":"type-product","3":"status-publish","4":"has-post-thumbnail","6":"product_brand-waudog","7":"product_cat-lemmiklooma-transport-ja-jalutusrihmad","8":"product_shipping_class-innpro","10":"first","11":"instock","12":"sale","13":"taxable","14":"shipping-taxable","15":"purchasable","16":"product-type-simple"},"_links":{"self":[{"href":"https:\/\/blankpage.ee\/_ruumist-ruumi\/wp-json\/wp\/v2\/product\/96362","targetHints":{"allow":["GET"]}}],"collection":[{"href":"https:\/\/blankpage.ee\/_ruumist-ruumi\/wp-json\/wp\/v2\/product"}],"about":[{"href":"https:\/\/blankpage.ee\/_ruumist-ruumi\/wp-json\/wp\/v2\/types\/product"}],"replies":[{"embeddable":true,"href":"https:\/\/blankpage.ee\/_ruumist-ruumi\/wp-json\/wp\/v2\/comments?post=96362"}],"wp:featuredmedia":[{"embeddable":true,"href":"https:\/\/blankpage.ee\/_ruumist-ruumi\/wp-json\/wp\/v2\/media\/175600"}],"wp:attachment":[{"href":"https:\/\/blankpage.ee\/_ruumist-ruumi\/wp-json\/wp\/v2\/media?parent=96362"}],"wp:term":[{"taxonomy":"product_brand","embeddable":true,"href":"https:\/\/blankpage.ee\/_ruumist-ruumi\/wp-json\/wp\/v2\/product_brand?post=96362"},{"taxonomy":"product_cat","embeddable":true,"href":"https:\/\/blankpage.ee\/_ruumist-ruumi\/wp-json\/wp\/v2\/product_cat?post=96362"},{"taxonomy":"product_tag","embeddable":true,"href":"https:\/\/blankpage.ee\/_ruumist-ruumi\/wp-json\/wp\/v2\/product_tag?post=96362"}],"curies":[{"name":"wp","href":"https:\/\/api.w.org\/{rel}","templated":true}]}}