{"id":9649,"date":"2024-11-01T17:00:56","date_gmt":"2024-11-01T17:00:56","guid":{"rendered":"https:\/\/ruumistruumi.ee\/pood\/must-kulglaud-avola-av2330-3-marmorist\/"},"modified":"2025-04-10T11:59:00","modified_gmt":"2025-04-10T11:59:00","slug":"must-korvallaud-avola-av2330-3-marmorist","status":"publish","type":"product","link":"https:\/\/blankpage.ee\/_ruumist-ruumi\/pood\/must-korvallaud-avola-av2330-3-marmorist\/","title":{"rendered":"Must k\u00f5rvallaud Avola AV2330-3, marmorist"},"content":{"rendered":"<p>Avola AV2330-3 abilaua elutuppa. See minimalistlik laud on t\u00e4ielikult valmistatud marmorist, mille s\u00fcmmeetriline struktuur ja lihtne kuju toovad esile loodusliku kivi ilu. Lauaplaadi \u00fcmarad servad lisavad kerget ja \u00f5hulist tunnetust.<\/p>\n<p>Avola kollektsiooni AV2330-3 abilaua unikaalsus peitub selle puhtas ja elegantses disainis. Poleeritud marmor annab lauale luksusliku viimistluse, mis sobib ideaalselt igasse kaasaegsesse elutuppa. Selle kompaktsed m\u00f5\u00f5tmed \u2013 laius 30,5 cm, s\u00fcgavus 38 cm ja k\u00f5rgus 46 cm \u2013 teevad sellest praktilise valiku v\u00e4iksematesse ruumidesse, pakkudes samas piisavalt pinda igap\u00e4evaste esemete hoidmiseks.<\/p>\n<p>Omadused:<br \/>\n<strong>Materjal:<\/strong> Marmor.<br \/>\n<strong>V\u00e4rv:<\/strong> Must.<br \/>\n<strong>M\u00f5\u00f5tmed:<\/strong> Laius 30,5 cm, s\u00fcgavus 38 cm, k\u00f5rgus 46 cm.<br \/>\n<strong>T\u00e4iendavad detailid:<\/strong> Poleeritud marmor, mis toob esile kivi loomuliku ilu.<br \/>\n<strong>Kokkupanek:<\/strong> Kokkupandud, ei vaja paigaldust. S\u00e4\u00e4stab aega ja vaeva.<\/p>\n<p>&nbsp;<\/p>\n","protected":false},"excerpt":{"rendered":"<p>Avola AV2330-3 abilaua elutuppa. See minimalistlik laud on t\u00e4ielikult valmistatud marmorist, mille s\u00fcmmeetriline struktuur ja lihtne kuju toovad esile loodusliku kivi ilu. Lauaplaadi \u00fcmarad servad lisavad kerget ja \u00f5hulist tunnetust. Avola kollektsiooni AV2330-3 abilaua unikaalsus peitub selle puhtas ja elegantses disainis. Poleeritud marmor annab lauale luksusliku viimistluse, mis sobib ideaalselt igasse kaasaegsesse elutuppa. Selle kompaktsed [&hellip;]<\/p>\n","protected":false},"featured_media":9650,"comment_status":"open","ping_status":"closed","template":"","meta":[],"product_brand":[],"product_cat":[145],"product_tag":[],"class_list":{"0":"post-9649","1":"product","2":"type-product","3":"status-publish","4":"has-post-thumbnail","6":"product_cat-lisalauad","7":"product_shipping_class-livin-hill","8":"pa_kollektsioon-avola","9":"pa_materjal-marmoreerunud","10":"pa_varv-must","12":"first","13":"instock","14":"sale","15":"taxable","16":"shipping-taxable","17":"purchasable","18":"product-type-simple"},"_links":{"self":[{"href":"https:\/\/blankpage.ee\/_ruumist-ruumi\/wp-json\/wp\/v2\/product\/9649","targetHints":{"allow":["GET"]}}],"collection":[{"href":"https:\/\/blankpage.ee\/_ruumist-ruumi\/wp-json\/wp\/v2\/product"}],"about":[{"href":"https:\/\/blankpage.ee\/_ruumist-ruumi\/wp-json\/wp\/v2\/types\/product"}],"replies":[{"embeddable":true,"href":"https:\/\/blankpage.ee\/_ruumist-ruumi\/wp-json\/wp\/v2\/comments?post=9649"}],"wp:featuredmedia":[{"embeddable":true,"href":"https:\/\/blankpage.ee\/_ruumist-ruumi\/wp-json\/wp\/v2\/media\/9650"}],"wp:attachment":[{"href":"https:\/\/blankpage.ee\/_ruumist-ruumi\/wp-json\/wp\/v2\/media?parent=9649"}],"wp:term":[{"taxonomy":"product_brand","embeddable":true,"href":"https:\/\/blankpage.ee\/_ruumist-ruumi\/wp-json\/wp\/v2\/product_brand?post=9649"},{"taxonomy":"product_cat","embeddable":true,"href":"https:\/\/blankpage.ee\/_ruumist-ruumi\/wp-json\/wp\/v2\/product_cat?post=9649"},{"taxonomy":"product_tag","embeddable":true,"href":"https:\/\/blankpage.ee\/_ruumist-ruumi\/wp-json\/wp\/v2\/product_tag?post=9649"}],"curies":[{"name":"wp","href":"https:\/\/api.w.org\/{rel}","templated":true}]}}