{"id":96708,"date":"2025-04-19T17:01:19","date_gmt":"2025-04-19T17:01:19","guid":{"rendered":"https:\/\/ruumistruumi.ee\/?post_type=product&#038;p=96708"},"modified":"2025-08-21T08:18:35","modified_gmt":"2025-08-21T08:18:35","slug":"nutikas-lemmiklooma-toidudosaator-petkit-fresh-element-3-3l","status":"publish","type":"product","link":"https:\/\/blankpage.ee\/_ruumist-ruumi\/pood\/nutikas-lemmiklooma-toidudosaator-petkit-fresh-element-3-3l\/","title":{"rendered":"Nutikas lemmikloomatoidumasin Petkit Fresh Element 3 (3L, Wi-Fi, akutoitega)"},"content":{"rendered":"<h3>Nutikas lemmikloomatoidumasin Petkit Fresh Element 3 \u2013 3L, Wi-Fi ja akutoitega<\/h3>\n<p>Petkit Fresh Element 3 nutikas lemmikloomatoidumasin v\u00f5imaldab hoolitseda oma lemmiku tervislike toitumisharjumuste eest mugavalt ja lihtsalt. Kolmeliitrine mahuti t\u00e4hendab, et toidu lisamist on vaja harvem. Spetsiaalse Petkiti mobiilirakenduse kaudu saad mugavalt j\u00e4lgida ning seadistada toidumasina t\u00f6\u00f6d. Tootel on l\u00e4bim\u00f5eldud ehitus; see hoiab toidu v\u00e4rskena ja tagab usaldusv\u00e4\u00e4rse t\u00f6\u00f6 ka pikemal kasutamisel.<\/p>\n<p><img decoding=\"async\" src=\"https:\/\/blankpage.ee\/_ruumist-ruumi\/wp-content\/uploads\/2025\/04\/4-494.webp\" alt=\"Petkit nutikas lemmikloomatoidumasin Fresh Element 3, valge korpus\" \/><\/p>\n<h3>Sujuv ja t\u00e4pne nutikas toitmine<\/h3>\n<p>Automaatse p\u00f6\u00f6rds\u00fcsteemiga toidualus v\u00e4ldib toidu kuhjumist ning tippmehhanism hoiab \u00e4ra toidu ummistumise. Sisseehitatud kaalusensor tuvastab t\u00e4pselt allesj\u00e4\u00e4nud toidukoguse ning v\u00f5imaldab reguleerida portsjoni kaalu vahemikus 20\u2013100 g. Infrapunasensor j\u00e4lgib toidutaset \u00f6\u00f6p\u00e4evaringselt, nii et sinu lemmikloom ei j\u00e4\u00e4 kunagi n\u00e4lga.<\/p>\n<p><img decoding=\"async\" src=\"https:\/\/blankpage.ee\/_ruumist-ruumi\/wp-content\/uploads\/2025\/04\/5-424.webp\" alt=\"Petkit lemmikloomatoidumasina mobiilirakenduse ekraan\" \/><\/p>\n<h3>Tark Petkit rakendus igap\u00e4evaseks j\u00e4lgimiseks<\/h3>\n<p>Mobiilirakendus v\u00f5imaldab j\u00e4lgida lemmiku toitumist, arvestades tema s\u00f6\u00f6misharjumusi. Sensorid tuvastavad looma liikumise kausi juures ning saad \u00e4pist p\u00f5hjalikku statistikat portsjonite ja toitumisaegade kohta. Toitmisajad ning portsjonid on mugavalt seadistatavad rakenduses. Soovi korral saad salvestada ka h\u00e4\u00e4lteavitusi, mis k\u00f5lavad kindlatel toitmisaegadel.<\/p>\n<p><img decoding=\"async\" src=\"https:\/\/blankpage.ee\/_ruumist-ruumi\/wp-content\/uploads\/2025\/04\/1-532.webp\" alt=\"Nutikas lemmikloomatoidumasin Petkit Fresh Element 3 rakendusega\" \/><\/p>\n<h3>V\u00f5imas, mahukas ja t\u00f6\u00f6kindel lemmikloomatoidu automaat<\/h3>\n<p>Kui sinu lemmik j\u00e4\u00e4b \u00fcksi koju, on Petkit Fresh Element 3 ideaalne lahendus. 3-liitrine toidumahuti katab kuni 15 p\u00e4eva toiduvajaduse. Nutikas lemmikloomatoidumasin t\u00f6\u00f6tab tavatoitega ning elektrikatkestuse korral l\u00fclitub automaatselt akutoitele, pakkudes voolu kuni kaheks n\u00e4dalaks.<\/p>\n<p><img decoding=\"async\" src=\"https:\/\/blankpage.ee\/_ruumist-ruumi\/wp-content\/uploads\/2025\/04\/3-511.webp\" alt=\"Roostevabast terasest kauss Petkit nutika lemmikloomatoidumasina juures\" \/><\/p>\n<h3>L\u00e4bim\u00f5eldud, mugav ja h\u00fcgieeniline disain<\/h3>\n<p>Korpus ja toidukauss on valmistatud 91% ulatuses roostevabast terasest, mis sobib h\u00e4sti nii kassidele kui v\u00e4iksematele koertele. \u00d5hukindel konstruktsioon ja kaasasolev kuivatusaine hoiavad toidu v\u00e4rske kaua. Mooduldisain muudab puhastamise lihtsaks ja spetsiaalne turvalukk takistab loomal toidumahutile iseseisvalt ligip\u00e4\u00e4semist.<\/p>\n<p><img decoding=\"async\" src=\"https:\/\/blankpage.ee\/_ruumist-ruumi\/wp-content\/uploads\/2025\/04\/7-346.webp\" alt=\"Petkit Fresh Element 3 nutika lemmikloomatoidumasina detailid\" \/><\/p>\n<h3>Komplektis<\/h3>\n<ul>\n<li>Toidudosaator<\/li>\n<li>304 roostevabast terasest kauss<\/li>\n<li>Kausi alus<\/li>\n<li>Toiteplokk<\/li>\n<li>Kuivatusaine<\/li>\n<li>Kasutusjuhend<\/li>\n<\/ul>\n<div class=\"table-wrapper\">\n<table>\n<tbody>\n<tr>\n<th>Tootja<\/th>\n<td>Petkit<\/td>\n<\/tr>\n<tr>\n<th>Mudel<\/th>\n<td>P560(3L)<\/td>\n<\/tr>\n<tr>\n<th>V\u00e4rv<\/th>\n<td>valge<\/td>\n<\/tr>\n<tr>\n<th>Mahutavus<\/th>\n<td>3 l<\/td>\n<\/tr>\n<tr>\n<th>M\u00f5\u00f5dud<\/th>\n<td>337 \u00d7 223 \u00d7 286 mm<\/td>\n<\/tr>\n<tr>\n<th>Kaal<\/th>\n<td>2,8 kg<\/td>\n<\/tr>\n<tr>\n<th>\u00dchenduvus<\/th>\n<td>Wi-Fi<\/td>\n<\/tr>\n<tr>\n<th>Nimipinge<\/th>\n<td>6V DC<\/td>\n<\/tr>\n<tr>\n<th>Nimiv\u00f5imsus<\/th>\n<td>6 W<\/td>\n<\/tr>\n<tr>\n<th>Akumaht<\/th>\n<td>2600 mAh<\/td>\n<\/tr>\n<tr>\n<th>Sobilikkus<\/th>\n<td>kassidele ja v\u00e4ikestele koertele<\/td>\n<\/tr>\n<tr>\n<th>Rakendus<\/th>\n<td>Petkit<\/td>\n<\/tr>\n<tr>\n<th>T\u00f6\u00f6aeg akutoitel<\/th>\n<td>14 p\u00e4eva<\/td>\n<\/tr>\n<\/tbody>\n<\/table>\n<\/div>\n","protected":false},"excerpt":{"rendered":"<p>Nutikas lemmikloomatoidumasin Petkit Fresh Element 3 \u2013 3L, Wi-Fi ja akutoitega Petkit Fresh Element 3 nutikas lemmikloomatoidumasin v\u00f5imaldab hoolitseda oma lemmiku tervislike toitumisharjumuste eest mugavalt ja lihtsalt. Kolmeliitrine mahuti t\u00e4hendab, et toidu lisamist on vaja harvem. Spetsiaalse Petkiti mobiilirakenduse kaudu saad mugavalt j\u00e4lgida ning seadistada toidumasina t\u00f6\u00f6d. Tootel on l\u00e4bim\u00f5eldud ehitus; see hoiab toidu v\u00e4rskena [&hellip;]<\/p>\n","protected":false},"featured_media":174344,"comment_status":"open","ping_status":"closed","template":"","meta":[],"product_brand":[3103],"product_cat":[820],"product_tag":[],"class_list":{"0":"post-96708","1":"product","2":"type-product","3":"status-publish","4":"has-post-thumbnail","6":"product_brand-petkit","7":"product_cat-automaatsed-toidudosaatorid-koduloomadele","8":"product_shipping_class-innpro","10":"first","11":"instock","12":"taxable","13":"shipping-taxable","14":"purchasable","15":"product-type-simple"},"_links":{"self":[{"href":"https:\/\/blankpage.ee\/_ruumist-ruumi\/wp-json\/wp\/v2\/product\/96708","targetHints":{"allow":["GET"]}}],"collection":[{"href":"https:\/\/blankpage.ee\/_ruumist-ruumi\/wp-json\/wp\/v2\/product"}],"about":[{"href":"https:\/\/blankpage.ee\/_ruumist-ruumi\/wp-json\/wp\/v2\/types\/product"}],"replies":[{"embeddable":true,"href":"https:\/\/blankpage.ee\/_ruumist-ruumi\/wp-json\/wp\/v2\/comments?post=96708"}],"wp:featuredmedia":[{"embeddable":true,"href":"https:\/\/blankpage.ee\/_ruumist-ruumi\/wp-json\/wp\/v2\/media\/174344"}],"wp:attachment":[{"href":"https:\/\/blankpage.ee\/_ruumist-ruumi\/wp-json\/wp\/v2\/media?parent=96708"}],"wp:term":[{"taxonomy":"product_brand","embeddable":true,"href":"https:\/\/blankpage.ee\/_ruumist-ruumi\/wp-json\/wp\/v2\/product_brand?post=96708"},{"taxonomy":"product_cat","embeddable":true,"href":"https:\/\/blankpage.ee\/_ruumist-ruumi\/wp-json\/wp\/v2\/product_cat?post=96708"},{"taxonomy":"product_tag","embeddable":true,"href":"https:\/\/blankpage.ee\/_ruumist-ruumi\/wp-json\/wp\/v2\/product_tag?post=96708"}],"curies":[{"name":"wp","href":"https:\/\/api.w.org\/{rel}","templated":true}]}}