{"id":9690,"date":"2024-11-01T17:39:29","date_gmt":"2024-11-01T17:39:29","guid":{"rendered":"https:\/\/ruumistruumi.ee\/pood\/helepruun-kummut-venezia-oak-veo874-tamme-puidust\/"},"modified":"2025-04-10T11:59:00","modified_gmt":"2025-04-10T11:59:00","slug":"helepruun-kummut-venezia-oak-veo874-tammepuidust","status":"publish","type":"product","link":"https:\/\/blankpage.ee\/_ruumist-ruumi\/pood\/helepruun-kummut-venezia-oak-veo874-tammepuidust\/","title":{"rendered":"Helepruun kummut Venezia Oak VEO874, tammepuidust"},"content":{"rendered":"<p>Venezia Oak VEO874 kummut elutuppa. See elegantne kummut toob prantsuse stiili ja peene k\u00e4sit\u00f6\u00f6 sinu elutuppa. Kummuti korpus on valmistatud naturaalsest pleegitatud tammepuidust, millel on n\u00e4htav puidustruktuur, lisades igale ruumile soojust ja isikup\u00e4ra. Kummuti kaunid, tumeda messinguga metallist dekoratiivsed k\u00e4epidemed ning harjatud puidupind loovad ainulaadse ja stiilse v\u00e4limuse.<\/p>\n<p>Kummuti elegantne disain koosneb kaardus jalgadest ja \u0161ikist v\u00e4rvimisest, mis lisab sellele ajatut v\u00f5lu. See on osa Zona-Light kollektsioonist, mis \u00fchendab endas kaasaegse ja klassikalise stiili. Kummuti laius on 102 cm, s\u00fcgavus 45 cm ja k\u00f5rgus 108 cm, pakkudes piisavalt hoiuruumi, et hoida k\u00f5ik vajalikud esemed korrastatult.<\/p>\n<p>Omadused:<br \/>\n<strong>Materjal:<\/strong> Tammepuit ja tammespoon.<br \/>\n<strong>V\u00e4rv:<\/strong> Naturaalne hele puit.<br \/>\n<strong>M\u00f5\u00f5tmed:<\/strong> Laius 102 cm, s\u00fcgavus 45 cm, k\u00f5rgus 108 cm.<br \/>\n<strong>T\u00e4iendavad detailid:<\/strong> Kaardus jalad, dekoratiivsed k\u00e4epidemed, \u0161ikk v\u00e4rvimine, harjatud puidupind.<br \/>\n<strong>Kokkupanek:<\/strong> Kokkupandud, ei vaja paigaldust. S\u00e4\u00e4stab aega ja vaeva.<\/p>\n<p>&nbsp;<\/p>\n","protected":false},"excerpt":{"rendered":"<p>Venezia Oak VEO874 kummut elutuppa. See elegantne kummut toob prantsuse stiili ja peene k\u00e4sit\u00f6\u00f6 sinu elutuppa. Kummuti korpus on valmistatud naturaalsest pleegitatud tammepuidust, millel on n\u00e4htav puidustruktuur, lisades igale ruumile soojust ja isikup\u00e4ra. Kummuti kaunid, tumeda messinguga metallist dekoratiivsed k\u00e4epidemed ning harjatud puidupind loovad ainulaadse ja stiilse v\u00e4limuse. Kummuti elegantne disain koosneb kaardus jalgadest ja [&hellip;]<\/p>\n","protected":false},"featured_media":9691,"comment_status":"open","ping_status":"closed","template":"","meta":[],"product_brand":[],"product_cat":[81],"product_tag":[],"class_list":{"0":"post-9690","1":"product","2":"type-product","3":"status-publish","4":"has-post-thumbnail","6":"product_cat-kapid-riiulid-ja-kummutid","7":"product_shipping_class-livin-hill","8":"pa_kaepidemed-metall","9":"pa_kollektsioon-zona-light","10":"pa_materjal-tammespoon","11":"pa_sahtlite-arv-79","12":"pa_varv-helepruun","14":"first","15":"instock","16":"sale","17":"taxable","18":"shipping-taxable","19":"purchasable","20":"product-type-simple"},"_links":{"self":[{"href":"https:\/\/blankpage.ee\/_ruumist-ruumi\/wp-json\/wp\/v2\/product\/9690","targetHints":{"allow":["GET"]}}],"collection":[{"href":"https:\/\/blankpage.ee\/_ruumist-ruumi\/wp-json\/wp\/v2\/product"}],"about":[{"href":"https:\/\/blankpage.ee\/_ruumist-ruumi\/wp-json\/wp\/v2\/types\/product"}],"replies":[{"embeddable":true,"href":"https:\/\/blankpage.ee\/_ruumist-ruumi\/wp-json\/wp\/v2\/comments?post=9690"}],"wp:featuredmedia":[{"embeddable":true,"href":"https:\/\/blankpage.ee\/_ruumist-ruumi\/wp-json\/wp\/v2\/media\/9691"}],"wp:attachment":[{"href":"https:\/\/blankpage.ee\/_ruumist-ruumi\/wp-json\/wp\/v2\/media?parent=9690"}],"wp:term":[{"taxonomy":"product_brand","embeddable":true,"href":"https:\/\/blankpage.ee\/_ruumist-ruumi\/wp-json\/wp\/v2\/product_brand?post=9690"},{"taxonomy":"product_cat","embeddable":true,"href":"https:\/\/blankpage.ee\/_ruumist-ruumi\/wp-json\/wp\/v2\/product_cat?post=9690"},{"taxonomy":"product_tag","embeddable":true,"href":"https:\/\/blankpage.ee\/_ruumist-ruumi\/wp-json\/wp\/v2\/product_tag?post=9690"}],"curies":[{"name":"wp","href":"https:\/\/api.w.org\/{rel}","templated":true}]}}