{"id":96969,"date":"2025-02-06T11:16:05","date_gmt":"2025-02-06T11:16:05","guid":{"rendered":"https:\/\/ruumistruumi.ee\/pood\/led-vannitoapeegel-40x70-cm\/"},"modified":"2025-08-21T02:14:57","modified_gmt":"2025-08-21T02:14:57","slug":"led-vannitoapeegel-40x70-cm","status":"publish","type":"product","link":"https:\/\/blankpage.ee\/_ruumist-ruumi\/pood\/led-vannitoapeegel-40x70-cm\/","title":{"rendered":"LED-vannitoapeegel, 40&#215;70 cm"},"content":{"rendered":"<p>Stiilne LED vannitoapeegel saab teie vannitoa oluliseks osaks. IP65: tualettpeegel vastab IP65 standarditele, mis on veekindel ja sobib igasse pesuruumi.Mugav USB-liides: LED peegel on varustatud USB-liidesega, t\u00e4nu millele on neid v\u00e4ga mugav kasutada.Lihtne paigaldamine: jumestuspeeglil on lihtsaks paigaldamiseks konksud. Saate selle vastavalt oma soovile riputada seinale kas vertikaalselt v\u00f5i horisontaalselt. M\u00e4rkus:Tootel on USB \u00fchendus, kuid sertifitseeritud 5V USB toiteallikas ei kuulu komplekti.<\/p>\n<ul>\n<li>Materjal: klaas<\/li>\n<li>Suurus: 40 x 70 cm (P x K)<\/li>\n<li>Peegli paksus: 4 mm<\/li>\n<li>USB kaabli pikkus: 1,5 m<\/li>\n<li>Pinge: 5 V<\/li>\n<li>IP tase: IP65<\/li>\n<li><strong>Komplekti kuulub:<\/strong><\/li>\n<li>1 x LED vannitoapeegel<\/li>\n<li>3 x konksu<\/li>\n<li>2 x klambrit<\/li>\n<\/ul>\n","protected":false},"excerpt":{"rendered":"<p>Stiilne LED vannitoapeegel saab teie vannitoa oluliseks osaks. IP65: tualettpeegel vastab IP65 standarditele, mis on veekindel ja sobib igasse pesuruumi.Mugav USB-liides: LED peegel on varustatud USB-liidesega, t\u00e4nu millele on neid v\u00e4ga mugav kasutada.Lihtne paigaldamine: jumestuspeeglil on lihtsaks paigaldamiseks konksud. Saate selle vastavalt oma soovile riputada seinale kas vertikaalselt v\u00f5i horisontaalselt. M\u00e4rkus:Tootel on USB \u00fchendus, kuid [&hellip;]<\/p>\n","protected":false},"featured_media":96970,"comment_status":"open","ping_status":"open","template":"","meta":[],"product_brand":[],"product_cat":[104],"product_tag":[],"class_list":{"0":"post-96969","1":"product","2":"type-product","3":"status-publish","4":"has-post-thumbnail","6":"product_cat-peeglid","7":"product_shipping_class-vidaxl","8":"pa_varv-labipaistev","10":"first","11":"outofstock","12":"sale","13":"taxable","14":"shipping-taxable","15":"purchasable","16":"product-type-simple"},"_links":{"self":[{"href":"https:\/\/blankpage.ee\/_ruumist-ruumi\/wp-json\/wp\/v2\/product\/96969","targetHints":{"allow":["GET"]}}],"collection":[{"href":"https:\/\/blankpage.ee\/_ruumist-ruumi\/wp-json\/wp\/v2\/product"}],"about":[{"href":"https:\/\/blankpage.ee\/_ruumist-ruumi\/wp-json\/wp\/v2\/types\/product"}],"replies":[{"embeddable":true,"href":"https:\/\/blankpage.ee\/_ruumist-ruumi\/wp-json\/wp\/v2\/comments?post=96969"}],"wp:featuredmedia":[{"embeddable":true,"href":"https:\/\/blankpage.ee\/_ruumist-ruumi\/wp-json\/wp\/v2\/media\/96970"}],"wp:attachment":[{"href":"https:\/\/blankpage.ee\/_ruumist-ruumi\/wp-json\/wp\/v2\/media?parent=96969"}],"wp:term":[{"taxonomy":"product_brand","embeddable":true,"href":"https:\/\/blankpage.ee\/_ruumist-ruumi\/wp-json\/wp\/v2\/product_brand?post=96969"},{"taxonomy":"product_cat","embeddable":true,"href":"https:\/\/blankpage.ee\/_ruumist-ruumi\/wp-json\/wp\/v2\/product_cat?post=96969"},{"taxonomy":"product_tag","embeddable":true,"href":"https:\/\/blankpage.ee\/_ruumist-ruumi\/wp-json\/wp\/v2\/product_tag?post=96969"}],"curies":[{"name":"wp","href":"https:\/\/api.w.org\/{rel}","templated":true}]}}