{"id":97009,"date":"2025-04-19T22:25:46","date_gmt":"2025-04-19T22:25:46","guid":{"rendered":"https:\/\/ruumistruumi.ee\/?post_type=product&#038;p=97009"},"modified":"2025-08-21T08:18:18","modified_gmt":"2025-08-21T08:18:18","slug":"automaatne-lemmiklooma-toiduautomaat-taimeriga-petwant-f26-l-clk","status":"publish","type":"product","link":"https:\/\/blankpage.ee\/_ruumist-ruumi\/pood\/automaatne-lemmiklooma-toiduautomaat-taimeriga-petwant-f26-l-clk\/","title":{"rendered":"Automaatne lemmiklooma toiduautomaat taimeriga Petwant F26-L-CLK"},"content":{"rendered":"<h3>Automaatne lemmiklooma toiduautomaat Petwant F26-L-CLK taimeriga<\/h3>\n<p>Automaatne lemmiklooma s\u00f6\u00f6tja Petwant F26-L-CLK teeb kasside ja v\u00e4ikeste koerte toitmise lihtsaks ja mugavaks, v\u00f5imaldades sul kindlustada oma lemmiku j\u00e4rjepidev toitumisrutiin isegi siis, kui sind kodus pole. Nutikas taimeriga automaatne toiduautomaat jagab igal korral t\u00e4pselt \u00f5ige toidukoguse ning v\u00f5imaldab programmeerida mitu s\u00f6\u00f6gikorda p\u00e4evas.<\/p>\n<p>\n<img decoding=\"async\" src=\"https:\/\/blankpage.ee\/_ruumist-ruumi\/wp-content\/uploads\/2025\/04\/1-696.webp\" alt=\"Automaatne lemmiklooma s\u00f6\u00f6tja Petwant F26-L-CLK valge, esivaates\" \/>\n<\/p>\n<h3>Vitssalt doseeritavad portsjonid<\/h3>\n<p>Petwant F26-L-CLK automaatse toiduautomaadi suure mahutavusega anum mahutab s\u00f6\u00f6ta mitmeks p\u00e4evaks, mist\u00f5ttu pole vaja s\u00f6\u00f6tmist igap\u00e4evaselt j\u00e4lgida. Doseerimiss\u00fcsteem v\u00f5imaldab lemmikloomal saada t\u00e4pselt \u00f5ige koguse toitu iga einestamisega, ennetades nii nii \u00fclet\u00e4itmist kui ka alatoitmist.<\/p>\n<p>\n<img decoding=\"async\" src=\"https:\/\/blankpage.ee\/_ruumist-ruumi\/wp-content\/uploads\/2025\/04\/2-668.webp\" alt=\"Automaatne lemmiklooma s\u00f6\u00f6tja portsjonite doseerimisega Petwant F26-L-CLK\" \/>\n<\/p>\n<h3>Paindlik programmeeritav s\u00f6\u00f6gigraafik<\/h3>\n<p>Automaatne lemmiklooma s\u00f6\u00f6tja v\u00f5imaldab m\u00e4\u00e4rata kuni neli toidukorda \u00f6\u00f6p\u00e4evas \u2014 iga toidukorra aeg ja kogus on individuaalselt seadistatavad. T\u00e4nu usaldusv\u00e4\u00e4rsele mehhanismile ei pea muretsema ka l\u00fchema v\u00f5i pikema \u00e4raoleku ajal, sest lemmiku igap\u00e4evase men\u00fc\u00fc eest hoolitsetakse t\u00e4pselt sinu seatud ajakava j\u00e4rgi.<\/p>\n<p>\n<img decoding=\"async\" src=\"https:\/\/blankpage.ee\/_ruumist-ruumi\/wp-content\/uploads\/2025\/04\/3-625.webp\" alt=\"Petwant automaatse s\u00f6\u00f6tja juhtpaneel s\u00f6\u00f6gigraafiku seadistamiseks\" \/>\n<\/p>\n<h3>Lihtsasti hooldatav ja puhastatav lahendus<\/h3>\n<p>K\u00f5ik s\u00f6\u00f6tjaga kokkupuutuvad osad on kergesti eemaldatavad ja pestavad. See teeb igap\u00e4evase hoolduse kiireks ja lihtsaks. Intuitiivne juhtpaneel annab selge \u00fclevaate seadistustest ning v\u00f5imaldab k\u00f5iki funktsioone lihtsalt muuta.<\/p>\n<p>\n<img decoding=\"async\" src=\"https:\/\/blankpage.ee\/_ruumist-ruumi\/wp-content\/uploads\/2025\/04\/4-580.webp\" alt=\"Petwant automaatse s\u00f6\u00f6tja puhastatavad ja eemaldatavad osad\" \/>\n<\/p>\n<h3>Turvalised materjalid \u2013 kvaliteetne teostus<\/h3>\n<p>Lemmikloomadele m\u00f5eldud Petwant F26-L-CLK automaatne s\u00f6\u00f6tja on valmistatud vastupidavast ABS-, PP- ja HDPE-plastikust. Turvaline lukustuss\u00fcsteem ja kvaliteetsed materjalid tagavad, et toit p\u00fcsib v\u00e4rske ning ei p\u00e4\u00e4se seadme v\u00e4liskeskkonda. S\u00f6\u00f6tjasse sobivad h\u00e4sti nii kuivtoit kui ka teatud poolniisked graanulid.<\/p>\n<p>\n<img decoding=\"async\" src=\"https:\/\/blankpage.ee\/_ruumist-ruumi\/wp-content\/uploads\/2025\/04\/5-506.webp\" alt=\"Petwant F26-L-CLK automaatse s\u00f6\u00f6tja kvaliteetsed lemmikloomas\u00f5bralikud materjalid\" \/>\n<\/p>\n<h3>Energias\u00e4\u00e4stlik t\u00f6\u00f6 ja mitmek\u00fclgsed v\u00f5imalused<\/h3>\n<p>Seade t\u00f6\u00f6tab nelja AA-t\u00fc\u00fcpi patareiga, pakkudes pikaajalist autonoomset t\u00f6\u00f6d \u2013 ideaalne valik nii kodudesse kui ka n\u00e4iteks suvila tingimustesse, kus pole pidevat vooluv\u00f5rku. Toiduautomaat on loodud kestma ning v\u00f5imaldab sul keskenduda ainult lemmiku r\u00f5\u00f5mule.<\/p>\n<p>\n<img decoding=\"async\" src=\"https:\/\/blankpage.ee\/_ruumist-ruumi\/wp-content\/uploads\/2025\/04\/6-436.webp\" alt=\"Petwant automaatse lemmiklooma s\u00f6\u00f6tja patareipesa ja energias\u00e4\u00e4stlik toiteallikas\" \/>\n<\/p>\n<h3>Tehnilised andmed<\/h3>\n<table>\n<tr>\n<th>Mudel<\/th>\n<td>F26-L-CLK<\/td>\n<\/tr>\n<tr>\n<th>Toiteallikas<\/th>\n<td>4 \u00d7 AA patareid<\/td>\n<\/tr>\n<tr>\n<th>S\u00f6\u00f6tmiskordade arv p\u00e4evas<\/th>\n<td>Programmeeritav (kuni 4 toidukorda p\u00e4evas)<\/td>\n<\/tr>\n<tr>\n<th>Kuva<\/th>\n<td>LCD-ekraan<\/td>\n<\/tr>\n<tr>\n<th>Materjal<\/th>\n<td>ABS, PP, HDPE (jahutusmahuti)<\/td>\n<\/tr>\n<tr>\n<th>M\u00f5\u00f5dud<\/th>\n<td>294 \u00d7 266 \u00d7 78 mm<\/td>\n<\/tr>\n<tr>\n<th>Puhas kaal<\/th>\n<td>1,05 kg<\/td>\n<\/tr>\n<tr>\n<th>Sobilik<\/th>\n<td>V\u00e4ikestele koertele ja kassidele<\/td>\n<\/tr>\n<tr>\n<th>Mahutavus<\/th>\n<td>4 \u00d7 240 ml (100\u2013120 g portsjoni kohta)<\/td>\n<\/tr>\n<\/table>\n<p>Kui vajad mugavat ja t\u00f6\u00f6kindlat automaatset lemmiklooma s\u00f6\u00f6tjat, pakub Petwant F26-L-CLK sinu lemmikule kindlustatud toiduaega igas olukorras.<\/p>\n","protected":false},"excerpt":{"rendered":"<p>Automaatne lemmiklooma toiduautomaat Petwant F26-L-CLK taimeriga Automaatne lemmiklooma s\u00f6\u00f6tja Petwant F26-L-CLK teeb kasside ja v\u00e4ikeste koerte toitmise lihtsaks ja mugavaks, v\u00f5imaldades sul kindlustada oma lemmiku j\u00e4rjepidev toitumisrutiin isegi siis, kui sind kodus pole. Nutikas taimeriga automaatne toiduautomaat jagab igal korral t\u00e4pselt \u00f5ige toidukoguse ning v\u00f5imaldab programmeerida mitu s\u00f6\u00f6gikorda p\u00e4evas. Vitssalt doseeritavad portsjonid Petwant F26-L-CLK automaatse [&hellip;]<\/p>\n","protected":false},"featured_media":175631,"comment_status":"open","ping_status":"open","template":"","meta":[],"product_brand":[3104],"product_cat":[820],"product_tag":[],"class_list":{"0":"post-97009","1":"product","2":"type-product","3":"status-publish","4":"has-post-thumbnail","6":"product_brand-petwant","7":"product_cat-automaatsed-toidudosaatorid-koduloomadele","8":"product_shipping_class-innpro","10":"first","11":"instock","12":"sale","13":"taxable","14":"shipping-taxable","15":"purchasable","16":"product-type-simple"},"_links":{"self":[{"href":"https:\/\/blankpage.ee\/_ruumist-ruumi\/wp-json\/wp\/v2\/product\/97009","targetHints":{"allow":["GET"]}}],"collection":[{"href":"https:\/\/blankpage.ee\/_ruumist-ruumi\/wp-json\/wp\/v2\/product"}],"about":[{"href":"https:\/\/blankpage.ee\/_ruumist-ruumi\/wp-json\/wp\/v2\/types\/product"}],"replies":[{"embeddable":true,"href":"https:\/\/blankpage.ee\/_ruumist-ruumi\/wp-json\/wp\/v2\/comments?post=97009"}],"wp:featuredmedia":[{"embeddable":true,"href":"https:\/\/blankpage.ee\/_ruumist-ruumi\/wp-json\/wp\/v2\/media\/175631"}],"wp:attachment":[{"href":"https:\/\/blankpage.ee\/_ruumist-ruumi\/wp-json\/wp\/v2\/media?parent=97009"}],"wp:term":[{"taxonomy":"product_brand","embeddable":true,"href":"https:\/\/blankpage.ee\/_ruumist-ruumi\/wp-json\/wp\/v2\/product_brand?post=97009"},{"taxonomy":"product_cat","embeddable":true,"href":"https:\/\/blankpage.ee\/_ruumist-ruumi\/wp-json\/wp\/v2\/product_cat?post=97009"},{"taxonomy":"product_tag","embeddable":true,"href":"https:\/\/blankpage.ee\/_ruumist-ruumi\/wp-json\/wp\/v2\/product_tag?post=97009"}],"curies":[{"name":"wp","href":"https:\/\/api.w.org\/{rel}","templated":true}]}}