{"id":9708,"date":"2024-11-01T17:40:45","date_gmt":"2024-11-01T17:40:45","guid":{"rendered":"https:\/\/ruumistruumi.ee\/pood\/helepruun-kummut-venezia-oak-veo802-tamme-puidust\/"},"modified":"2025-04-10T11:59:00","modified_gmt":"2025-04-10T11:59:00","slug":"helepruun-kummut-venezia-oak-veo802-tamme-puidust","status":"publish","type":"product","link":"https:\/\/blankpage.ee\/_ruumist-ruumi\/pood\/helepruun-kummut-venezia-oak-veo802-tamme-puidust\/","title":{"rendered":"Helepruun kummut Venezia Oak VEO802, tammepuidust"},"content":{"rendered":"<p>Venezia Oak VEO802 kummut elutuppa. See elegantne kummut on osa Zona-Light kollektsioonist, tuues teie elutuppa Prantsuse stiili ja ajatu v\u00f5lu. Kummuti korpus on valmistatud naturaalsest tammepuidust ja tammespoonist, mille heledaks pleegitatud puidustruktuur lisab ruumile soojust ja iseloomu. Kummuti kaunistavad tumedast messingist dekoratiivsed metallist k\u00e4epidemed ning selle harjatud pind annab sellele ainulaadse viimistluse.<\/p>\n<p>Venezia Oak VEO802 kummut paistab silma oma kaunilt kaardus jalgade ja k\u00e4sitsi v\u00e4rvitud viimistlusega, mis lisab sellele maal\u00e4hedast sarmi. Kokkupandud, ei vaja paigaldust, s\u00e4\u00e4stab aega ja vaeva, muutes selle praktiliseks valikuks igasse elutuppa. See kummut on ideaalne koht, kus hoida oma v\u00e4\u00e4rtuslikke esemeid ja samal ajal t\u00e4iendada oma interj\u00f6\u00f6ri elegantse m\u00f6\u00f6bliesemega.<\/p>\n<p>Omadused:<br \/>\n<strong>Materjal:<\/strong> Tammepuit ja tammespoon.<br \/>\n<strong>V\u00e4rv:<\/strong> Heledaks pleegitatud puidu v\u00e4rv.<br \/>\n<strong>M\u00f5\u00f5tmed:<\/strong> Laius 140 cm, s\u00fcgavus 45 cm, k\u00f5rgus 82 cm.<br \/>\n<strong>T\u00e4iendavad detailid:<\/strong> Kaardus jalad, dekoratiivsed k\u00e4epidemed, k\u00e4sitsi v\u00e4rvitud viimistlus, harjatud puidu pind.<br \/>\n<strong>Kokkupanek:<\/strong> Kokkupandud, ei vaja paigaldust. S\u00e4\u00e4stab aega ja vaeva.<\/p>\n<p>&nbsp;<\/p>\n","protected":false},"excerpt":{"rendered":"<p>Venezia Oak VEO802 kummut elutuppa. See elegantne kummut on osa Zona-Light kollektsioonist, tuues teie elutuppa Prantsuse stiili ja ajatu v\u00f5lu. Kummuti korpus on valmistatud naturaalsest tammepuidust ja tammespoonist, mille heledaks pleegitatud puidustruktuur lisab ruumile soojust ja iseloomu. Kummuti kaunistavad tumedast messingist dekoratiivsed metallist k\u00e4epidemed ning selle harjatud pind annab sellele ainulaadse viimistluse. Venezia Oak VEO802 [&hellip;]<\/p>\n","protected":false},"featured_media":9709,"comment_status":"open","ping_status":"closed","template":"","meta":[],"product_brand":[],"product_cat":[81],"product_tag":[],"class_list":{"0":"post-9708","1":"product","2":"type-product","3":"status-publish","4":"has-post-thumbnail","6":"product_cat-kapid-riiulid-ja-kummutid","7":"product_shipping_class-livin-hill","8":"pa_kaepidemed-metall","9":"pa_kollektsioon-zona-light","10":"pa_materjal-tammespoon","11":"pa_sahtlite-arv-100","12":"pa_varv-helepruun","14":"first","15":"instock","16":"sale","17":"taxable","18":"shipping-taxable","19":"purchasable","20":"product-type-simple"},"_links":{"self":[{"href":"https:\/\/blankpage.ee\/_ruumist-ruumi\/wp-json\/wp\/v2\/product\/9708","targetHints":{"allow":["GET"]}}],"collection":[{"href":"https:\/\/blankpage.ee\/_ruumist-ruumi\/wp-json\/wp\/v2\/product"}],"about":[{"href":"https:\/\/blankpage.ee\/_ruumist-ruumi\/wp-json\/wp\/v2\/types\/product"}],"replies":[{"embeddable":true,"href":"https:\/\/blankpage.ee\/_ruumist-ruumi\/wp-json\/wp\/v2\/comments?post=9708"}],"wp:featuredmedia":[{"embeddable":true,"href":"https:\/\/blankpage.ee\/_ruumist-ruumi\/wp-json\/wp\/v2\/media\/9709"}],"wp:attachment":[{"href":"https:\/\/blankpage.ee\/_ruumist-ruumi\/wp-json\/wp\/v2\/media?parent=9708"}],"wp:term":[{"taxonomy":"product_brand","embeddable":true,"href":"https:\/\/blankpage.ee\/_ruumist-ruumi\/wp-json\/wp\/v2\/product_brand?post=9708"},{"taxonomy":"product_cat","embeddable":true,"href":"https:\/\/blankpage.ee\/_ruumist-ruumi\/wp-json\/wp\/v2\/product_cat?post=9708"},{"taxonomy":"product_tag","embeddable":true,"href":"https:\/\/blankpage.ee\/_ruumist-ruumi\/wp-json\/wp\/v2\/product_tag?post=9708"}],"curies":[{"name":"wp","href":"https:\/\/api.w.org\/{rel}","templated":true}]}}