{"id":9728,"date":"2024-11-01T17:42:07","date_gmt":"2024-11-01T17:42:07","guid":{"rendered":"https:\/\/ruumistruumi.ee\/pood\/beez-konsoollaud-hamilton-ht028-tamme-puidust\/"},"modified":"2025-01-05T16:34:13","modified_gmt":"2025-01-05T16:34:13","slug":"beez-konsoollaud-hamilton-ht028-tammepuidust","status":"publish","type":"product","link":"https:\/\/blankpage.ee\/_ruumist-ruumi\/pood\/beez-konsoollaud-hamilton-ht028-tammepuidust\/","title":{"rendered":"Bee\u017e konsoollaud Hamilton HT028, tammepuidust"},"content":{"rendered":"<p>Hamilton HT028 konsoollaud esikusse. See elegantne konsoollaud Zona-Light kollektsioonist toob teie esikusse Hamptoni stiili v\u00f5lu. Kreemjas tammepuidust valmistatud laual on avatud X-kujulised k\u00fcljed, millel on freesitud jalad ja servad, ning harjatud pind kulumisj\u00e4lgedega, mis annavad sellele ainulaadse iseloomu.<\/p>\n<p>Hamilton HT028 konsoollaud on suurep\u00e4rane valik, et lisada teie esikusse stiili ja praktilisust. Kaks riiulit pakuvad piisavalt ruumi, et hoida korras igap\u00e4evaseid esemeid. Metallist k\u00e4epidemed lisavad lauale kaasaegset puudutust. N\u00e4htav puidustruktuur ja shabby chic stiilis v\u00e4rvikulumine annavad sellele konsoollauale erilise v\u00f5lu.<\/p>\n<p>Omadused:<br \/>\n<strong>Materjal:<\/strong> Tammepuit<br \/>\n<strong>V\u00e4rv:<\/strong> Hele kreem<br \/>\n<strong>M\u00f5\u00f5tmed:<\/strong> Laius 90 cm, s\u00fcgavus 35 cm, k\u00f5rgus 80 cm<br \/>\n<strong>T\u00e4iendavad detailid:<\/strong> Harjatud puidupind, n\u00e4htav puidustruktuur, shabby chic v\u00e4rvikulumine<br \/>\n<strong>Kokkupanek:<\/strong> Kokkupandud, ei vaja paigaldust. S\u00e4\u00e4stab aega ja vaeva.<\/p>\n<p>&nbsp;<\/p>\n","protected":false},"excerpt":{"rendered":"<p>Hamilton HT028 konsoollaud esikusse. See elegantne konsoollaud Zona-Light kollektsioonist toob teie esikusse Hamptoni stiili v\u00f5lu. Kreemjas tammepuidust valmistatud laual on avatud X-kujulised k\u00fcljed, millel on freesitud jalad ja servad, ning harjatud pind kulumisj\u00e4lgedega, mis annavad sellele ainulaadse iseloomu. Hamilton HT028 konsoollaud on suurep\u00e4rane valik, et lisada teie esikusse stiili ja praktilisust. Kaks riiulit pakuvad piisavalt [&hellip;]<\/p>\n","protected":false},"featured_media":9729,"comment_status":"open","ping_status":"closed","template":"","meta":[],"product_brand":[],"product_cat":[83],"product_tag":[],"class_list":{"0":"post-9728","1":"product","2":"type-product","3":"status-publish","4":"has-post-thumbnail","6":"product_cat-konsoollauad","7":"product_shipping_class-livin-hill","8":"pa_kaepidemed-metall","9":"pa_kollektsioon-zona-light","10":"pa_materjal-tammepuu","11":"pa_riiulite-arv-76","12":"pa_sahtlite-arv-87","13":"pa_varv-beez","15":"first","16":"outofstock","17":"sale","18":"taxable","19":"shipping-taxable","20":"purchasable","21":"product-type-simple"},"_links":{"self":[{"href":"https:\/\/blankpage.ee\/_ruumist-ruumi\/wp-json\/wp\/v2\/product\/9728","targetHints":{"allow":["GET"]}}],"collection":[{"href":"https:\/\/blankpage.ee\/_ruumist-ruumi\/wp-json\/wp\/v2\/product"}],"about":[{"href":"https:\/\/blankpage.ee\/_ruumist-ruumi\/wp-json\/wp\/v2\/types\/product"}],"replies":[{"embeddable":true,"href":"https:\/\/blankpage.ee\/_ruumist-ruumi\/wp-json\/wp\/v2\/comments?post=9728"}],"wp:featuredmedia":[{"embeddable":true,"href":"https:\/\/blankpage.ee\/_ruumist-ruumi\/wp-json\/wp\/v2\/media\/9729"}],"wp:attachment":[{"href":"https:\/\/blankpage.ee\/_ruumist-ruumi\/wp-json\/wp\/v2\/media?parent=9728"}],"wp:term":[{"taxonomy":"product_brand","embeddable":true,"href":"https:\/\/blankpage.ee\/_ruumist-ruumi\/wp-json\/wp\/v2\/product_brand?post=9728"},{"taxonomy":"product_cat","embeddable":true,"href":"https:\/\/blankpage.ee\/_ruumist-ruumi\/wp-json\/wp\/v2\/product_cat?post=9728"},{"taxonomy":"product_tag","embeddable":true,"href":"https:\/\/blankpage.ee\/_ruumist-ruumi\/wp-json\/wp\/v2\/product_tag?post=9728"}],"curies":[{"name":"wp","href":"https:\/\/api.w.org\/{rel}","templated":true}]}}