{"id":9767,"date":"2024-11-01T17:44:44","date_gmt":"2024-11-01T17:44:44","guid":{"rendered":"https:\/\/ruumistruumi.ee\/pood\/must-ookap-hamilton-ht013-kasepuust\/"},"modified":"2025-04-10T11:59:03","modified_gmt":"2025-04-10T11:59:03","slug":"must-ookapp-hamilton-ht013-kasepuidust","status":"publish","type":"product","link":"https:\/\/blankpage.ee\/_ruumist-ruumi\/pood\/must-ookapp-hamilton-ht013-kasepuidust\/","title":{"rendered":"Must \u00f6\u00f6kapp Hamilton HT013, kasepuidust"},"content":{"rendered":"<p>Hamilton HT013 \u00f6\u00f6kapp magamistuppa. See elegantne must kapp Hampton stiilis lisab teie magamistoale rafineeritud ilme. Lihtne disain on rikastatud satiinviimistluse ja kuldsete aktsentidega k\u00e4epidemete ja jalgade elementide n\u00e4ol, samuti funktsionaalse pehme sulgemise s\u00fcsteemiga.<\/p>\n<p>Omadused:<br \/>\n<strong>Materjal:<\/strong> Kvaliteetne kasepuit.<br \/>\n<strong>V\u00e4rv:<\/strong> Must, kuldsete detailidega.<br \/>\n<strong>M\u00f5\u00f5tmed:<\/strong> Laius 60 cm, s\u00fcgavus 43 cm, k\u00f5rgus 66 cm.<br \/>\n<strong>T\u00e4iendavad detailid:<\/strong> Roostevabast terasest uksek\u00e4epidemed, sahtli jaotur m\u00f5\u00f5tmetega 15 x 10 x 11 cm, sahtli m\u00f5\u00f5tmed 50 x 35 x 11 cm, jala k\u00f5rgus 8,5 cm, k\u00e4epidemete vahe 24 cm.<br \/>\n<strong>Kokkupanek:<\/strong> Kokkupandud, ei vaja paigaldust. S\u00e4\u00e4stab aega ja vaeva.<\/p>\n<p>Hamilton HT013 \u00f6\u00f6kapp on osa Zona-Light kollektsioonist, pakkudes teie magamistoale stiili ja praktilisust.<\/p>\n<p>&nbsp;<\/p>\n","protected":false},"excerpt":{"rendered":"<p>Hamilton HT013 \u00f6\u00f6kapp magamistuppa. See elegantne must kapp Hampton stiilis lisab teie magamistoale rafineeritud ilme. Lihtne disain on rikastatud satiinviimistluse ja kuldsete aktsentidega k\u00e4epidemete ja jalgade elementide n\u00e4ol, samuti funktsionaalse pehme sulgemise s\u00fcsteemiga. Omadused: Materjal: Kvaliteetne kasepuit. V\u00e4rv: Must, kuldsete detailidega. M\u00f5\u00f5tmed: Laius 60 cm, s\u00fcgavus 43 cm, k\u00f5rgus 66 cm. T\u00e4iendavad detailid: Roostevabast terasest [&hellip;]<\/p>\n","protected":false},"featured_media":9768,"comment_status":"open","ping_status":"closed","template":"","meta":[],"product_brand":[],"product_cat":[92],"product_tag":[],"class_list":{"0":"post-9767","1":"product","2":"type-product","3":"status-publish","4":"has-post-thumbnail","6":"product_cat-ookapid","7":"product_shipping_class-livin-hill","8":"pa_kaepidemed-metall","9":"pa_kollektsioon-zona-light","10":"pa_materjal-kaskpuit","11":"pa_sahtlite-arv-95","12":"pa_varv-must","14":"first","15":"instock","16":"sale","17":"taxable","18":"shipping-taxable","19":"purchasable","20":"product-type-simple"},"_links":{"self":[{"href":"https:\/\/blankpage.ee\/_ruumist-ruumi\/wp-json\/wp\/v2\/product\/9767","targetHints":{"allow":["GET"]}}],"collection":[{"href":"https:\/\/blankpage.ee\/_ruumist-ruumi\/wp-json\/wp\/v2\/product"}],"about":[{"href":"https:\/\/blankpage.ee\/_ruumist-ruumi\/wp-json\/wp\/v2\/types\/product"}],"replies":[{"embeddable":true,"href":"https:\/\/blankpage.ee\/_ruumist-ruumi\/wp-json\/wp\/v2\/comments?post=9767"}],"wp:featuredmedia":[{"embeddable":true,"href":"https:\/\/blankpage.ee\/_ruumist-ruumi\/wp-json\/wp\/v2\/media\/9768"}],"wp:attachment":[{"href":"https:\/\/blankpage.ee\/_ruumist-ruumi\/wp-json\/wp\/v2\/media?parent=9767"}],"wp:term":[{"taxonomy":"product_brand","embeddable":true,"href":"https:\/\/blankpage.ee\/_ruumist-ruumi\/wp-json\/wp\/v2\/product_brand?post=9767"},{"taxonomy":"product_cat","embeddable":true,"href":"https:\/\/blankpage.ee\/_ruumist-ruumi\/wp-json\/wp\/v2\/product_cat?post=9767"},{"taxonomy":"product_tag","embeddable":true,"href":"https:\/\/blankpage.ee\/_ruumist-ruumi\/wp-json\/wp\/v2\/product_tag?post=9767"}],"curies":[{"name":"wp","href":"https:\/\/api.w.org\/{rel}","templated":true}]}}