{"id":9815,"date":"2024-11-01T17:47:48","date_gmt":"2024-11-01T17:47:48","guid":{"rendered":"https:\/\/ruumistruumi.ee\/pood\/oranzikuld-polsterdatud-tool-leith-let71og-100-poluestrist-polsterdus-alus-poppeliplaadist\/"},"modified":"2025-06-17T08:58:33","modified_gmt":"2025-06-17T08:58:33","slug":"oranz-kuldne-polsterdatud-tool-leith-let71og-100-poluester","status":"publish","type":"product","link":"https:\/\/blankpage.ee\/_ruumist-ruumi\/pood\/oranz-kuldne-polsterdatud-tool-leith-let71og-100-poluester\/","title":{"rendered":"Oran\u017e kuldne polsterdatud tool Leith LET71OG, 100% pol\u00fcester"},"content":{"rendered":"<p>Leith LET71OG polsterdatud tool s\u00f6\u00f6gituppa. See elegantne tool kuld-oran\u017eis toonis on valmistatud kvaliteetsest \u0161enillkangast, pakkudes teie s\u00f6\u00f6gitoale luksuslikku ja kaasaegset ilmet. M\u00f6\u00f6bli lihtne vorm, mis p\u00f5hineb moekatel \u00fcmaratel kujunditel, lisab igale s\u00f6\u00f6gitoale rikkalikkust ja stiili.<\/p>\n<p>Tooli erip\u00e4radeks on selle vastupidav polsterdus, mis koosneb siinusvedrudest ja rihmadest, pakkudes istumisel mugavust ja tuge. K\u00f5rge tihedusega vahtpolster tagab pikaajalise vastupidavuse ja pehmuse. Tooli istme m\u00f5\u00f5tmed on 45,5 x 45,5 cm, k\u00e4etugede k\u00f5rgus istmest on 23 cm ja istme k\u00f5rgus p\u00f5randast 47 cm, mis tagab ergonoomilise istumisasendi.<\/p>\n<p>Leith LET71OG tooli raami moodustab poplipuidust vineer, mis on tuntud oma tugevuse ja vastupidavuse poolest. Tool on kokkupandud, ei vaja paigaldust, s\u00e4\u00e4stes aega ja vaeva. Selle hooldamine on lihtne, kuna puhastamiseks sobivad nii lahustip\u00f5hised kui ka veep\u00f5hised puhastusmeetodid.<\/p>\n<p>Omadused:<br \/>\n<strong>Materjal:<\/strong> 100% pol\u00fcesterpolsterdus; alus: poplipuidust vineer.<br \/>\n<strong>V\u00e4rv:<\/strong> Kuldne oran\u017e.<br \/>\n<strong>M\u00f5\u00f5tmed:<\/strong> Laius 62 cm, s\u00fcgavus 58 cm, k\u00f5rgus 75 cm.<br \/>\n<strong>T\u00e4iendavad detailid:<\/strong> Istme m\u00f5\u00f5tmed 45,5 x 45,5 cm; k\u00e4etoe k\u00f5rgus 23 cm; istme k\u00f5rgus 47 cm.<br \/>\n<strong>Kokkupanek:<\/strong> Kokkupandud, ei vaja paigaldust.<\/p>\n<p>&nbsp;<\/p>\n","protected":false},"excerpt":{"rendered":"<p>Leith LET71OG polsterdatud tool s\u00f6\u00f6gituppa. See elegantne tool kuld-oran\u017eis toonis on valmistatud kvaliteetsest \u0161enillkangast, pakkudes teie s\u00f6\u00f6gitoale luksuslikku ja kaasaegset ilmet. M\u00f6\u00f6bli lihtne vorm, mis p\u00f5hineb moekatel \u00fcmaratel kujunditel, lisab igale s\u00f6\u00f6gitoale rikkalikkust ja stiili. Tooli erip\u00e4radeks on selle vastupidav polsterdus, mis koosneb siinusvedrudest ja rihmadest, pakkudes istumisel mugavust ja tuge. K\u00f5rge tihedusega vahtpolster tagab [&hellip;]<\/p>\n","protected":false},"featured_media":9816,"comment_status":"open","ping_status":"closed","template":"","meta":[],"product_brand":[],"product_cat":[108],"product_tag":[],"class_list":{"0":"post-9815","1":"product","2":"type-product","3":"status-publish","4":"has-post-thumbnail","6":"product_cat-soogitoolid","7":"product_shipping_class-livin-hill","8":"pa_kollektsioon-leith","9":"pa_materjal-poluester","10":"pa_varv-kuldne","12":"first","13":"instock","14":"sale","15":"taxable","16":"shipping-taxable","17":"purchasable","18":"product-type-simple"},"_links":{"self":[{"href":"https:\/\/blankpage.ee\/_ruumist-ruumi\/wp-json\/wp\/v2\/product\/9815","targetHints":{"allow":["GET"]}}],"collection":[{"href":"https:\/\/blankpage.ee\/_ruumist-ruumi\/wp-json\/wp\/v2\/product"}],"about":[{"href":"https:\/\/blankpage.ee\/_ruumist-ruumi\/wp-json\/wp\/v2\/types\/product"}],"replies":[{"embeddable":true,"href":"https:\/\/blankpage.ee\/_ruumist-ruumi\/wp-json\/wp\/v2\/comments?post=9815"}],"wp:featuredmedia":[{"embeddable":true,"href":"https:\/\/blankpage.ee\/_ruumist-ruumi\/wp-json\/wp\/v2\/media\/9816"}],"wp:attachment":[{"href":"https:\/\/blankpage.ee\/_ruumist-ruumi\/wp-json\/wp\/v2\/media?parent=9815"}],"wp:term":[{"taxonomy":"product_brand","embeddable":true,"href":"https:\/\/blankpage.ee\/_ruumist-ruumi\/wp-json\/wp\/v2\/product_brand?post=9815"},{"taxonomy":"product_cat","embeddable":true,"href":"https:\/\/blankpage.ee\/_ruumist-ruumi\/wp-json\/wp\/v2\/product_cat?post=9815"},{"taxonomy":"product_tag","embeddable":true,"href":"https:\/\/blankpage.ee\/_ruumist-ruumi\/wp-json\/wp\/v2\/product_tag?post=9815"}],"curies":[{"name":"wp","href":"https:\/\/api.w.org\/{rel}","templated":true}]}}