{"id":9822,"date":"2024-11-01T17:48:33","date_gmt":"2024-11-01T17:48:33","guid":{"rendered":"https:\/\/ruumistruumi.ee\/pood\/polenud-siinna-polsterdatud-tool-leith-let71bs-100-poluesterpolster-alus-poppelipuit\/"},"modified":"2025-07-15T18:42:49","modified_gmt":"2025-07-15T18:42:49","slug":"poletatud-sienna-tugitool-leith-let71bs-100-poluester","status":"publish","type":"product","link":"https:\/\/blankpage.ee\/_ruumist-ruumi\/pood\/poletatud-sienna-tugitool-leith-let71bs-100-poluester\/","title":{"rendered":"P\u00f5letatud Sienna tugitool Leith LET71BS, 100% pol\u00fcester"},"content":{"rendered":"<p>Leith LET71BS polsterdatud tool s\u00f6\u00f6gituppa. See elegantne tool, mille v\u00e4rv on p\u00f5letatud sienna, on valmistatud k\u00f5rgeima kvaliteediga \u0161enillkangast. M\u00f6\u00f6bli lihtne vorm, mis p\u00f5hineb moekatel \u00fcmaratel kujunditel, rikastab iga s\u00f6\u00f6gituba, lisades sellele rafineeritud ja stiilse ilme.<\/p>\n<p>Leith kollektsiooni kuuluv tool on loodud pakkuma nii mugavust kui ka esteetilist naudingut. Tooli polsterdus on valmistatud 100% pol\u00fcestrist, mis tagab vastupidavuse ja pehmuse. Poplari vineerist alus lisab toolile stabiilsust ja vastupidavust. Tooli m\u00f5\u00f5tmed on 62 cm lai, 58 cm s\u00fcgav ja 75 cm k\u00f5rge, mis teeb sellest ideaalse valiku igas suuruses s\u00f6\u00f6gitubadele.<\/p>\n<p>Tooli istme m\u00f5\u00f5tmed on 45,5 x 45,5 cm, istmek\u00f5rgus on 47 cm ja k\u00e4etugi on 23 cm k\u00f5rge. Kokkupandud, ei vaja paigaldust, mis s\u00e4\u00e4stab teie aega ja vaeva. Puhastuskood SW v\u00f5imaldab kasutada nii lahusteid kui vett, et tagada tooli pikaajaline ilu. Tooli sees olevad sinusoidsed vedrud ja k\u00f5rge tihedusega vaht lisavad istumismugavust, samal ajal kui lopsakas \u0161enillpolsterdus annab luksusliku tunde.<\/p>\n<p>Omadused:<br \/>\n<strong>Materjal:<\/strong> 100% pol\u00fcesterpolsterdus; alus: poplari vineer.<br \/>\n<strong>V\u00e4rv:<\/strong> P\u00f5letatud sienna.<br \/>\n<strong>M\u00f5\u00f5tmed:<\/strong> Laius 62 cm, s\u00fcgavus 58 cm, k\u00f5rgus 75 cm.<br \/>\n<strong>T\u00e4iendavad detailid:<\/strong> Istme m\u00f5\u00f5tmed 45,5 x 45,5 cm; k\u00e4etugi 23 cm; istmek\u00f5rgus 47 cm. Puhastuskood SW, sinusoidsed vedrud ja k\u00f5rge tihedusega vaht.<br \/>\n<strong>Kokkupanek:<\/strong> Kokkupandud, ei vaja paigaldust.<\/p>\n<p>&nbsp;<\/p>\n","protected":false},"excerpt":{"rendered":"<p>Leith LET71BS polsterdatud tool s\u00f6\u00f6gituppa. See elegantne tool, mille v\u00e4rv on p\u00f5letatud sienna, on valmistatud k\u00f5rgeima kvaliteediga \u0161enillkangast. M\u00f6\u00f6bli lihtne vorm, mis p\u00f5hineb moekatel \u00fcmaratel kujunditel, rikastab iga s\u00f6\u00f6gituba, lisades sellele rafineeritud ja stiilse ilme. Leith kollektsiooni kuuluv tool on loodud pakkuma nii mugavust kui ka esteetilist naudingut. Tooli polsterdus on valmistatud 100% pol\u00fcestrist, mis [&hellip;]<\/p>\n","protected":false},"featured_media":9823,"comment_status":"open","ping_status":"closed","template":"","meta":[],"product_brand":[],"product_cat":[108],"product_tag":[],"class_list":{"0":"post-9822","1":"product","2":"type-product","3":"status-publish","4":"has-post-thumbnail","6":"product_cat-soogitoolid","7":"product_shipping_class-livin-hill","8":"pa_kollektsioon-leith","9":"pa_materjal-poluester","10":"pa_varv-pruun","12":"first","13":"outofstock","14":"sale","15":"taxable","16":"shipping-taxable","17":"purchasable","18":"product-type-simple"},"_links":{"self":[{"href":"https:\/\/blankpage.ee\/_ruumist-ruumi\/wp-json\/wp\/v2\/product\/9822","targetHints":{"allow":["GET"]}}],"collection":[{"href":"https:\/\/blankpage.ee\/_ruumist-ruumi\/wp-json\/wp\/v2\/product"}],"about":[{"href":"https:\/\/blankpage.ee\/_ruumist-ruumi\/wp-json\/wp\/v2\/types\/product"}],"replies":[{"embeddable":true,"href":"https:\/\/blankpage.ee\/_ruumist-ruumi\/wp-json\/wp\/v2\/comments?post=9822"}],"wp:featuredmedia":[{"embeddable":true,"href":"https:\/\/blankpage.ee\/_ruumist-ruumi\/wp-json\/wp\/v2\/media\/9823"}],"wp:attachment":[{"href":"https:\/\/blankpage.ee\/_ruumist-ruumi\/wp-json\/wp\/v2\/media?parent=9822"}],"wp:term":[{"taxonomy":"product_brand","embeddable":true,"href":"https:\/\/blankpage.ee\/_ruumist-ruumi\/wp-json\/wp\/v2\/product_brand?post=9822"},{"taxonomy":"product_cat","embeddable":true,"href":"https:\/\/blankpage.ee\/_ruumist-ruumi\/wp-json\/wp\/v2\/product_cat?post=9822"},{"taxonomy":"product_tag","embeddable":true,"href":"https:\/\/blankpage.ee\/_ruumist-ruumi\/wp-json\/wp\/v2\/product_tag?post=9822"}],"curies":[{"name":"wp","href":"https:\/\/api.w.org\/{rel}","templated":true}]}}