{"id":9828,"date":"2024-11-01T17:49:14","date_gmt":"2024-11-01T17:49:14","guid":{"rendered":"https:\/\/ruumistruumi.ee\/pood\/tumesinine-polsterdatud-tool-leith-let71nb-100-poluester-ja-poppeliplaadist-alus\/"},"modified":"2025-04-10T11:59:03","modified_gmt":"2025-04-10T11:59:03","slug":"tumesinine-polsterdatud-tool-leith-let71nb-100-poluester-ja-poppeliplaadist-alus","status":"publish","type":"product","link":"https:\/\/blankpage.ee\/_ruumist-ruumi\/pood\/tumesinine-polsterdatud-tool-leith-let71nb-100-poluester-ja-poppeliplaadist-alus\/","title":{"rendered":"Tumesinine polsterdatud tool Leith LET71NB, 100% pol\u00fcester"},"content":{"rendered":"<p>Leith LET71NB polsterdatud tool s\u00f6\u00f6gituppa. See elegantne tumesinine tool on valmistatud k\u00f5rgeima kvaliteediga chenille-kangast, pakkudes nii mugavust kui ka stiili. Lihtne vorm koos moekate \u00fcmarate kujunditega lisab igale s\u00f6\u00f6gitoale iseloomu ja rafineeritust.<\/p>\n<p>Leith kollektsiooni kuuluv tool on loodud, et pakkuda maksimaalset mugavust ning vastupidavust. Tooli istmeosa on kaetud lopsaka chenille-kangaga, mis on tuntud oma pehmuse ja vastupidavuse poolest. Sinuous spring ja webbing tagavad stabiilsuse, samas kui k\u00f5rge tihedusega vahtmaterjal pakub suurep\u00e4rast istumiskogemust. Tooli alus on valmistatud Paulownia puidust vineerist, mis tagab tugevuse ja pikaealisuse.<\/p>\n<p>Tooli m\u00f5\u00f5tmed on laius 62 cm, s\u00fcgavus 58 cm ja k\u00f5rgus 75 cm, mist\u00f5ttu sobib see ideaalselt erinevatesse ruumidesse. Istme m\u00f5\u00f5tmed on 45,5 x 45,5 cm, k\u00e4etugede k\u00f5rgus 23 cm ja istme k\u00f5rgus 47 cm, pakkudes optimaalset mugavust igap\u00e4evaseks kasutamiseks. Tool on kokkupandud, ei vaja paigaldust, s\u00e4\u00e4stes nii teie aega ja vaeva.<\/p>\n<p>Omadused:<br \/>\n<strong>Materjal:<\/strong> 100% pol\u00fcesterpolsterdus; alus: Paulownia puidust vineer.<br \/>\n<strong>V\u00e4rv:<\/strong> Tumesinine.<br \/>\n<strong>M\u00f5\u00f5tmed:<\/strong> Laius 62 cm, s\u00fcgavus 58 cm, k\u00f5rgus 75 cm.<br \/>\n<strong>T\u00e4iendavad detailid:<\/strong> Puhastuskood SW = lahusti v\u00f5i vesi; sinuous spring ja webbing; k\u00f5rge tihedusega vaht; lopsakas chenille-polsterdus.<br \/>\n<strong>Kokkupanek:<\/strong> Kokkupandud, ei vaja paigaldust.<\/p>\n<p>&nbsp;<\/p>\n","protected":false},"excerpt":{"rendered":"<p>Leith LET71NB polsterdatud tool s\u00f6\u00f6gituppa. See elegantne tumesinine tool on valmistatud k\u00f5rgeima kvaliteediga chenille-kangast, pakkudes nii mugavust kui ka stiili. Lihtne vorm koos moekate \u00fcmarate kujunditega lisab igale s\u00f6\u00f6gitoale iseloomu ja rafineeritust. Leith kollektsiooni kuuluv tool on loodud, et pakkuda maksimaalset mugavust ning vastupidavust. Tooli istmeosa on kaetud lopsaka chenille-kangaga, mis on tuntud oma pehmuse [&hellip;]<\/p>\n","protected":false},"featured_media":9829,"comment_status":"open","ping_status":"closed","template":"","meta":[],"product_brand":[],"product_cat":[108],"product_tag":[],"class_list":{"0":"post-9828","1":"product","2":"type-product","3":"status-publish","4":"has-post-thumbnail","6":"product_cat-soogitoolid","7":"product_shipping_class-livin-hill","8":"pa_kollektsioon-leith","9":"pa_materjal-poluester","10":"pa_varv-tumesinine","12":"first","13":"instock","14":"sale","15":"taxable","16":"shipping-taxable","17":"purchasable","18":"product-type-simple"},"_links":{"self":[{"href":"https:\/\/blankpage.ee\/_ruumist-ruumi\/wp-json\/wp\/v2\/product\/9828","targetHints":{"allow":["GET"]}}],"collection":[{"href":"https:\/\/blankpage.ee\/_ruumist-ruumi\/wp-json\/wp\/v2\/product"}],"about":[{"href":"https:\/\/blankpage.ee\/_ruumist-ruumi\/wp-json\/wp\/v2\/types\/product"}],"replies":[{"embeddable":true,"href":"https:\/\/blankpage.ee\/_ruumist-ruumi\/wp-json\/wp\/v2\/comments?post=9828"}],"wp:featuredmedia":[{"embeddable":true,"href":"https:\/\/blankpage.ee\/_ruumist-ruumi\/wp-json\/wp\/v2\/media\/9829"}],"wp:attachment":[{"href":"https:\/\/blankpage.ee\/_ruumist-ruumi\/wp-json\/wp\/v2\/media?parent=9828"}],"wp:term":[{"taxonomy":"product_brand","embeddable":true,"href":"https:\/\/blankpage.ee\/_ruumist-ruumi\/wp-json\/wp\/v2\/product_brand?post=9828"},{"taxonomy":"product_cat","embeddable":true,"href":"https:\/\/blankpage.ee\/_ruumist-ruumi\/wp-json\/wp\/v2\/product_cat?post=9828"},{"taxonomy":"product_tag","embeddable":true,"href":"https:\/\/blankpage.ee\/_ruumist-ruumi\/wp-json\/wp\/v2\/product_tag?post=9828"}],"curies":[{"name":"wp","href":"https:\/\/api.w.org\/{rel}","templated":true}]}}