{"id":9835,"date":"2024-11-01T17:49:58","date_gmt":"2024-11-01T17:49:58","guid":{"rendered":"https:\/\/ruumistruumi.ee\/pood\/valge-polsterdatud-tool-leith-let71w-100-poluester\/"},"modified":"2025-04-10T11:59:03","modified_gmt":"2025-04-10T11:59:03","slug":"valge-polsterdatud-tool-leith-let71w-100-poluester","status":"publish","type":"product","link":"https:\/\/blankpage.ee\/_ruumist-ruumi\/pood\/valge-polsterdatud-tool-leith-let71w-100-poluester\/","title":{"rendered":"Valge polsterdatud tool Leith LET71W, 100% pol\u00fcester"},"content":{"rendered":"<p>Leith LET71W polsterdatud tool s\u00f6\u00f6gituppa. See elegantne valge tool on valmistatud k\u00f5rgeima kvaliteediga \u0161enillkangast, mille lihtne vorm ja moodsad \u00fcmarad jooned lisavad igale s\u00f6\u00f6gitoale rafineeritud ilme.<\/p>\n<p>Leith kollektsiooni kuuluv tool on loodud pakkuma nii mugavust kui ka stiili. Selle polsterdus on valmistatud 100% pol\u00fcestrist, pakkudes vastupidavust ja pehmust. Tooli alus on valmistatud Paulownia puidust vineerist, mis tagab tugevuse ja vastupidavuse. Tooli istmeosa on varustatud sinusoidaalsete vedrude ja rihmadega, mis tagavad mugava istumiskogemuse. K\u00f5rge tihedusega vahtmaterjal lisab lisamugavust, samas kui lopsakas \u0161enillpolster annab luksusliku v\u00e4limuse.<\/p>\n<p>Tooli m\u00f5\u00f5tmed on laius 62 cm, s\u00fcgavus 58 cm ja k\u00f5rgus 75 cm. Istme m\u00f5\u00f5tmed on 45,5 x 45,5 cm, istme k\u00f5rgus 47 cm ja k\u00e4etoe k\u00f5rgus 23 cm. Tool on kokkupandud, ei vaja paigaldust, s\u00e4\u00e4stes teie aega ja vaeva. Selle puhastamine on lihtne, kuna sobivad nii lahustid kui ka vesi (puhastuskood SW).<\/p>\n<p>Omadused:<br \/>\n<strong>Materjal:<\/strong> 100% pol\u00fcesterpolster, alus: Paulownia puidust vineer.<br \/>\n<strong>V\u00e4rv:<\/strong> Valge.<br \/>\n<strong>M\u00f5\u00f5tmed:<\/strong> Laius 62 cm, s\u00fcgavus 58 cm, k\u00f5rgus 75 cm.<br \/>\n<strong>T\u00e4iendavad detailid:<\/strong> Istme m\u00f5\u00f5tmed 45,5 x 45,5 cm, istme k\u00f5rgus 47 cm, k\u00e4etoe k\u00f5rgus 23 cm.<br \/>\n<strong>Kokkupanek:<\/strong> Kokkupandud, ei vaja paigaldust. S\u00e4\u00e4stab aega ja vaeva.<\/p>\n<p>&nbsp;<\/p>\n","protected":false},"excerpt":{"rendered":"<p>Leith LET71W polsterdatud tool s\u00f6\u00f6gituppa. See elegantne valge tool on valmistatud k\u00f5rgeima kvaliteediga \u0161enillkangast, mille lihtne vorm ja moodsad \u00fcmarad jooned lisavad igale s\u00f6\u00f6gitoale rafineeritud ilme. Leith kollektsiooni kuuluv tool on loodud pakkuma nii mugavust kui ka stiili. Selle polsterdus on valmistatud 100% pol\u00fcestrist, pakkudes vastupidavust ja pehmust. Tooli alus on valmistatud Paulownia puidust vineerist, [&hellip;]<\/p>\n","protected":false},"featured_media":9836,"comment_status":"open","ping_status":"closed","template":"","meta":[],"product_brand":[],"product_cat":[108],"product_tag":[],"class_list":{"0":"post-9835","1":"product","2":"type-product","3":"status-publish","4":"has-post-thumbnail","6":"product_cat-soogitoolid","7":"product_shipping_class-livin-hill","8":"pa_kollektsioon-leith","9":"pa_materjal-poluester","10":"pa_varv-valge","12":"first","13":"instock","14":"sale","15":"taxable","16":"shipping-taxable","17":"purchasable","18":"product-type-simple"},"_links":{"self":[{"href":"https:\/\/blankpage.ee\/_ruumist-ruumi\/wp-json\/wp\/v2\/product\/9835","targetHints":{"allow":["GET"]}}],"collection":[{"href":"https:\/\/blankpage.ee\/_ruumist-ruumi\/wp-json\/wp\/v2\/product"}],"about":[{"href":"https:\/\/blankpage.ee\/_ruumist-ruumi\/wp-json\/wp\/v2\/types\/product"}],"replies":[{"embeddable":true,"href":"https:\/\/blankpage.ee\/_ruumist-ruumi\/wp-json\/wp\/v2\/comments?post=9835"}],"wp:featuredmedia":[{"embeddable":true,"href":"https:\/\/blankpage.ee\/_ruumist-ruumi\/wp-json\/wp\/v2\/media\/9836"}],"wp:attachment":[{"href":"https:\/\/blankpage.ee\/_ruumist-ruumi\/wp-json\/wp\/v2\/media?parent=9835"}],"wp:term":[{"taxonomy":"product_brand","embeddable":true,"href":"https:\/\/blankpage.ee\/_ruumist-ruumi\/wp-json\/wp\/v2\/product_brand?post=9835"},{"taxonomy":"product_cat","embeddable":true,"href":"https:\/\/blankpage.ee\/_ruumist-ruumi\/wp-json\/wp\/v2\/product_cat?post=9835"},{"taxonomy":"product_tag","embeddable":true,"href":"https:\/\/blankpage.ee\/_ruumist-ruumi\/wp-json\/wp\/v2\/product_tag?post=9835"}],"curies":[{"name":"wp","href":"https:\/\/api.w.org\/{rel}","templated":true}]}}