{"id":9842,"date":"2024-11-01T17:50:41","date_gmt":"2024-11-01T17:50:41","guid":{"rendered":"https:\/\/ruumistruumi.ee\/pood\/tumesinine-polsterdatud-tool-leith-let71nc-puuvillast-ja-poluestrist-alus-popliipuit\/"},"modified":"2025-06-17T08:58:33","modified_gmt":"2025-06-17T08:58:33","slug":"pruun-polsterdatud-tool-leith-let71nc-puuvill-ja-poluester","status":"publish","type":"product","link":"https:\/\/blankpage.ee\/_ruumist-ruumi\/pood\/pruun-polsterdatud-tool-leith-let71nc-puuvill-ja-poluester\/","title":{"rendered":"Pruun polsterdatud tool Leith LET71NC, puuvill ja pol\u00fcester"},"content":{"rendered":"<p>Leith LET71NC polsterdatud tool s\u00f6\u00f6gituppa. See elegantne tool, mis on valmistatud k\u00f5rgeima kvaliteediga \u0161enillkangast, toob igasse s\u00f6\u00f6gituppa stiili ja mugavuse. M\u00f6\u00f6bli lihtne vorm, mis p\u00f5hineb moekatel \u00fcmaratel kujunditel, lisab ruumile visuaalset huvi ja rafineeritust.<\/p>\n<p>Leith kollektsiooni kuuluv tool on kaetud merev\u00e4e sinise ja kaneeli melange toonides kangaga, mis loob harmoonilise ja kaasaegse ilme. Tooli istumisosa on toetatud poplipuust vineerist alusel, pakkudes vastupidavust ja stabiilsust. Selle luksuslik \u0161enillpolster, k\u00f5rge tihedusega vaht ja lainelised vedrud tagavad maksimaalse mugavuse pikemaks ajaks.<\/p>\n<p>Omadused:<br \/>\n<strong>Materjal:<\/strong> Puuvill, pol\u00fcester; alus: poplipuust vineer.<br \/>\n<strong>V\u00e4rv:<\/strong> Merev\u00e4e sinine ja kaneeli melange.<br \/>\n<strong>M\u00f5\u00f5tmed:<\/strong> Laius 62 cm, s\u00fcgavus 58 cm, k\u00f5rgus 75 cm.<br \/>\n<strong>T\u00e4iendavad detailid:<\/strong> Istme m\u00f5\u00f5tmed &#8211; 45,5 x 45,5 cm; k\u00e4etoe k\u00f5rgus &#8211; 23 cm; istme k\u00f5rgus &#8211; 47 cm. Puhastuskood SW = lahusti v\u00f5i vesi; lainelised vedrud ja rihmad.<br \/>\n<strong>Kokkupanek:<\/strong> Kokkupandud, ei vaja paigaldust. S\u00e4\u00e4stab aega ja vaeva.<\/p>\n<p>&nbsp;<\/p>\n","protected":false},"excerpt":{"rendered":"<p>Leith LET71NC polsterdatud tool s\u00f6\u00f6gituppa. See elegantne tool, mis on valmistatud k\u00f5rgeima kvaliteediga \u0161enillkangast, toob igasse s\u00f6\u00f6gituppa stiili ja mugavuse. M\u00f6\u00f6bli lihtne vorm, mis p\u00f5hineb moekatel \u00fcmaratel kujunditel, lisab ruumile visuaalset huvi ja rafineeritust. Leith kollektsiooni kuuluv tool on kaetud merev\u00e4e sinise ja kaneeli melange toonides kangaga, mis loob harmoonilise ja kaasaegse ilme. Tooli istumisosa [&hellip;]<\/p>\n","protected":false},"featured_media":9843,"comment_status":"open","ping_status":"closed","template":"","meta":[],"product_brand":[],"product_cat":[108],"product_tag":[],"class_list":{"0":"post-9842","1":"product","2":"type-product","3":"status-publish","4":"has-post-thumbnail","6":"product_cat-soogitoolid","7":"product_shipping_class-livin-hill","8":"pa_kollektsioon-leith","9":"pa_materjal-puuvill-poluester-alus-poplar-puit","10":"pa_varv-pruun","12":"first","13":"outofstock","14":"sale","15":"taxable","16":"shipping-taxable","17":"purchasable","18":"product-type-simple"},"_links":{"self":[{"href":"https:\/\/blankpage.ee\/_ruumist-ruumi\/wp-json\/wp\/v2\/product\/9842","targetHints":{"allow":["GET"]}}],"collection":[{"href":"https:\/\/blankpage.ee\/_ruumist-ruumi\/wp-json\/wp\/v2\/product"}],"about":[{"href":"https:\/\/blankpage.ee\/_ruumist-ruumi\/wp-json\/wp\/v2\/types\/product"}],"replies":[{"embeddable":true,"href":"https:\/\/blankpage.ee\/_ruumist-ruumi\/wp-json\/wp\/v2\/comments?post=9842"}],"wp:featuredmedia":[{"embeddable":true,"href":"https:\/\/blankpage.ee\/_ruumist-ruumi\/wp-json\/wp\/v2\/media\/9843"}],"wp:attachment":[{"href":"https:\/\/blankpage.ee\/_ruumist-ruumi\/wp-json\/wp\/v2\/media?parent=9842"}],"wp:term":[{"taxonomy":"product_brand","embeddable":true,"href":"https:\/\/blankpage.ee\/_ruumist-ruumi\/wp-json\/wp\/v2\/product_brand?post=9842"},{"taxonomy":"product_cat","embeddable":true,"href":"https:\/\/blankpage.ee\/_ruumist-ruumi\/wp-json\/wp\/v2\/product_cat?post=9842"},{"taxonomy":"product_tag","embeddable":true,"href":"https:\/\/blankpage.ee\/_ruumist-ruumi\/wp-json\/wp\/v2\/product_tag?post=9842"}],"curies":[{"name":"wp","href":"https:\/\/api.w.org\/{rel}","templated":true}]}}