{"id":9861,"date":"2024-11-01T17:52:49","date_gmt":"2024-11-01T17:52:49","guid":{"rendered":"https:\/\/ruumistruumi.ee\/pood\/parlvalge-polsterdatud-tool-leith-let71pw-puuvillast-ja-poluestrist-alus-popliidust-vineer\/"},"modified":"2025-04-10T11:59:04","modified_gmt":"2025-04-10T11:59:04","slug":"parlvalge-polsterdatud-tool-leith-let71pw-puuvill-ja-poluester","status":"publish","type":"product","link":"https:\/\/blankpage.ee\/_ruumist-ruumi\/pood\/parlvalge-polsterdatud-tool-leith-let71pw-puuvill-ja-poluester\/","title":{"rendered":"P\u00e4rlvalge polsterdatud tool Leith LET71PW, puuvill ja pol\u00fcester"},"content":{"rendered":"<p>Leith LET71PW polsterdatud tool s\u00f6\u00f6gituppa. Leith kollektsiooni kuuluv elegantne tool on kaetud k\u00f5rgeima kvaliteediga chenille-kangaga, mille p\u00e4rlvalge toon lisab igale s\u00f6\u00f6gitoale rafineeritud ilmet. M\u00f6\u00f6bli lihtne vorm, mis tugineb moekatele \u00fcmardatud kujudele, rikastab iga interj\u00f6\u00f6ri.<\/p>\n<p>Tooli istmeosa m\u00f5\u00f5tmetega 45,5 x 45,5 cm ja istme k\u00f5rgusega 47 cm pakub mugavat istumiskogemust. K\u00e4etugi on 23 cm k\u00f5rgusel, tagades lisamugavuse. Tooli konstruktsioon p\u00f5hineb poplipuust vineeril, mis tagab vastupidavuse ja stabiilsuse. Sinuous spring ja webbing tehnoloogia koos k\u00f5rge tihedusega vahuga tagavad pikaajalise kasutusmugavuse. Lopsakas chenille-polster lisab luksuslikku tunnetust.<\/p>\n<p>Omadused:<br \/>\n<strong>Materjal:<\/strong> Puuvill, pol\u00fcester; alus: poplipuust vineer.<br \/>\n<strong>V\u00e4rv:<\/strong> P\u00e4rlvalge.<br \/>\n<strong>M\u00f5\u00f5tmed:<\/strong> Laius 62 cm, s\u00fcgavus 58 cm, k\u00f5rgus 75 cm.<br \/>\n<strong>T\u00e4iendavad detailid:<\/strong> Puhastuskood SW = LAHUSTI V\u00d5I VESI; lainelised vedrud ja v\u00f6\u00f6; k\u00f5rge tihedusega vaht; lopsakas chenille-polster.<br \/>\n<strong>Kokkupanek:<\/strong> Kokkupandud, ei vaja paigaldust. S\u00e4\u00e4stab aega ja vaeva.<\/p>\n<p>&nbsp;<\/p>\n","protected":false},"excerpt":{"rendered":"<p>Leith LET71PW polsterdatud tool s\u00f6\u00f6gituppa. Leith kollektsiooni kuuluv elegantne tool on kaetud k\u00f5rgeima kvaliteediga chenille-kangaga, mille p\u00e4rlvalge toon lisab igale s\u00f6\u00f6gitoale rafineeritud ilmet. M\u00f6\u00f6bli lihtne vorm, mis tugineb moekatele \u00fcmardatud kujudele, rikastab iga interj\u00f6\u00f6ri. Tooli istmeosa m\u00f5\u00f5tmetega 45,5 x 45,5 cm ja istme k\u00f5rgusega 47 cm pakub mugavat istumiskogemust. K\u00e4etugi on 23 cm k\u00f5rgusel, tagades [&hellip;]<\/p>\n","protected":false},"featured_media":9862,"comment_status":"open","ping_status":"closed","template":"","meta":[],"product_brand":[],"product_cat":[108],"product_tag":[],"class_list":{"0":"post-9861","1":"product","2":"type-product","3":"status-publish","4":"has-post-thumbnail","6":"product_cat-soogitoolid","7":"product_shipping_class-livin-hill","8":"pa_kollektsioon-leith","9":"pa_materjal-puuvill-poluester","10":"pa_varv-valge","12":"first","13":"instock","14":"sale","15":"taxable","16":"shipping-taxable","17":"purchasable","18":"product-type-simple"},"_links":{"self":[{"href":"https:\/\/blankpage.ee\/_ruumist-ruumi\/wp-json\/wp\/v2\/product\/9861","targetHints":{"allow":["GET"]}}],"collection":[{"href":"https:\/\/blankpage.ee\/_ruumist-ruumi\/wp-json\/wp\/v2\/product"}],"about":[{"href":"https:\/\/blankpage.ee\/_ruumist-ruumi\/wp-json\/wp\/v2\/types\/product"}],"replies":[{"embeddable":true,"href":"https:\/\/blankpage.ee\/_ruumist-ruumi\/wp-json\/wp\/v2\/comments?post=9861"}],"wp:featuredmedia":[{"embeddable":true,"href":"https:\/\/blankpage.ee\/_ruumist-ruumi\/wp-json\/wp\/v2\/media\/9862"}],"wp:attachment":[{"href":"https:\/\/blankpage.ee\/_ruumist-ruumi\/wp-json\/wp\/v2\/media?parent=9861"}],"wp:term":[{"taxonomy":"product_brand","embeddable":true,"href":"https:\/\/blankpage.ee\/_ruumist-ruumi\/wp-json\/wp\/v2\/product_brand?post=9861"},{"taxonomy":"product_cat","embeddable":true,"href":"https:\/\/blankpage.ee\/_ruumist-ruumi\/wp-json\/wp\/v2\/product_cat?post=9861"},{"taxonomy":"product_tag","embeddable":true,"href":"https:\/\/blankpage.ee\/_ruumist-ruumi\/wp-json\/wp\/v2\/product_tag?post=9861"}],"curies":[{"name":"wp","href":"https:\/\/api.w.org\/{rel}","templated":true}]}}