{"id":9867,"date":"2024-11-01T17:53:29","date_gmt":"2024-11-01T17:53:29","guid":{"rendered":"https:\/\/ruumistruumi.ee\/pood\/beez-polsterdatud-tool-leith-let77l-puuvill-ja-poluester-alus-popliist\/"},"modified":"2025-04-10T11:59:04","modified_gmt":"2025-04-10T11:59:04","slug":"beez-polsterdatud-tool-leith-let77l-puuvill-ja-poluester","status":"publish","type":"product","link":"https:\/\/blankpage.ee\/_ruumist-ruumi\/pood\/beez-polsterdatud-tool-leith-let77l-puuvill-ja-poluester\/","title":{"rendered":"Bee\u017e polsterdatud tool Leith LET77L, puuvill ja pol\u00fcester"},"content":{"rendered":"<p>Leith LET77L polsterdatud tool s\u00f6\u00f6gituppa. See kaasaegne tool on kaetud k\u00f5rgeima kvaliteediga kangaga, mille hele kreemjas v\u00e4rv lisab ruumile elegantsi. Tooli lihtne vorm p\u00f5hineb moekatel \u00fcmaratel joonistel ning kogu struktuur on kaetud materjaliga, mis loob \u00fchtse ja stiilse v\u00e4limuse.<\/p>\n<p>Leith kollektsiooni kuuluv tool on valmistatud puuvillast ja pol\u00fcestrist, pakkudes vastupidavust ja mugavust. Alus on valmistatud Paulownia puidust vineerist, mis tagab stabiilsuse ja pikaealisuse. Tooli m\u00f5\u00f5tmed on ideaalne tasakaal praktilisuse ja mugavuse vahel: laius 62 cm, s\u00fcgavus 58 cm ja k\u00f5rgus 80 cm. T\u00e4nu oma lihtsale ja elegantsele disainile sobib see tool suurep\u00e4raselt nii kaasaegsesse kui ka klassikalisse s\u00f6\u00f6gituppa.<\/p>\n<p>Omadused:<br \/>\n<strong>Materjal:<\/strong> Puuvill, pol\u00fcester; alus: Paulownia puidust vineer.<br \/>\n<strong>V\u00e4rv:<\/strong> Hele kreem.<br \/>\n<strong>M\u00f5\u00f5tmed:<\/strong> Laius 62 cm, s\u00fcgavus 58 cm, k\u00f5rgus 80 cm.<br \/>\n<strong>T\u00e4iendavad detailid:<\/strong> Kokkupandud, ei vaja paigaldust. S\u00e4\u00e4stab aega ja vaeva.<\/p>\n<p>&nbsp;<\/p>\n","protected":false},"excerpt":{"rendered":"<p>Leith LET77L polsterdatud tool s\u00f6\u00f6gituppa. See kaasaegne tool on kaetud k\u00f5rgeima kvaliteediga kangaga, mille hele kreemjas v\u00e4rv lisab ruumile elegantsi. Tooli lihtne vorm p\u00f5hineb moekatel \u00fcmaratel joonistel ning kogu struktuur on kaetud materjaliga, mis loob \u00fchtse ja stiilse v\u00e4limuse. Leith kollektsiooni kuuluv tool on valmistatud puuvillast ja pol\u00fcestrist, pakkudes vastupidavust ja mugavust. Alus on valmistatud [&hellip;]<\/p>\n","protected":false},"featured_media":9868,"comment_status":"open","ping_status":"closed","template":"","meta":[],"product_brand":[],"product_cat":[108],"product_tag":[],"class_list":{"0":"post-9867","1":"product","2":"type-product","3":"status-publish","4":"has-post-thumbnail","6":"product_cat-soogitoolid","7":"product_shipping_class-livin-hill","8":"pa_kollektsioon-leith","9":"pa_materjal-puuvill-poluester","10":"pa_varv-beez","12":"first","13":"instock","14":"sale","15":"taxable","16":"shipping-taxable","17":"purchasable","18":"product-type-simple"},"_links":{"self":[{"href":"https:\/\/blankpage.ee\/_ruumist-ruumi\/wp-json\/wp\/v2\/product\/9867","targetHints":{"allow":["GET"]}}],"collection":[{"href":"https:\/\/blankpage.ee\/_ruumist-ruumi\/wp-json\/wp\/v2\/product"}],"about":[{"href":"https:\/\/blankpage.ee\/_ruumist-ruumi\/wp-json\/wp\/v2\/types\/product"}],"replies":[{"embeddable":true,"href":"https:\/\/blankpage.ee\/_ruumist-ruumi\/wp-json\/wp\/v2\/comments?post=9867"}],"wp:featuredmedia":[{"embeddable":true,"href":"https:\/\/blankpage.ee\/_ruumist-ruumi\/wp-json\/wp\/v2\/media\/9868"}],"wp:attachment":[{"href":"https:\/\/blankpage.ee\/_ruumist-ruumi\/wp-json\/wp\/v2\/media?parent=9867"}],"wp:term":[{"taxonomy":"product_brand","embeddable":true,"href":"https:\/\/blankpage.ee\/_ruumist-ruumi\/wp-json\/wp\/v2\/product_brand?post=9867"},{"taxonomy":"product_cat","embeddable":true,"href":"https:\/\/blankpage.ee\/_ruumist-ruumi\/wp-json\/wp\/v2\/product_cat?post=9867"},{"taxonomy":"product_tag","embeddable":true,"href":"https:\/\/blankpage.ee\/_ruumist-ruumi\/wp-json\/wp\/v2\/product_tag?post=9867"}],"curies":[{"name":"wp","href":"https:\/\/api.w.org\/{rel}","templated":true}]}}