{"id":9873,"date":"2024-11-01T17:54:00","date_gmt":"2024-11-01T17:54:00","guid":{"rendered":"https:\/\/ruumistruumi.ee\/pood\/polenud-siinnia-tugitool-leith-let77s-veluuri-kangast-alus-popliidust-vineer\/"},"modified":"2025-06-17T08:58:34","modified_gmt":"2025-06-17T08:58:34","slug":"pruun-polsterdatud-tool-leith-let77s-veluurkangast","status":"publish","type":"product","link":"https:\/\/blankpage.ee\/_ruumist-ruumi\/pood\/pruun-polsterdatud-tool-leith-let77s-veluurkangast\/","title":{"rendered":"Pruun polsterdatud tool Leith LET77S, veluurkangast"},"content":{"rendered":"<p>Leith LET77S polsterdatud tool s\u00f6\u00f6gituppa. See tool on osa Leith kollektsioonist ja toob kaasaegse elegantsi igasse s\u00f6\u00f6gituppa. Tooli moodne disain, mis on kaetud kvaliteetse veluurkangaga, loob hubase ja stiilse istumiskoha. P\u00f5letatud sienna v\u00e4rv lisab ruumile soojust ja isikup\u00e4ra, samas kui lihtne vorm ja \u00fcmarad jooned pakuvad silmailu ning mugavust.<\/p>\n<p>Leith LET77S tooli unikaalsus peitub selle materjalides ja viimistluses. Pehme veluurkangas on meeldiv katsuda ning vastupidav, tagades tooli pikaajalise kasutuse. Poplarvineerist valmistatud alus annab toolile stabiilsuse ja tugevuse, samal ajal kui kogu konstruktsioon on kaetud kangaga, mis loob \u00fchtse ja viimistletud v\u00e4limuse. Tool on kokkupandud, ei vaja paigaldust, s\u00e4\u00e4stes aega ja vaeva.<\/p>\n<p>Omadused:<br \/>\n<strong>Materjal:<\/strong> Veluurkangas; alus: poplarvineer.<br \/>\n<strong>V\u00e4rv:<\/strong> P\u00f5letatud sienna.<br \/>\n<strong>M\u00f5\u00f5tmed:<\/strong> Laius: 62 cm, S\u00fcgavus: 58 cm, K\u00f5rgus: 80 cm.<br \/>\n<strong>T\u00e4iendavad detailid:<\/strong> Kokkupandud, ei vaja paigaldust. S\u00e4\u00e4stab aega ja vaeva.<\/p>\n<p>&nbsp;<\/p>\n","protected":false},"excerpt":{"rendered":"<p>Leith LET77S polsterdatud tool s\u00f6\u00f6gituppa. See tool on osa Leith kollektsioonist ja toob kaasaegse elegantsi igasse s\u00f6\u00f6gituppa. Tooli moodne disain, mis on kaetud kvaliteetse veluurkangaga, loob hubase ja stiilse istumiskoha. P\u00f5letatud sienna v\u00e4rv lisab ruumile soojust ja isikup\u00e4ra, samas kui lihtne vorm ja \u00fcmarad jooned pakuvad silmailu ning mugavust. Leith LET77S tooli unikaalsus peitub selle [&hellip;]<\/p>\n","protected":false},"featured_media":9874,"comment_status":"open","ping_status":"closed","template":"","meta":[],"product_brand":[],"product_cat":[108],"product_tag":[],"class_list":{"0":"post-9873","1":"product","2":"type-product","3":"status-publish","4":"has-post-thumbnail","6":"product_cat-soogitoolid","7":"product_shipping_class-livin-hill","8":"pa_kollektsioon-leith","9":"pa_materjal-veluur-alus-popliit-veluur-alus-popliit","10":"pa_varv-pruun","12":"first","13":"instock","14":"sale","15":"taxable","16":"shipping-taxable","17":"purchasable","18":"product-type-simple"},"_links":{"self":[{"href":"https:\/\/blankpage.ee\/_ruumist-ruumi\/wp-json\/wp\/v2\/product\/9873","targetHints":{"allow":["GET"]}}],"collection":[{"href":"https:\/\/blankpage.ee\/_ruumist-ruumi\/wp-json\/wp\/v2\/product"}],"about":[{"href":"https:\/\/blankpage.ee\/_ruumist-ruumi\/wp-json\/wp\/v2\/types\/product"}],"replies":[{"embeddable":true,"href":"https:\/\/blankpage.ee\/_ruumist-ruumi\/wp-json\/wp\/v2\/comments?post=9873"}],"wp:featuredmedia":[{"embeddable":true,"href":"https:\/\/blankpage.ee\/_ruumist-ruumi\/wp-json\/wp\/v2\/media\/9874"}],"wp:attachment":[{"href":"https:\/\/blankpage.ee\/_ruumist-ruumi\/wp-json\/wp\/v2\/media?parent=9873"}],"wp:term":[{"taxonomy":"product_brand","embeddable":true,"href":"https:\/\/blankpage.ee\/_ruumist-ruumi\/wp-json\/wp\/v2\/product_brand?post=9873"},{"taxonomy":"product_cat","embeddable":true,"href":"https:\/\/blankpage.ee\/_ruumist-ruumi\/wp-json\/wp\/v2\/product_cat?post=9873"},{"taxonomy":"product_tag","embeddable":true,"href":"https:\/\/blankpage.ee\/_ruumist-ruumi\/wp-json\/wp\/v2\/product_tag?post=9873"}],"curies":[{"name":"wp","href":"https:\/\/api.w.org\/{rel}","templated":true}]}}