{"id":9880,"date":"2024-11-01T17:54:34","date_gmt":"2024-11-01T17:54:34","guid":{"rendered":"https:\/\/ruumistruumi.ee\/pood\/sage-green-polsterdatud-tool-leith-let77ds-puuvill-ja-poluester-alus-poppelipuit\/"},"modified":"2025-04-10T11:59:05","modified_gmt":"2025-04-10T11:59:05","slug":"heleroheline-polsterdatud-tool-leith-let77ds-puuvill-ja-poluester","status":"publish","type":"product","link":"https:\/\/blankpage.ee\/_ruumist-ruumi\/pood\/heleroheline-polsterdatud-tool-leith-let77ds-puuvill-ja-poluester\/","title":{"rendered":"Heleroheline polsterdatud tool Leith LET77DS, puuvill ja pol\u00fcester"},"content":{"rendered":"<p>Leith LET77DS polsterdatud tool s\u00f6\u00f6gituppa. See kaasaegne tool, mis on kaetud salveirohelise kvaliteetse kangaga, lisab teie s\u00f6\u00f6gitoale stiilset elegantsi. Lihtne vorm, mis p\u00f5hineb moekatel \u00fcmaratel kujunditel, loob hubase ja kutsuva atmosf\u00e4\u00e4ri. Tooli konstruktsioon on t\u00e4ielikult kaetud materjaliga, andes sellele \u00fchtlase ja viimistletud v\u00e4limuse.<\/p>\n<p>Leith kollektsiooni kuuluv tool on valmistatud puuvillast ja pol\u00fcestrist, pakkudes vastupidavust ja mugavust. Alus on valmistatud Paulownia puidust vineerist, mis tagab stabiilsuse ja pikaealisuse. Salveiroheline v\u00e4rv lisab ruumile rahulikkust ja harmooniat, sobitudes erinevate sisekujundusstiilidega.<\/p>\n<p>Omadused:<br \/>\n<strong>Materjal:<\/strong> Puuvill, pol\u00fcester; alus: Paulownia puidust vineer.<br \/>\n<strong>V\u00e4rv:<\/strong> Salveiroheline.<br \/>\n<strong>M\u00f5\u00f5tmed:<\/strong> Laius: 62 cm, s\u00fcgavus: 58 cm, k\u00f5rgus: 80 cm.<br \/>\n<strong>T\u00e4iendavad detailid:<\/strong> Kokkupandud, ei vaja paigaldust. S\u00e4\u00e4stab aega ja vaeva.<\/p>\n<p>&nbsp;<\/p>\n","protected":false},"excerpt":{"rendered":"<p>Leith LET77DS polsterdatud tool s\u00f6\u00f6gituppa. See kaasaegne tool, mis on kaetud salveirohelise kvaliteetse kangaga, lisab teie s\u00f6\u00f6gitoale stiilset elegantsi. Lihtne vorm, mis p\u00f5hineb moekatel \u00fcmaratel kujunditel, loob hubase ja kutsuva atmosf\u00e4\u00e4ri. Tooli konstruktsioon on t\u00e4ielikult kaetud materjaliga, andes sellele \u00fchtlase ja viimistletud v\u00e4limuse. Leith kollektsiooni kuuluv tool on valmistatud puuvillast ja pol\u00fcestrist, pakkudes vastupidavust ja [&hellip;]<\/p>\n","protected":false},"featured_media":9881,"comment_status":"open","ping_status":"closed","template":"","meta":[],"product_brand":[],"product_cat":[108],"product_tag":[],"class_list":{"0":"post-9880","1":"product","2":"type-product","3":"status-publish","4":"has-post-thumbnail","6":"product_cat-soogitoolid","7":"product_shipping_class-livin-hill","8":"pa_kollektsioon-leith","9":"pa_materjal-puuvill-poluester","10":"pa_varv-roheline","12":"first","13":"instock","14":"sale","15":"taxable","16":"shipping-taxable","17":"purchasable","18":"product-type-simple"},"_links":{"self":[{"href":"https:\/\/blankpage.ee\/_ruumist-ruumi\/wp-json\/wp\/v2\/product\/9880","targetHints":{"allow":["GET"]}}],"collection":[{"href":"https:\/\/blankpage.ee\/_ruumist-ruumi\/wp-json\/wp\/v2\/product"}],"about":[{"href":"https:\/\/blankpage.ee\/_ruumist-ruumi\/wp-json\/wp\/v2\/types\/product"}],"replies":[{"embeddable":true,"href":"https:\/\/blankpage.ee\/_ruumist-ruumi\/wp-json\/wp\/v2\/comments?post=9880"}],"wp:featuredmedia":[{"embeddable":true,"href":"https:\/\/blankpage.ee\/_ruumist-ruumi\/wp-json\/wp\/v2\/media\/9881"}],"wp:attachment":[{"href":"https:\/\/blankpage.ee\/_ruumist-ruumi\/wp-json\/wp\/v2\/media?parent=9880"}],"wp:term":[{"taxonomy":"product_brand","embeddable":true,"href":"https:\/\/blankpage.ee\/_ruumist-ruumi\/wp-json\/wp\/v2\/product_brand?post=9880"},{"taxonomy":"product_cat","embeddable":true,"href":"https:\/\/blankpage.ee\/_ruumist-ruumi\/wp-json\/wp\/v2\/product_cat?post=9880"},{"taxonomy":"product_tag","embeddable":true,"href":"https:\/\/blankpage.ee\/_ruumist-ruumi\/wp-json\/wp\/v2\/product_tag?post=9880"}],"curies":[{"name":"wp","href":"https:\/\/api.w.org\/{rel}","templated":true}]}}