{"id":9886,"date":"2024-11-01T17:55:06","date_gmt":"2024-11-01T17:55:06","guid":{"rendered":"https:\/\/ruumistruumi.ee\/pood\/tumesinine-polsterdatud-tool-leith-let77b-veluurkangast-alus-popliipuidust\/"},"modified":"2025-04-10T11:59:05","modified_gmt":"2025-04-10T11:59:05","slug":"sinine-polsterdatud-tool-leith-let77b-veluurkangast","status":"publish","type":"product","link":"https:\/\/blankpage.ee\/_ruumist-ruumi\/pood\/sinine-polsterdatud-tool-leith-let77b-veluurkangast\/","title":{"rendered":"Sinine polsterdatud tool Leith LET77B, veluurkangast"},"content":{"rendered":"<p>Leith LET77B polsterdatud tool s\u00f6\u00f6gituppa. See kaasaegne tool on valmistatud k\u00f5rgeima kvaliteediga veluurkangast, mis lisab igale s\u00f6\u00f6gitoale elegantsi ja mugavust. Tooli lihtne kuju p\u00f5hineb moekatel \u00fcmaratel vormidel ning kogu konstruktsioon on kaetud materjaliga, luues \u00fchtse ja stiilse ilme.<\/p>\n<p>Leith kollektsiooni kuuluv tool pakub mitte ainult esteetilist naudingut, vaid ka praktilisust. S\u00fcgavsinine v\u00e4rv lisab ruumile s\u00fcgavust ja isikup\u00e4ra, samas kui poplipuidust vineerist alus tagab vastupidavuse ja stabiilsuse. Selle tooli m\u00f5\u00f5tmed &#8211; laius 62 cm, s\u00fcgavus 58 cm ja k\u00f5rgus 80 cm &#8211; teevad sellest ideaalse valiku nii v\u00e4iksematesse kui ka avaramatesse ruumidesse.<\/p>\n<p>Omadused:<br \/>\n<strong>Materjal:<\/strong> Veluurkangas; alus: poplipuidust vineer.<br \/>\n<strong>V\u00e4rv:<\/strong> S\u00fcgavsinine.<br \/>\n<strong>M\u00f5\u00f5tmed:<\/strong> Laius 62 cm, s\u00fcgavus 58 cm, k\u00f5rgus 80 cm.<br \/>\n<strong>T\u00e4iendavad detailid:<\/strong> Kokkupandud, ei vaja paigaldust. S\u00e4\u00e4stab aega ja vaeva.<\/p>\n<p>&nbsp;<\/p>\n","protected":false},"excerpt":{"rendered":"<p>Leith LET77B polsterdatud tool s\u00f6\u00f6gituppa. See kaasaegne tool on valmistatud k\u00f5rgeima kvaliteediga veluurkangast, mis lisab igale s\u00f6\u00f6gitoale elegantsi ja mugavust. Tooli lihtne kuju p\u00f5hineb moekatel \u00fcmaratel vormidel ning kogu konstruktsioon on kaetud materjaliga, luues \u00fchtse ja stiilse ilme. Leith kollektsiooni kuuluv tool pakub mitte ainult esteetilist naudingut, vaid ka praktilisust. S\u00fcgavsinine v\u00e4rv lisab ruumile s\u00fcgavust [&hellip;]<\/p>\n","protected":false},"featured_media":9887,"comment_status":"open","ping_status":"closed","template":"","meta":[],"product_brand":[],"product_cat":[108],"product_tag":[],"class_list":{"0":"post-9886","1":"product","2":"type-product","3":"status-publish","4":"has-post-thumbnail","6":"product_cat-soogitoolid","7":"product_shipping_class-livin-hill","8":"pa_kollektsioon-leith","9":"pa_materjal-veluur-alus-popliit-veluur-popliit-veluur","10":"pa_varv-sinine","12":"first","13":"instock","14":"sale","15":"taxable","16":"shipping-taxable","17":"purchasable","18":"product-type-simple"},"_links":{"self":[{"href":"https:\/\/blankpage.ee\/_ruumist-ruumi\/wp-json\/wp\/v2\/product\/9886","targetHints":{"allow":["GET"]}}],"collection":[{"href":"https:\/\/blankpage.ee\/_ruumist-ruumi\/wp-json\/wp\/v2\/product"}],"about":[{"href":"https:\/\/blankpage.ee\/_ruumist-ruumi\/wp-json\/wp\/v2\/types\/product"}],"replies":[{"embeddable":true,"href":"https:\/\/blankpage.ee\/_ruumist-ruumi\/wp-json\/wp\/v2\/comments?post=9886"}],"wp:featuredmedia":[{"embeddable":true,"href":"https:\/\/blankpage.ee\/_ruumist-ruumi\/wp-json\/wp\/v2\/media\/9887"}],"wp:attachment":[{"href":"https:\/\/blankpage.ee\/_ruumist-ruumi\/wp-json\/wp\/v2\/media?parent=9886"}],"wp:term":[{"taxonomy":"product_brand","embeddable":true,"href":"https:\/\/blankpage.ee\/_ruumist-ruumi\/wp-json\/wp\/v2\/product_brand?post=9886"},{"taxonomy":"product_cat","embeddable":true,"href":"https:\/\/blankpage.ee\/_ruumist-ruumi\/wp-json\/wp\/v2\/product_cat?post=9886"},{"taxonomy":"product_tag","embeddable":true,"href":"https:\/\/blankpage.ee\/_ruumist-ruumi\/wp-json\/wp\/v2\/product_tag?post=9886"}],"curies":[{"name":"wp","href":"https:\/\/api.w.org\/{rel}","templated":true}]}}