{"id":9942,"date":"2024-11-01T09:59:58","date_gmt":"2024-11-01T09:59:58","guid":{"rendered":"https:\/\/ruumistruumi.ee\/pood\/elevandiluu-varvi-kohvilaud-limena-li822-kummipuidust-ja-vineerist\/"},"modified":"2025-04-10T11:56:46","modified_gmt":"2025-04-10T11:56:46","slug":"elevandiluu-varvi-kohvilaud-limena-li822-kummipuidust-ja-vineerist","status":"publish","type":"product","link":"https:\/\/blankpage.ee\/_ruumist-ruumi\/pood\/elevandiluu-varvi-kohvilaud-limena-li822-kummipuidust-ja-vineerist\/","title":{"rendered":"Elevandiluu v\u00e4rvi kohvilaud Limena LI822, kummipuidust"},"content":{"rendered":"<p>Limena LI822 kohvilaud elutuppa. See elegantne, k\u00e4sitsi v\u00e4rvitud kohvilaud provansi stiilis sirgete jalgadega lisab teie elutuppa ajatut v\u00f5lu. Kreemjas pooll\u00e4ikiv korpus koos kulunud detailidega ning harjatud, pruun pealispind koos n\u00e4htava struktuuriga annavad sellele lauale ainulaadse iseloomu. Dekoratiivne messingist metallk\u00e4epide lisab peeneid aktsente.<\/p>\n<p>Limena LI822 kohvilaud on valmistatud kummipuust ja vineerist, mis tagab vastupidavuse ja pikaealisuse. Laua hele pruun pealispind koos kreemja korpusega loob harmoonilise v\u00e4rvikombinatsiooni, mis sobib erinevate sisekujundusstiilidega. Laua m\u00f5\u00f5tmed \u2013 laius 120 cm, s\u00fcgavus 60 cm ja k\u00f5rgus 48 cm \u2013 teevad sellest praktilise valiku nii suurematesse kui ka v\u00e4iksematesse elutubadesse.<\/p>\n<p>Omadused:<br \/>\n<strong>Materjal:<\/strong> Kummipuu ja vineer.<br \/>\n<strong>V\u00e4rv:<\/strong> Korpus elevandiluu toonis, pealispind hele pruun.<br \/>\n<strong>M\u00f5\u00f5tmed:<\/strong> Laius 120 cm, s\u00fcgavus 60 cm, k\u00f5rgus 48 cm.<br \/>\n<strong>T\u00e4iendavad detailid:<\/strong> Osaliselt kokku pandud, h\u00f5lbustades paigaldamist. Metallist k\u00e4epidemed.<\/p>\n<p>&nbsp;<\/p>\n","protected":false},"excerpt":{"rendered":"<p>Limena LI822 kohvilaud elutuppa. See elegantne, k\u00e4sitsi v\u00e4rvitud kohvilaud provansi stiilis sirgete jalgadega lisab teie elutuppa ajatut v\u00f5lu. Kreemjas pooll\u00e4ikiv korpus koos kulunud detailidega ning harjatud, pruun pealispind koos n\u00e4htava struktuuriga annavad sellele lauale ainulaadse iseloomu. Dekoratiivne messingist metallk\u00e4epide lisab peeneid aktsente. Limena LI822 kohvilaud on valmistatud kummipuust ja vineerist, mis tagab vastupidavuse ja pikaealisuse. [&hellip;]<\/p>\n","protected":false},"featured_media":4783,"comment_status":"open","ping_status":"closed","template":"","meta":[],"product_brand":[],"product_cat":[118],"product_tag":[],"class_list":{"0":"post-9942","1":"product","2":"type-product","3":"status-publish","4":"has-post-thumbnail","6":"product_cat-diivanilauad","7":"product_shipping_class-livin-hill","8":"pa_kaepidemed-metall","9":"pa_kollektsioon-limena","10":"pa_materjal-kummipuit","11":"pa_sahtlite-arv-87","12":"pa_varv-elevandiluukarva","14":"first","15":"instock","16":"sale","17":"taxable","18":"shipping-taxable","19":"purchasable","20":"product-type-simple"},"_links":{"self":[{"href":"https:\/\/blankpage.ee\/_ruumist-ruumi\/wp-json\/wp\/v2\/product\/9942","targetHints":{"allow":["GET"]}}],"collection":[{"href":"https:\/\/blankpage.ee\/_ruumist-ruumi\/wp-json\/wp\/v2\/product"}],"about":[{"href":"https:\/\/blankpage.ee\/_ruumist-ruumi\/wp-json\/wp\/v2\/types\/product"}],"replies":[{"embeddable":true,"href":"https:\/\/blankpage.ee\/_ruumist-ruumi\/wp-json\/wp\/v2\/comments?post=9942"}],"wp:featuredmedia":[{"embeddable":true,"href":"https:\/\/blankpage.ee\/_ruumist-ruumi\/wp-json\/wp\/v2\/media\/4783"}],"wp:attachment":[{"href":"https:\/\/blankpage.ee\/_ruumist-ruumi\/wp-json\/wp\/v2\/media?parent=9942"}],"wp:term":[{"taxonomy":"product_brand","embeddable":true,"href":"https:\/\/blankpage.ee\/_ruumist-ruumi\/wp-json\/wp\/v2\/product_brand?post=9942"},{"taxonomy":"product_cat","embeddable":true,"href":"https:\/\/blankpage.ee\/_ruumist-ruumi\/wp-json\/wp\/v2\/product_cat?post=9942"},{"taxonomy":"product_tag","embeddable":true,"href":"https:\/\/blankpage.ee\/_ruumist-ruumi\/wp-json\/wp\/v2\/product_tag?post=9942"}],"curies":[{"name":"wp","href":"https:\/\/api.w.org\/{rel}","templated":true}]}}